{"id":15,"date":"2024-07-08T10:25:04","date_gmt":"2024-07-08T10:25:04","guid":{"rendered":"http:\/\/sw-themes.com\/porto_dummy\/?page_id=15"},"modified":"2026-04-16T09:04:01","modified_gmt":"2026-04-16T09:04:01","slug":"uber-uns","status":"publish","type":"page","link":"https:\/\/muccosignal.com\/de\/uber-uns\/","title":{"rendered":"\u00dcber uns"},"content":{"rendered":"<div data-elementor-type=\"wp-page\" data-elementor-id=\"15\" class=\"elementor elementor-15\">\n\t\t\t\t<div class=\"elementor-element elementor-element-f6a47be e-con-full e-flex e-con e-parent\" data-id=\"f6a47be\" data-element_type=\"container\" data-e-type=\"container\">\r\n\t\t<div class=\"elementor-element elementor-element-4532323 e-con-full e-flex e-con e-child\" data-id=\"4532323\" data-element_type=\"container\" data-e-type=\"container\">\r\n\t\t\t\t<div class=\"elementor-element elementor-element-36c5356 elementor-widget__width-inherit d-lg-none d-xl-block elementor-widget elementor-widget-image\" data-id=\"36c5356\" data-element_type=\"widget\" data-e-type=\"widget\" data-widget_type=\"image.default\">\n\t\t\t\t\t\t\t\t\t\t\t\t\t\t\t<img fetchpriority=\"high\" decoding=\"async\" width=\"579\" height=\"736\" src=\"https:\/\/muccosignal.com\/wp-content\/uploads\/images\/mucco-dizgi-e1776330234925.jpg\" class=\"attachment-full size-full wp-image-15864\" alt=\"\" srcset=\"https:\/\/muccosignal.com\/wp-content\/uploads\/images\/mucco-dizgi-e1776330234925.jpg 579w, https:\/\/muccosignal.com\/wp-content\/uploads\/images\/mucco-dizgi-e1776330234925-400x508.jpg 400w\" sizes=\"(max-width: 579px) 100vw, 579px\" \/>\t\t\t\t\t\t\t\t\t\t\t\t\t\t\t<\/div>\n\t\t\t\t<div class=\"elementor-element elementor-element-a0e1806 elementor-widget__width-inherit elementor-widget elementor-widget-image\" data-id=\"a0e1806\" data-element_type=\"widget\" data-e-type=\"widget\" data-widget_type=\"image.default\">\n\t\t\t\t\t\t\t\t\t\t\t\t\t\t\t<img decoding=\"async\" width=\"524\" height=\"627\" src=\"https:\/\/muccosignal.com\/wp-content\/uploads\/images\/muccopcb.jpg\" class=\"attachment-full size-full wp-image-15865\" alt=\"\" \/>\t\t\t\t\t\t\t\t\t\t\t\t\t\t\t<\/div>\n\t\t\t\t<\/div>\n\t\t<div class=\"elementor-element elementor-element-a473f42 e-con-full e-flex e-con e-child\" data-id=\"a473f42\" data-element_type=\"container\" data-e-type=\"container\">\r\n\t\t\t\t<div class=\"elementor-element elementor-element-e128686 elementor-widget elementor-widget-porto_ultimate_heading\" data-id=\"e128686\" data-element_type=\"widget\" data-e-type=\"widget\" data-widget_type=\"porto_ultimate_heading.default\">\n\t\t\t\t\t<div class=\"porto-u-heading  porto-u-55ca8359258f9a412be7e73af65d2aac\"><style>.porto-u-55ca8359258f9a412be7e73af65d2aac.porto-u-heading{text-align:center}<\/style><\/div>\t\t\t\t<\/div>\n\t\t\t\t<div class=\"elementor-element elementor-element-408b580 elementor-widget elementor-widget-heading\" data-id=\"408b580\" data-element_type=\"widget\" data-e-type=\"widget\" data-widget_type=\"heading.default\">\n\t\t\t\t\t<p class=\"elementor-heading-title elementor-size-default\">Welcome to Mucco Sinyalteknik, where industrial safety meets smart visual and audible communication. Based in T\u00fcrkiye, we design and manufacture stack lights, signal beacons, obstruction lights, and warning horns for machinery, automation lines, and industrial plants. As a global company exporting to more than 105 countries, we proudly deliver reliable signalling solutions to customers worldwide.<\/p>\t\t\t\t<\/div>\n\t\t\t\t<div class=\"elementor-element elementor-element-9617f39 elementor-widget elementor-widget-heading\" data-id=\"9617f39\" data-element_type=\"widget\" data-e-type=\"widget\" data-widget_type=\"heading.default\">\n\t\t\t\t\t<p class=\"elementor-heading-title elementor-size-default\"><p data-start=\"560\" data-end=\"868\">Unsere Mission ist einfach: Maschinenstatus und Alarme auf einen Blick erkennbar zu machen - selbst in den schwierigsten Umgebungen. Von kompakten Signalleuchten f\u00fcr Schalttafeln bis hin zu hochintensiven Warnhupen f\u00fcr Kr\u00e4ne, Aufz\u00fcge und Produktionslinien - jedes Mucco-Produkt ist so konzipiert, dass Bediener schneller reagieren und sicherer arbeiten k\u00f6nnen.<\/p><p data-start=\"870\" data-end=\"1231\">Mit unserer eigenen Forschung und Entwicklung, dem Elektronikdesign und der mechanischen Produktion kontrollieren wir jeden Schritt von der Idee bis zum fertigen Produkt. So k\u00f6nnen wir zuverl\u00e4ssige Qualit\u00e4t, schnelle Lieferung und flexible L\u00f6sungen anbieten, die auf OEMs, Schalttafelbauer und Systemintegratoren zugeschnitten sind. Wenn Sie eine dauerhafte Signall\u00f6sung f\u00fcr Ihre Maschinen ben\u00f6tigen, ist Mucco Sinyalteknik hier, um Sie zu unterst\u00fctzen.<span style=\"font-size: 1rem;letter-spacing: -0.025em\"><\/span><\/p><\/p>\t\t\t\t<\/div>\n\t\t\t\t<\/div>\n\t\t\t\t<\/div>\n\t\t<div class=\"elementor-element elementor-element-cd01467 e-con-full e-flex e-con e-parent\" data-id=\"cd01467\" data-element_type=\"container\" data-e-type=\"container\" data-settings=\"{&quot;background_background&quot;:&quot;classic&quot;}\">\r\n\t\t<div class=\"elementor-element elementor-element-39e8446 e-con-full e-flex e-con e-child\" data-id=\"39e8446\" data-element_type=\"container\" data-e-type=\"container\">\r\n\t\t\t\t<div class=\"elementor-element elementor-element-541a662 mx-xxl-5 px-xxl-5 elementor-widget__width-inherit elementor-widget elementor-widget-image\" data-id=\"541a662\" data-element_type=\"widget\" data-e-type=\"widget\" data-widget_type=\"image.default\">\n\t\t\t\t\t\t\t\t\t\t\t\t\t\t\t<img decoding=\"async\" width=\"1080\" height=\"1080\" src=\"https:\/\/muccosignal.com\/wp-content\/uploads\/images\/kasim-cakmaktas-mucco-ceo.jpg\" class=\"attachment-full size-full wp-image-16190\" alt=\"\" \/>\t\t\t\t\t\t\t\t\t\t\t\t\t\t\t<\/div>\n\t\t\t\t<\/div>\n\t\t<div class=\"elementor-element elementor-element-fb46fe8 e-con-full e-flex e-con e-child\" data-id=\"fb46fe8\" data-element_type=\"container\" data-e-type=\"container\">\r\n\t\t\t\t<div class=\"elementor-element elementor-element-66d911f elementor-widget elementor-widget-heading\" data-id=\"66d911f\" data-element_type=\"widget\" data-e-type=\"widget\" data-widget_type=\"heading.default\">\n\t\t\t\t\t<h2 class=\"elementor-heading-title elementor-size-default\">Unser Gr\u00fcnder<\/h2>\t\t\t\t<\/div>\n\t\t\t\t<div class=\"elementor-element elementor-element-f0da8b4 elementor-widget elementor-widget-heading\" data-id=\"f0da8b4\" data-element_type=\"widget\" data-e-type=\"widget\" data-widget_type=\"heading.default\">\n\t\t\t\t\t<p class=\"elementor-heading-title elementor-size-default\"><p data-start=\"1308\" data-end=\"1590\">Qualit\u00e4t ist unser Eckpfeiler. Mucco-Signalger\u00e4te sind f\u00fcr den realen Industriealltag gebaut - lange Betriebszeiten, Vibrationen, Staub, \u00d6l und raue Witterung. Wir verwenden hochwertiges ABS und Polycarbonat, langlebige LEDs, industrielle Elektronik und sorgf\u00e4ltig ausgew\u00e4hlte Komponenten f\u00fcr jedes Design.<\/p><p data-start=\"1592\" data-end=\"1873\">Jedes Produkt wird elektrischen, thermischen und funktionellen Tests unterzogen, bevor es Ihre Schalttafel oder Maschine erreicht. Vom IP-Schutz bis zu UV-best\u00e4ndigen Linsen wird jedes Detail ausgew\u00e4hlt, damit Ihre Warnleuchten und Hupen Jahr f\u00fcr Jahr mit minimalem Wartungsaufwand und maximaler Sicherheit funktionieren.<\/p><br>KASIM \u00c7AKMAKTA\u015e - GESCH\u00c4FTSF\u00dcHRER\nSinyalteknik Elektrik Otomasyon \u0130th.\u0130hr.San. ve Tic.Ltd.Sti<\/p>\t\t\t\t<\/div>\n\t\t\t\t<\/div>\n\t\t\t\t<\/div>\n\t\t<div class=\"elementor-element elementor-element-86915a7 e-con-full e-flex e-con e-parent\" data-id=\"86915a7\" data-element_type=\"container\" data-e-type=\"container\">\r\n\t\t<div class=\"elementor-element elementor-element-f51951d e-con-full ps-xxl-5 e-flex e-con e-child\" data-id=\"f51951d\" data-element_type=\"container\" data-e-type=\"container\">\r\n\t\t\t\t<div class=\"elementor-element elementor-element-47a8abc elementor-widget elementor-widget-heading\" data-id=\"47a8abc\" data-element_type=\"widget\" data-e-type=\"widget\" data-widget_type=\"heading.default\">\n\t\t\t\t\t<p class=\"elementor-heading-title elementor-size-default\"><p data-start=\"1944\" data-end=\"2251\">Mucco Sinyalteknik wurde von einem Team aus Ingenieuren und Technikern gegr\u00fcndet, die jahrelang in Fabriken, Schalttafeln und Automatisierungslinien gearbeitet haben. Nachdem sie gesehen hatten, dass importierte Signalisierungsprodukte zu oft versagten - oder zu teuer f\u00fcr lokale Projekte wurden - beschlossen sie, ihre eigenen L\u00f6sungen zu entwickeln und zu bauen.<\/p>\n<p data-start=\"2253\" data-end=\"2645\">Unsere Gr\u00fcnder, die \u00fcber umfangreiche Erfahrungen in den Bereichen Elektronik, Leiterplattendesign und Industrieautomatisierung verf\u00fcgen, begannen mit der Entwicklung von Stapelleuchten und Leuchtfeuern, die anspruchsvollen Bedingungen standhalten, ohne an Helligkeit oder Zuverl\u00e4ssigkeit einzub\u00fc\u00dfen. Was mit einer kleinen Werkstatt in der T\u00fcrkei begann, hat sich zu einem spezialisierten Hersteller entwickelt, der OEMs, Schalttafelbauer und Integratoren in vielen L\u00e4ndern beliefert.<\/p>\n<p data-start=\"2647\" data-end=\"2944\">Auch heute noch arbeitet das Gr\u00fcnderteam direkt mit den Kunden zusammen und setzt das Feedback aus der Praxis in bessere Produkte und intelligentere Details um. Mucco Sinyalteknik spiegelt weiterhin die gleiche technische Denkweise wider, mit der es begann: praktische, langlebige und professionelle Signall\u00f6sungen f\u00fcr die Industrie.<span style=\"font-size: 1.125rem;letter-spacing: -0.025em\"><\/span><\/p><\/p>\t\t\t\t<\/div>\n\t\t\t\t<\/div>\n\t\t<div class=\"elementor-element elementor-element-caf2937 e-con-full pe-xxl-5 e-flex e-con e-child\" data-id=\"caf2937\" data-element_type=\"container\" data-e-type=\"container\">\r\n\t\t\t\t<div class=\"elementor-element elementor-element-de94188 elementor-widget elementor-widget-image\" data-id=\"de94188\" data-element_type=\"widget\" data-e-type=\"widget\" data-widget_type=\"image.default\">\n\t\t\t\t\t\t\t\t\t\t\t\t\t\t\t<img loading=\"lazy\" decoding=\"async\" width=\"786\" height=\"580\" src=\"https:\/\/muccosignal.com\/wp-content\/uploads\/images\/mucco-homepage-3-e1764588592705.jpg\" class=\"attachment-full size-full wp-image-15459\" alt=\"\" srcset=\"https:\/\/muccosignal.com\/wp-content\/uploads\/images\/mucco-homepage-3-e1764588592705.jpg 786w, https:\/\/muccosignal.com\/wp-content\/uploads\/images\/mucco-homepage-3-e1764588592705-768x567.jpg 768w, https:\/\/muccosignal.com\/wp-content\/uploads\/images\/mucco-homepage-3-e1764588592705-640x472.jpg 640w, https:\/\/muccosignal.com\/wp-content\/uploads\/images\/mucco-homepage-3-e1764588592705-400x295.jpg 400w, https:\/\/muccosignal.com\/wp-content\/uploads\/images\/mucco-homepage-3-e1764588592705-600x443.jpg 600w\" sizes=\"(max-width: 786px) 100vw, 786px\" \/>\t\t\t\t\t\t\t\t\t\t\t\t\t\t\t<\/div>\n\t\t\t\t<\/div>\n\t\t\t\t<\/div>\n\t\t\t\t<\/div>","protected":false},"excerpt":{"rendered":"<p>Welcome to Mucco Sinyalteknik, where industrial safety meets smart visual and audible communication. Based in T\u00fcrkiye, we design and manufacture stack lights, signal beacons, obstruction lights, and warning horns for machinery, automation lines, and industrial plants. As a global company exporting to more than 105 countries, we proudly deliver reliable signalling solutions to customers worldwide. [&hellip;]<\/p>\n","protected":false},"author":1,"featured_media":0,"parent":0,"menu_order":0,"comment_status":"closed","ping_status":"closed","template":"","meta":{"content-type":"","footnotes":""},"class_list":["post-15","page","type-page","status-publish","hentry"],"_links":{"self":[{"href":"https:\/\/muccosignal.com\/de\/wp-json\/wp\/v2\/pages\/15","targetHints":{"allow":["GET"]}}],"collection":[{"href":"https:\/\/muccosignal.com\/de\/wp-json\/wp\/v2\/pages"}],"about":[{"href":"https:\/\/muccosignal.com\/de\/wp-json\/wp\/v2\/types\/page"}],"author":[{"embeddable":true,"href":"https:\/\/muccosignal.com\/de\/wp-json\/wp\/v2\/users\/1"}],"replies":[{"embeddable":true,"href":"https:\/\/muccosignal.com\/de\/wp-json\/wp\/v2\/comments?post=15"}],"version-history":[{"count":6,"href":"https:\/\/muccosignal.com\/de\/wp-json\/wp\/v2\/pages\/15\/revisions"}],"predecessor-version":[{"id":39978,"href":"https:\/\/muccosignal.com\/de\/wp-json\/wp\/v2\/pages\/15\/revisions\/39978"}],"wp:attachment":[{"href":"https:\/\/muccosignal.com\/de\/wp-json\/wp\/v2\/media?parent=15"}],"curies":[{"name":"wp","href":"https:\/\/api.w.org\/{rel}","templated":true}]}}