{"id":12,"date":"2025-12-03T11:03:25","date_gmt":"2025-12-03T11:03:25","guid":{"rendered":"http:\/\/localhost:10004\/?page_id=12"},"modified":"2025-12-03T11:23:09","modified_gmt":"2025-12-03T11:23:09","slug":"devoluciones_devolucion","status":"publish","type":"page","link":"https:\/\/muccosignal.com\/es\/devoluciones_devolucion\/","title":{"rendered":"Pol\u00edtica de devoluciones y reembolsos"},"content":{"rendered":"<div data-elementor-type=\"wp-page\" data-elementor-id=\"12\" class=\"elementor elementor-12\">\n\t\t\t\t<div class=\"elementor-element elementor-element-260a0a07 e-flex e-con-boxed e-con e-parent\" data-id=\"260a0a07\" data-element_type=\"container\" data-e-type=\"container\">\r\n\t\t\t\t\t<div class=\"e-con-inner\">\r\n\t\t\t\t<div class=\"elementor-element elementor-element-26e440a6 elementor-widget elementor-widget-text-editor\" data-id=\"26e440a6\" data-element_type=\"widget\" data-e-type=\"widget\" data-widget_type=\"text-editor.default\">\n\t\t\t\t\t\t\t\t\t\n<p><strong>\u00daltima actualizaci\u00f3n: 03 diciembre 2025<\/strong><\/p>\n\n\n\n<p>Gracias por comprar en <strong>Mucco Sinyalteknik<\/strong>.<br>Lea atentamente esta Pol\u00edtica de devoluciones y reembolsos antes de realizar un pedido.<\/p>\n\n\n\n<p>Al realizar un pedido en nuestro sitio web, usted acepta las condiciones que figuran a continuaci\u00f3n.<\/p>\n\n\n\n<hr class=\"wp-block-separator has-alpha-channel-opacity\"\/>\n\n\n\n<h3 class=\"wp-block-heading\">1. Pol\u00edtica general - No hay devoluciones \/ No hay reembolsos<\/h3>\n\n\n\n<p>Debido al car\u00e1cter t\u00e9cnico e industrial de nuestros productos, <strong>no aceptamos devoluciones ni reembolsos<\/strong> para productos entregados correctamente y no defectuosos.<\/p>\n\n\n\n<ul class=\"wp-block-list\">\n<li>No hay devoluciones por \u201ccambio de opini\u00f3n<\/li>\n\n\n\n<li>No se admiten devoluciones por pedir un modelo, color o especificaci\u00f3n equivocados.<\/li>\n\n\n\n<li>No se reembolsar\u00e1n los productos ya instalados, utilizados o conectados a cualquier sistema.<\/li>\n<\/ul>\n\n\n\n<p>Todas las ventas se consideran <strong>final<\/strong>, excepto en los casos limitados descritos en la Secci\u00f3n 2 (Art\u00edculos da\u00f1ados o incorrectos).<\/p>\n\n\n\n<hr class=\"wp-block-separator has-alpha-channel-opacity\"\/>\n\n\n\n<h3 class=\"wp-block-heading\">2. Art\u00edculos da\u00f1ados o incorrectos (15 d\u00edas de notificaci\u00f3n)<\/h3>\n\n\n\n<p>Comprobamos y embalamos cuidadosamente todos los pedidos. Sin embargo, si su pedido llega <strong>da\u00f1ado<\/strong> en tr\u00e1nsito, <strong>incompleto<\/strong>, o <strong>incorrecto<\/strong>, debe notific\u00e1rnoslo <strong>en un plazo de 15 (quince) d\u00edas naturales<\/strong> a partir de la fecha de entrega.<\/p>\n\n\n\n<p>Para tramitar una reclamaci\u00f3n de este tipo, debe:<\/p>\n\n\n\n<ol class=\"wp-block-list\">\n<li>Env\u00ede un correo electr\u00f3nico a <strong><a>info@muccosignal.com<\/a><\/strong> en los 15 d\u00edas siguientes a la entrega<\/li>\n\n\n\n<li>Incluir:\n<ul class=\"wp-block-list\">\n<li>N\u00famero de pedido<\/li>\n\n\n\n<li>C\u00f3digo(s) del producto<\/li>\n\n\n\n<li>Fotos claras del producto, el embalaje y la etiqueta de env\u00edo<\/li>\n\n\n\n<li>Breve descripci\u00f3n del asunto<\/li>\n<\/ul>\n<\/li>\n<\/ol>\n\n\n\n<p>Si se aprueba su solicitud, <strong>a nuestra entera discreci\u00f3n<\/strong> podemos:<\/p>\n\n\n\n<ul class=\"wp-block-list\">\n<li>Enviar un producto de sustituci\u00f3n, o<\/li>\n\n\n\n<li>Ofrecer un cr\u00e9dito parcial o total en la tienda (cup\u00f3n) para futuras compras.<\/li>\n<\/ul>\n\n\n\n<p><strong>Por lo general, no se reembolsa en efectivo<\/strong>, excepto cuando lo exija la legislaci\u00f3n aplicable.<\/p>\n\n\n\n<hr class=\"wp-block-separator has-alpha-channel-opacity\"\/>\n\n\n\n<h3 class=\"wp-block-heading\">3. 3. Gastos de env\u00edo<\/h3>\n\n\n\n<ul class=\"wp-block-list\">\n<li><strong>Los gastos de env\u00edo originales no son reembolsables<\/strong>, excepto cuando el problema se deba claramente a un error nuestro (env\u00edo de un art\u00edculo equivocado) y aprobemos la reclamaci\u00f3n.<\/li>\n\n\n\n<li>Si se aprueba la sustituci\u00f3n, le informaremos de si los gastos de env\u00edo de la devoluci\u00f3n o los gastos de env\u00edo adicionales corren por nuestra cuenta o por cuenta del cliente, seg\u00fan el caso.<\/li>\n<\/ul>\n\n\n\n<hr class=\"wp-block-separator has-alpha-channel-opacity\"\/>\n\n\n\n<h3 class=\"wp-block-heading\">4. Art\u00edculos no retornables<\/h3>\n\n\n\n<p>Sin perjuicio de la norma general de \u201cno devoluci\u00f3n\u201d, se entender\u00e1 por <strong>estrictamente no retornable<\/strong>:<\/p>\n\n\n\n<ul class=\"wp-block-list\">\n<li>Productos a medida o por encargo especial<\/li>\n\n\n\n<li>Productos fabricados o configurados seg\u00fan las especificaciones del cliente<\/li>\n\n\n\n<li>Productos que muestren signos de instalaci\u00f3n, modificaci\u00f3n o uso indebido<\/li>\n\n\n\n<li>Productos sin etiquetas, marcas o n\u00fameros de serie originales<\/li>\n<\/ul>\n\n\n\n<hr class=\"wp-block-separator has-alpha-channel-opacity\"\/>\n\n\n\n<h3 class=\"wp-block-heading\">5. Inspecci\u00f3n de pedidos<\/h3>\n\n\n\n<p>Le recomendamos encarecidamente que:<\/p>\n\n\n\n<ul class=\"wp-block-list\">\n<li>Inspeccione el paquete y los productos inmediatamente despu\u00e9s de la entrega<\/li>\n\n\n\n<li>Compruebe las etiquetas de los productos, los voltajes y los c\u00f3digos de los modelos antes de la instalaci\u00f3n<\/li>\n\n\n\n<li>No instale ni conecte el producto si observa da\u00f1os visibles o si sospecha que no es compatible.<\/li>\n<\/ul>\n\n\n\n<p>Una vez instalado o utilizado un producto, se considera aceptado y <strong>no puede devolverse ni reembolsarse<\/strong>.<\/p>\n\n\n\n<hr class=\"wp-block-separator has-alpha-channel-opacity\"\/>\n\n\n\n<h3 class=\"wp-block-heading\">6. Garant\u00eda y asistencia t\u00e9cnica<\/h3>\n\n\n\n<p>La presente Pol\u00edtica de Devoluciones y Reembolsos es independiente de cualquier <strong>garant\u00eda del producto<\/strong> o <strong>soporte t\u00e9cnico<\/strong> que podemos ofrecer.<\/p>\n\n\n\n<p>Si cree que un producto tiene un fallo t\u00e9cnico despu\u00e9s de la instalaci\u00f3n, p\u00f3ngase en contacto con nosotros para obtener asistencia t\u00e9cnica en <strong><a>info@muccosignal.com<\/a><\/strong> con:<\/p>\n\n\n\n<ul class=\"wp-block-list\">\n<li>N\u00famero de pedido<\/li>\n\n\n\n<li>C\u00f3digo del producto<\/li>\n\n\n\n<li>Descripci\u00f3n de la cuesti\u00f3n<\/li>\n\n\n\n<li>Fotos o v\u00eddeos, si est\u00e1n disponibles<\/li>\n<\/ul>\n\n\n\n<p>Las decisiones sobre la garant\u00eda (reparaci\u00f3n, sustituci\u00f3n o no intervenci\u00f3n) se evaluar\u00e1n caso por caso seg\u00fan el tipo de producto y las condiciones de uso.<\/p>\n\n\n\n<hr class=\"wp-block-separator has-alpha-channel-opacity\"\/>\n\n\n\n<h3 class=\"wp-block-heading\">7. Derechos legales<\/h3>\n\n\n\n<p>Nada de lo dispuesto en esta pol\u00edtica pretende limitar <strong>derechos obligatorios de los consumidores<\/strong> que se aplican en virtud de la legislaci\u00f3n de su pa\u00eds o regi\u00f3n.<br>Si la legislaci\u00f3n aplicable le otorga derechos que van m\u00e1s all\u00e1 de lo aqu\u00ed escrito, prevalecer\u00e1n esos derechos legales.<\/p>\n\n\n\n<hr class=\"wp-block-separator has-alpha-channel-opacity\"\/>\n\n\n\n<h3 class=\"wp-block-heading\">8. Contacto<\/h3>\n\n\n\n<p>Si tiene alguna pregunta sobre esta Pol\u00edtica de devoluciones y reembolsos, p\u00f3ngase en contacto con nosotros:<\/p>\n\n\n\n<p><strong>Mucco Sinyalteknik<\/strong><br><strong>Correo electr\u00f3nico:<\/strong> <a>info@muccosignal.com<\/a><\/p>\n\n\n\n<p><\/p>\n\t\t\t\t\t\t\t\t<\/div>\n\t\t\t\t\t<\/div>\n\t\t\t\t<\/div>\n\t\t\t\t<\/div>","protected":false},"excerpt":{"rendered":"<p>Last updated: 03 December 2025 Thank you for shopping with Mucco Sinyalteknik.Please read this Refund and Returns Policy carefully before placing an order. By placing an order on our website, you agree to the terms below. 1. General Policy \u2013 No Returns \/ No Refunds Due to the technical and industrial nature of our products, [&hellip;]<\/p>\n","protected":false},"author":1,"featured_media":0,"parent":0,"menu_order":0,"comment_status":"closed","ping_status":"closed","template":"","meta":{"content-type":"","footnotes":""},"class_list":["post-12","page","type-page","status-publish","hentry"],"_links":{"self":[{"href":"https:\/\/muccosignal.com\/es\/wp-json\/wp\/v2\/pages\/12","targetHints":{"allow":["GET"]}}],"collection":[{"href":"https:\/\/muccosignal.com\/es\/wp-json\/wp\/v2\/pages"}],"about":[{"href":"https:\/\/muccosignal.com\/es\/wp-json\/wp\/v2\/types\/page"}],"author":[{"embeddable":true,"href":"https:\/\/muccosignal.com\/es\/wp-json\/wp\/v2\/users\/1"}],"replies":[{"embeddable":true,"href":"https:\/\/muccosignal.com\/es\/wp-json\/wp\/v2\/comments?post=12"}],"version-history":[{"count":0,"href":"https:\/\/muccosignal.com\/es\/wp-json\/wp\/v2\/pages\/12\/revisions"}],"wp:attachment":[{"href":"https:\/\/muccosignal.com\/es\/wp-json\/wp\/v2\/media?parent=12"}],"curies":[{"name":"wp","href":"https:\/\/api.w.org\/{rel}","templated":true}]}}