{"id":15,"date":"2024-07-08T10:25:04","date_gmt":"2024-07-08T10:25:04","guid":{"rendered":"http:\/\/sw-themes.com\/porto_dummy\/?page_id=15"},"modified":"2025-12-03T07:10:56","modified_gmt":"2025-12-03T07:10:56","slug":"acerca-de-nosotros","status":"publish","type":"page","link":"https:\/\/muccosignal.com\/es\/acerca-de-nosotros\/","title":{"rendered":"Qui\u00e9nes somos"},"content":{"rendered":"<div data-elementor-type=\"wp-page\" data-elementor-id=\"15\" class=\"elementor elementor-15\">\n\t\t\t\t<div class=\"elementor-element elementor-element-f6a47be e-con-full e-flex e-con e-parent\" data-id=\"f6a47be\" data-element_type=\"container\" data-e-type=\"container\">\r\n\t\t<div class=\"elementor-element elementor-element-4532323 e-con-full e-flex e-con e-child\" data-id=\"4532323\" data-element_type=\"container\" data-e-type=\"container\">\r\n\t\t\t\t<div class=\"elementor-element elementor-element-36c5356 elementor-widget__width-inherit d-lg-none d-xl-block elementor-widget elementor-widget-image\" data-id=\"36c5356\" data-element_type=\"widget\" data-e-type=\"widget\" data-widget_type=\"image.default\">\n\t\t\t\t\t\t\t\t\t\t\t\t\t\t\t<img fetchpriority=\"high\" decoding=\"async\" width=\"639\" height=\"768\" src=\"https:\/\/muccosignal.com\/wp-content\/uploads\/images\/mucco-dizgi.jpg\" class=\"attachment-full size-full wp-image-15864\" alt=\"\" \/>\t\t\t\t\t\t\t\t\t\t\t\t\t\t\t<\/div>\n\t\t\t\t<div class=\"elementor-element elementor-element-a0e1806 elementor-widget__width-inherit elementor-widget elementor-widget-image\" data-id=\"a0e1806\" data-element_type=\"widget\" data-e-type=\"widget\" data-widget_type=\"image.default\">\n\t\t\t\t\t\t\t\t\t\t\t\t\t\t\t<img decoding=\"async\" width=\"524\" height=\"627\" src=\"https:\/\/muccosignal.com\/wp-content\/uploads\/images\/muccopcb.jpg\" class=\"attachment-full size-full wp-image-15865\" alt=\"\" \/>\t\t\t\t\t\t\t\t\t\t\t\t\t\t\t<\/div>\n\t\t\t\t<\/div>\n\t\t<div class=\"elementor-element elementor-element-a473f42 e-con-full e-flex e-con e-child\" data-id=\"a473f42\" data-element_type=\"container\" data-e-type=\"container\">\r\n\t\t\t\t<div class=\"elementor-element elementor-element-e128686 elementor-widget elementor-widget-porto_ultimate_heading\" data-id=\"e128686\" data-element_type=\"widget\" data-e-type=\"widget\" data-widget_type=\"porto_ultimate_heading.default\">\n\t\t\t\t\t<div class=\"porto-u-heading  porto-u-55ca8359258f9a412be7e73af65d2aac\"><style>.porto-u-55ca8359258f9a412be7e73af65d2aac.porto-u-heading{text-align:center}<\/style><\/div>\t\t\t\t<\/div>\n\t\t\t\t<div class=\"elementor-element elementor-element-408b580 elementor-widget elementor-widget-heading\" data-id=\"408b580\" data-element_type=\"widget\" data-e-type=\"widget\" data-widget_type=\"heading.default\">\n\t\t\t\t\t<p class=\"elementor-heading-title elementor-size-default\">Bienvenido a Mucco Sinyalteknik, donde la seguridad industrial se une a la comunicaci\u00f3n visual y ac\u00fastica inteligente. Con sede en Turqu\u00eda y clientes en todo el mundo, dise\u00f1amos y fabricamos luces de chimenea, balizas de se\u00f1alizaci\u00f3n, luces de obstrucci\u00f3n y bocinas de advertencia para maquinaria, l\u00edneas de automatizaci\u00f3n y plantas industriales.<\/p>\t\t\t\t<\/div>\n\t\t\t\t<div class=\"elementor-element elementor-element-9617f39 elementor-widget elementor-widget-heading\" data-id=\"9617f39\" data-element_type=\"widget\" data-e-type=\"widget\" data-widget_type=\"heading.default\">\n\t\t\t\t\t<p class=\"elementor-heading-title elementor-size-default\"><p data-start=\"560\" data-end=\"868\">Nuestra misi\u00f3n es sencilla: hacer que el estado de las m\u00e1quinas y las alarmas sean claros de un vistazo, incluso en los entornos m\u00e1s dif\u00edciles. Desde balizas compactas para paneles de control hasta bocinas de advertencia de alta intensidad para gr\u00faas, ascensores y l\u00edneas de producci\u00f3n, todos los productos Mucco est\u00e1n dise\u00f1ados para ayudar a los operarios a reaccionar m\u00e1s r\u00e1pido y trabajar de forma m\u00e1s segura.<\/p><p data-start=\"870\" data-end=\"1231\">Gracias a nuestro departamento interno de I+D, dise\u00f1o electr\u00f3nico y producci\u00f3n mec\u00e1nica, controlamos cada paso desde la idea hasta el producto acabado. Esto nos permite ofrecer una calidad fiable, una entrega r\u00e1pida y soluciones flexibles adaptadas a OEM, fabricantes de paneles e integradores de sistemas. Si necesita una soluci\u00f3n de se\u00f1alizaci\u00f3n duradera para sus m\u00e1quinas, Mucco Sinyalteknik est\u00e1 aqu\u00ed para ayudarle.<span style=\"font-size: 1rem;letter-spacing: -0.025em\"><\/span><\/p><\/p>\t\t\t\t<\/div>\n\t\t\t\t<\/div>\n\t\t\t\t<\/div>\n\t\t<div class=\"elementor-element elementor-element-cd01467 e-con-full e-flex e-con e-parent\" data-id=\"cd01467\" data-element_type=\"container\" data-e-type=\"container\" data-settings=\"{&quot;background_background&quot;:&quot;classic&quot;}\">\r\n\t\t<div class=\"elementor-element elementor-element-39e8446 e-con-full e-flex e-con e-child\" data-id=\"39e8446\" data-element_type=\"container\" data-e-type=\"container\">\r\n\t\t\t\t<div class=\"elementor-element elementor-element-541a662 mx-xxl-5 px-xxl-5 elementor-widget__width-inherit elementor-widget elementor-widget-image\" data-id=\"541a662\" data-element_type=\"widget\" data-e-type=\"widget\" data-widget_type=\"image.default\">\n\t\t\t\t\t\t\t\t\t\t\t\t\t\t\t<img decoding=\"async\" width=\"1080\" height=\"1080\" src=\"https:\/\/muccosignal.com\/wp-content\/uploads\/images\/kasim-cakmaktas-mucco-ceo.jpg\" class=\"attachment-full size-full wp-image-16190\" alt=\"\" \/>\t\t\t\t\t\t\t\t\t\t\t\t\t\t\t<\/div>\n\t\t\t\t<\/div>\n\t\t<div class=\"elementor-element elementor-element-fb46fe8 e-con-full e-flex e-con e-child\" data-id=\"fb46fe8\" data-element_type=\"container\" data-e-type=\"container\">\r\n\t\t\t\t<div class=\"elementor-element elementor-element-66d911f elementor-widget elementor-widget-heading\" data-id=\"66d911f\" data-element_type=\"widget\" data-e-type=\"widget\" data-widget_type=\"heading.default\">\n\t\t\t\t\t<h2 class=\"elementor-heading-title elementor-size-default\">Nuestro fundador<\/h2>\t\t\t\t<\/div>\n\t\t\t\t<div class=\"elementor-element elementor-element-f0da8b4 elementor-widget elementor-widget-heading\" data-id=\"f0da8b4\" data-element_type=\"widget\" data-e-type=\"widget\" data-widget_type=\"heading.default\">\n\t\t\t\t\t<p class=\"elementor-heading-title elementor-size-default\"><p data-start=\"1308\" data-end=\"1590\">La calidad es nuestra piedra angular. Los dispositivos de se\u00f1alizaci\u00f3n Mucco est\u00e1n fabricados para la vida industrial real: largas horas de funcionamiento, vibraciones, polvo, aceite y condiciones meteorol\u00f3gicas adversas. Utilizamos ABS y policarbonato de alta calidad, LED de larga duraci\u00f3n, electr\u00f3nica industrial y componentes cuidadosamente seleccionados en cada dise\u00f1o.<\/p><p data-start=\"1592\" data-end=\"1873\">Cada producto se somete a pruebas el\u00e9ctricas, t\u00e9rmicas y funcionales antes de llegar a su panel o m\u00e1quina. Desde la protecci\u00f3n IP hasta las lentes resistentes a los rayos UV, cada detalle se elige para que sus luces y bocinas de advertencia sigan funcionando a\u00f1o tras a\u00f1o, con el m\u00ednimo mantenimiento y la m\u00e1xima seguridad.<\/p><br>KASIM \u00c7AKMAKTA\u015e - CEO\nSinyalteknik Elektrik Otomasyon \u0130th.\u0130hr.San. ve Tic.Ltd.Sti<\/p>\t\t\t\t<\/div>\n\t\t\t\t<\/div>\n\t\t\t\t<\/div>\n\t\t<div class=\"elementor-element elementor-element-86915a7 e-con-full e-flex e-con e-parent\" data-id=\"86915a7\" data-element_type=\"container\" data-e-type=\"container\">\r\n\t\t<div class=\"elementor-element elementor-element-f51951d e-con-full ps-xxl-5 e-flex e-con e-child\" data-id=\"f51951d\" data-element_type=\"container\" data-e-type=\"container\">\r\n\t\t\t\t<div class=\"elementor-element elementor-element-47a8abc elementor-widget elementor-widget-heading\" data-id=\"47a8abc\" data-element_type=\"widget\" data-e-type=\"widget\" data-widget_type=\"heading.default\">\n\t\t\t\t\t<p class=\"elementor-heading-title elementor-size-default\"><p data-start=\"1944\" data-end=\"2251\">Mucco Sinyalteknik fue fundada por un equipo de ingenieros y t\u00e9cnicos de campo que pasaron a\u00f1os dentro de f\u00e1bricas, cuadros el\u00e9ctricos y l\u00edneas de automatizaci\u00f3n. Tras ver que los productos de se\u00f1alizaci\u00f3n importados fallaban con demasiada frecuencia -o resultaban demasiado caros para los proyectos locales-, decidieron dise\u00f1ar y construir sus propias soluciones.<\/p>\n<p data-start=\"2253\" data-end=\"2645\">Reuniendo una s\u00f3lida experiencia en electr\u00f3nica, dise\u00f1o de placas de circuito impreso y automatizaci\u00f3n industrial, nuestros fundadores empezaron desarrollando luces y balizas apilables que pudieran soportar condiciones exigentes sin sacrificar la luminosidad ni la fiabilidad. Lo que empez\u00f3 como un peque\u00f1o taller en Turqu\u00eda se ha convertido en un fabricante especializado que suministra a fabricantes de equipos originales, fabricantes de paneles e integradores de muchos pa\u00edses.<\/p>\n<p data-start=\"2647\" data-end=\"2944\">En la actualidad, el equipo fundador sigue trabajando codo con codo con los clientes, convirtiendo los comentarios del mundo real en mejores productos y detalles m\u00e1s inteligentes. Mucco Sinyalteknik sigue reflejando la misma mentalidad de ingenier\u00eda con la que empez\u00f3: soluciones de se\u00f1alizaci\u00f3n pr\u00e1cticas, duraderas y profesionales dise\u00f1adas para la industria.<span style=\"font-size: 1.125rem;letter-spacing: -0.025em\"><\/span><\/p><\/p>\t\t\t\t<\/div>\n\t\t\t\t<\/div>\n\t\t<div class=\"elementor-element elementor-element-caf2937 e-con-full pe-xxl-5 e-flex e-con e-child\" data-id=\"caf2937\" data-element_type=\"container\" data-e-type=\"container\">\r\n\t\t\t\t<div class=\"elementor-element elementor-element-de94188 elementor-widget elementor-widget-image\" data-id=\"de94188\" data-element_type=\"widget\" data-e-type=\"widget\" data-widget_type=\"image.default\">\n\t\t\t\t\t\t\t\t\t\t\t\t\t\t\t<img loading=\"lazy\" decoding=\"async\" width=\"786\" height=\"580\" src=\"https:\/\/muccosignal.com\/wp-content\/uploads\/images\/mucco-homepage-3-e1764588592705.jpg\" class=\"attachment-full size-full wp-image-15459\" alt=\"\" srcset=\"https:\/\/muccosignal.com\/wp-content\/uploads\/images\/mucco-homepage-3-e1764588592705.jpg 786w, https:\/\/muccosignal.com\/wp-content\/uploads\/images\/mucco-homepage-3-e1764588592705-768x567.jpg 768w, https:\/\/muccosignal.com\/wp-content\/uploads\/images\/mucco-homepage-3-e1764588592705-640x472.jpg 640w, https:\/\/muccosignal.com\/wp-content\/uploads\/images\/mucco-homepage-3-e1764588592705-400x295.jpg 400w, https:\/\/muccosignal.com\/wp-content\/uploads\/images\/mucco-homepage-3-e1764588592705-600x443.jpg 600w\" sizes=\"(max-width: 786px) 100vw, 786px\" \/>\t\t\t\t\t\t\t\t\t\t\t\t\t\t\t<\/div>\n\t\t\t\t<\/div>\n\t\t\t\t<\/div>\n\t\t\t\t<\/div>","protected":false},"excerpt":{"rendered":"<p>Welcome to Mucco Sinyalteknik, where industrial safety meets smart visual and audible communication. Based in T\u00fcrkiye and serving customers worldwide, we design and manufacture stack lights, signal beacons, obstruction lights and warning horns for machinery, automation lines and industrial plants. Our mission is simple: to make machine status and alarms clear at a glance \u2013 [&hellip;]<\/p>\n","protected":false},"author":1,"featured_media":0,"parent":0,"menu_order":0,"comment_status":"closed","ping_status":"closed","template":"","meta":{"content-type":"","footnotes":""},"class_list":["post-15","page","type-page","status-publish","hentry"],"_links":{"self":[{"href":"https:\/\/muccosignal.com\/es\/wp-json\/wp\/v2\/pages\/15","targetHints":{"allow":["GET"]}}],"collection":[{"href":"https:\/\/muccosignal.com\/es\/wp-json\/wp\/v2\/pages"}],"about":[{"href":"https:\/\/muccosignal.com\/es\/wp-json\/wp\/v2\/types\/page"}],"author":[{"embeddable":true,"href":"https:\/\/muccosignal.com\/es\/wp-json\/wp\/v2\/users\/1"}],"replies":[{"embeddable":true,"href":"https:\/\/muccosignal.com\/es\/wp-json\/wp\/v2\/comments?post=15"}],"version-history":[{"count":0,"href":"https:\/\/muccosignal.com\/es\/wp-json\/wp\/v2\/pages\/15\/revisions"}],"wp:attachment":[{"href":"https:\/\/muccosignal.com\/es\/wp-json\/wp\/v2\/media?parent=15"}],"curies":[{"name":"wp","href":"https:\/\/api.w.org\/{rel}","templated":true}]}}