{"id":16226,"date":"2025-12-03T11:18:17","date_gmt":"2025-12-03T11:18:17","guid":{"rendered":"http:\/\/localhost:10004\/?page_id=16226"},"modified":"2025-12-03T11:23:02","modified_gmt":"2025-12-03T11:23:02","slug":"condiciones","status":"publish","type":"page","link":"https:\/\/muccosignal.com\/es\/condiciones\/","title":{"rendered":"Condiciones generales"},"content":{"rendered":"<div data-elementor-type=\"wp-page\" data-elementor-id=\"16226\" class=\"elementor elementor-16226\">\n\t\t\t\t<div class=\"elementor-element elementor-element-2f6d6c7d e-flex e-con-boxed e-con e-parent\" data-id=\"2f6d6c7d\" data-element_type=\"container\" data-e-type=\"container\">\r\n\t\t\t\t\t<div class=\"e-con-inner\">\r\n\t\t\t\t<div class=\"elementor-element elementor-element-57aba3ac elementor-widget elementor-widget-text-editor\" data-id=\"57aba3ac\" data-element_type=\"widget\" data-e-type=\"widget\" data-widget_type=\"text-editor.default\">\n\t\t\t\t\t\t\t\t\t\n<p><strong>\u00daltima actualizaci\u00f3n: 03 diciembre 2025<\/strong><\/p>\n\n<p>Las presentes Condiciones Generales (\u201c<strong>T\u00e9rminos<\/strong>\u201d) rigen el uso del sitio web <strong><a href=\"https:\/\/muccosignal.com\/es\/\">https:\/\/muccosignal.com\/<\/a><\/strong> (el \u201c<strong>P\u00e1gina web<\/strong>\u201d) y cualquier compra de productos realizada a trav\u00e9s del Sitio Web.<\/p>\n\n<p>Al acceder o utilizar el Sitio Web, o al realizar un pedido, usted acepta quedar vinculado por las presentes Condiciones. Si no est\u00e1 de acuerdo, no debe utilizar el Sitio Web.<\/p>\n<hr class=\"wp-block-separator has-alpha-channel-opacity\" \/>\n<h3 class=\"wp-block-heading\">1. Datos de la empresa<\/h3>\n\n<p>El sitio web est\u00e1 gestionado por:<\/p>\n\n<p><strong>Sinyalteknik Elektrik Otomasyon \u0130thalat \u0130hracat Sanayi ve Ticaret Limited \u015eirketi<\/strong><br \/>comerciando como <strong>Mucco Sinyalteknik<\/strong><br \/>Domicilio social: \u0130kitelli OSB Mah. Giyim Sanatkarlar\u0131 2C Sk. Giyim Sanatkarlar\u0131 2C Blok No: 2 C Blok \u0130\u00e7 Kap\u0131 No: 122, Ba\u015fak\u015fehir \/ \u0130stanbul, T\u00fcrkiye VERG\u0130 LEVHASI-2023<br \/>N\u00ba de Registro Mercantil de Estambul <strong>750303<\/strong><br \/>C\u00f3digo de la actividad principal: <strong>261201 - Fabricaci\u00f3n de placas de circuito impreso electr\u00f3nicas cargadas y conjuntos electr\u00f3nicos conexos<\/strong><\/p>\n\n<p><strong>Tel\u00e9fono:<\/strong> +90 212 292 47 48<br \/><strong>Correo electr\u00f3nico:<\/strong> <a>info@muccosignal.com<\/a><br \/><strong>P\u00e1gina web:<\/strong> <a href=\"https:\/\/muccosignal.com\/es\/\">https:\/\/muccosignal.com\/<\/a><\/p>\n<hr class=\"wp-block-separator has-alpha-channel-opacity\" \/>\n<h3 class=\"wp-block-heading\">2. \u00c1mbito de aplicaci\u00f3n<\/h3>\n\n<p>Estas Condiciones se aplican a:<\/p>\n\n<ul class=\"wp-block-list\">\n<li>Su uso del Sitio Web y de cualquier contenido, informaci\u00f3n, documentos o medios proporcionados en el mismo<\/li>\n\n<li>Cualquier oferta, pedido, venta y entrega de productos realizados a trav\u00e9s del Sitio Web o que hagan referencia directa a estas Condiciones.<\/li>\n<\/ul>\n\n<p>En caso de conflicto entre estas Condiciones y cualquier otro contrato escrito firmado entre usted y Mucco Sinyalteknik, prevalecer\u00e1 el contrato escrito.<\/p>\n<hr class=\"wp-block-separator has-alpha-channel-opacity\" \/>\n<h3 class=\"wp-block-heading\">3. Clientes comerciales \/ Uso industrial<\/h3>\n\n<p>Nuestros productos se dise\u00f1an y suministran principalmente para <strong>uso profesional e industrial<\/strong> (B2B - business to business).<\/p>\n\n<p>Al realizar un pedido, usted confirma que:<\/p>\n\n<ul class=\"wp-block-list\">\n<li>Est\u00e1 comprando en nombre de una empresa, organizaci\u00f3n o usuario profesional; y<\/li>\n\n<li>Garantizar\u00e1 que la instalaci\u00f3n y el uso sean realizados por personal cualificado y de acuerdo con las normas pertinentes, los diagramas de cableado y los reglamentos de seguridad.<\/li>\n<\/ul>\n\n<p>Es posible que los derechos de los consumidores no se apliquen del mismo modo que a las ventas t\u00edpicas B2C (consumidores). En la medida en que se apliquen leyes obligatorias de protecci\u00f3n del consumidor, nada de lo dispuesto en estas Condiciones pretende limitar dichos derechos.<\/p>\n<hr class=\"wp-block-separator has-alpha-channel-opacity\" \/>\n<h3 class=\"wp-block-heading\">4. 4. Uso del sitio web<\/h3>\n\n<p>Usted se compromete a utilizar el Sitio Web \u00fanicamente con fines l\u00edcitos y de forma que no:<\/p>\n\n<ul class=\"wp-block-list\">\n<li>Infringir los derechos de Mucco Sinyalteknik o de terceros.<\/li>\n\n<li>interferir o perturbar el funcionamiento y la seguridad del sitio web<\/li>\n\n<li>Usar indebidamente cualquier contenido, imagen, documento o informaci\u00f3n t\u00e9cnica<\/li>\n<\/ul>\n\n<p>No debe intentar obtener acceso no autorizado a ninguna parte del Sitio Web, servidor o sistemas relacionados.<\/p>\n\n<p>Podemos suspender o cancelar el acceso al Sitio Web en cualquier momento por motivos de seguridad, mantenimiento u otras razones comerciales.<\/p>\n<hr class=\"wp-block-separator has-alpha-channel-opacity\" \/>\n<h3 class=\"wp-block-heading\">5. Informaci\u00f3n sobre el producto y datos t\u00e9cnicos<\/h3>\n\n<p>Intentamos que todas las descripciones de productos, documentos t\u00e9cnicos, fotos y hojas de datos sean precisos y est\u00e9n actualizados; sin embargo:<\/p>\n\n<ul class=\"wp-block-list\">\n<li>Las especificaciones del producto, dimensiones, brillo, nivel sonoro, colores y otras caracter\u00edsticas pueden cambiar debido a la mejora continua.<\/li>\n\n<li>Las fotos y los renders 3D son ilustrativos y pueden diferir del producto real.<\/li>\n\n<li>Es su responsabilidad verificar que el producto es adecuado para su aplicaci\u00f3n espec\u00edfica (tensi\u00f3n, grado de protecci\u00f3n IP, certificaciones, etc.).<\/li>\n<\/ul>\n\n<p>Nos reservamos el derecho a corregir cualquier error tipogr\u00e1fico, t\u00e9cnico o de precios sin previo aviso.<\/p>\n<hr class=\"wp-block-separator has-alpha-channel-opacity\" \/>\n<h3 class=\"wp-block-heading\">6. Precios, impuestos y divisas<\/h3>\n\n<p>Salvo indicaci\u00f3n contraria:<\/p>\n\n<ul class=\"wp-block-list\">\n<li>Todos los precios que aparecen en el Sitio Web son <strong>sin IVA<\/strong> y otros impuestos, derechos o grav\u00e1menes aplicables<\/li>\n\n<li>El IVA y otros gastos aplicables se a\u00f1adir\u00e1n al finalizar la compra o en el momento de la facturaci\u00f3n, de acuerdo con la normativa vigente.<\/li>\n\n<li>Los precios est\u00e1n sujetos a cambios en cualquier momento sin previo aviso, pero dichos cambios no afectar\u00e1n a los pedidos confirmados.<\/li>\n<\/ul>\n\n<p>En caso de errores evidentes en los precios (por ejemplo, un producto que aparece a un precio irrealmente bajo debido a un error evidente), nos reservamos el derecho de cancelar el pedido y reembolsar cualquier importe pagado.<\/p>\n<hr class=\"wp-block-separator has-alpha-channel-opacity\" \/>\n<h3 class=\"wp-block-heading\">7. Pedidos y formaci\u00f3n de contratos<\/h3>\n\n<p>Al realizar un pedido en el Sitio Web, usted:<\/p>\n\n<ul class=\"wp-block-list\">\n<li>Confirmar que toda la informaci\u00f3n que proporcione (facturaci\u00f3n, env\u00edo, datos fiscales) es exacta y completa.<\/li>\n\n<li>Autorizarnos a utilizar la informaci\u00f3n para procesar su pedido y emitir una factura<\/li>\n<\/ul>\n\n<p>Un pedido se considera aceptado y se forma un contrato vinculante s\u00f3lo cuando:<\/p>\n\n<ul class=\"wp-block-list\">\n<li>Recibir\u00e1 una confirmaci\u00f3n de pedido por correo electr\u00f3nico <strong>y<\/strong><\/li>\n\n<li>El pago se ha recibido correctamente (a menos que se acuerde lo contrario por escrito)<\/li>\n<\/ul>\n\n<p>Nos reservamos el derecho a rechazar o cancelar cualquier pedido por razones que incluyen, entre otras, la disponibilidad de productos, precios incorrectos o sospecha de fraude.<\/p>\n<hr class=\"wp-block-separator has-alpha-channel-opacity\" \/>\n<h3 class=\"wp-block-heading\">8. 8. Condiciones de pago<\/h3>\n\n<p>Los m\u00e9todos de pago aceptados figuran en el sitio web (por ejemplo, transferencia bancaria, tarjeta de cr\u00e9dito, pasarela de pago en l\u00ednea).<\/p>\n\n<ul class=\"wp-block-list\">\n<li>Por lo general, hay que pagar <strong>de antemano<\/strong>, A menos que exista un acuerdo por escrito (por ejemplo, condiciones de cr\u00e9dito para clientes habituales).<\/li>\n\n<li>Si el pago no se recibe en el plazo especificado, podemos cancelar el pedido.<\/li>\n<\/ul>\n\n<p>En el caso de las transferencias bancarias, las comisiones o gastos bancarios correr\u00e1n a cargo del cliente.<\/p>\n<hr class=\"wp-block-separator has-alpha-channel-opacity\" \/>\n<h3 class=\"wp-block-heading\">9. Env\u00edo y entrega<\/h3>\n\n<p>El env\u00edo y la entrega de los productos se rigen por nuestros <strong>Pol\u00edtica de env\u00edo y entrega<\/strong>, que forma parte de estas Condiciones y se incorpora por referencia.<\/p>\n\n<p>Al realizar un pedido, usted acepta la pol\u00edtica de env\u00edo y entrega disponible en nuestro sitio web.<\/p>\n\n<p>El riesgo de p\u00e9rdida y da\u00f1o se le transmite a usted en el momento de la entrega de los productos al transportista, salvo que la legislaci\u00f3n imperativa disponga otra cosa. La titularidad de los productos se transmite tras el pago \u00edntegro del precio de compra.<\/p>\n<hr class=\"wp-block-separator has-alpha-channel-opacity\" \/>\n<h3 class=\"wp-block-heading\">10. Devoluciones, reembolsos y garant\u00eda<\/h3>\n\n<p>Nuestra <strong>Pol\u00edtica de devoluciones y reembolsos<\/strong> establece las condiciones en las que:<\/p>\n\n<ul class=\"wp-block-list\">\n<li>Se pueden presentar reclamaciones por art\u00edculos da\u00f1ados o incorrectos (en un plazo limitado, normalmente 15 d\u00edas desde la entrega), y<\/li>\n\n<li>Si se puede ofrecer una sustituci\u00f3n, un cr\u00e9dito en la tienda u otra soluci\u00f3n.<\/li>\n<\/ul>\n\n<p>Generalmente hacemos <strong>no<\/strong> aceptar devoluciones u ofrecer reembolsos por productos entregados correctamente y no defectuosos, excepto cuando lo exija la legislaci\u00f3n aplicable.<\/p>\n\n<p>Consulte el <strong>Pol\u00edtica de devoluciones y reembolsos<\/strong> en nuestro sitio web.<\/p>\n\n<p>La cobertura de la garant\u00eda, si procede, se limita a los t\u00e9rminos especificados para cada producto o grupo de productos y puede estar sujeta a una instalaci\u00f3n adecuada, a un uso correcto y a las condiciones ambientales.<\/p>\n<hr class=\"wp-block-separator has-alpha-channel-opacity\" \/>\n<h3 class=\"wp-block-heading\">11. 11. Propiedad intelectual<\/h3>\n\n<p>Todo el contenido del Sitio web, incluidos logotipos, marcas comerciales, nombres de productos, fotograf\u00edas, dibujos t\u00e9cnicos, iconos, v\u00eddeos, documentos y texto, es propiedad de Mucco Sinyalteknik o de sus licenciantes y est\u00e1 protegido por las leyes de propiedad intelectual.<\/p>\n\n<p>Usted puede:<\/p>\n\n<ul class=\"wp-block-list\">\n<li>Visualice e imprima contenidos para uso interno de su empresa<\/li>\n\n<li>Descargar documentos t\u00e9cnicos para instalar o utilizar nuestros productos<\/li>\n<\/ul>\n\n<p>No puede:<\/p>\n\n<ul class=\"wp-block-list\">\n<li>Copiar, reproducir o distribuir el contenido del sitio web con fines comerciales sin nuestro consentimiento previo por escrito.<\/li>\n\n<li>Modificar o eliminar cualquier derecho de autor, marca registrada u otros avisos de propiedad<\/li>\n<\/ul>\n<hr class=\"wp-block-separator has-alpha-channel-opacity\" \/>\n<h3 class=\"wp-block-heading\">12. 12. Limitaci\u00f3n de responsabilidad<\/h3>\n\n<p>En la medida en que lo permita la ley:<\/p>\n\n<ul class=\"wp-block-list\">\n<li>Mucco Sinyalteknik no ser\u00e1 responsable de ning\u00fan <strong>da\u00f1os indirectos, incidentales, consecuentes o especiales<\/strong>, Los da\u00f1os y perjuicios que puedan derivarse del uso o de la imposibilidad de usar el Sitio Web o los productos, incluidos, entre otros, el lucro cesante, la p\u00e9rdida de datos, la p\u00e9rdida de negocio o el tiempo de inactividad de la producci\u00f3n.<\/li>\n\n<li>Nuestra responsabilidad total agregada por cualquier reclamaci\u00f3n relacionada con un pedido no superar\u00e1 el <strong>importe abonado<\/strong> de los productos que dan lugar a la reclamaci\u00f3n.<\/li>\n<\/ul>\n\n<p>Nada de lo dispuesto en estas Condiciones excluye o limita la responsabilidad cuando dicha exclusi\u00f3n o limitaci\u00f3n sea ilegal (por ejemplo, en casos de mala conducta intencionada o negligencia grave, o cuando se aplique la normativa obligatoria sobre responsabilidad por productos defectuosos).<\/p>\n<hr class=\"wp-block-separator has-alpha-channel-opacity\" \/>\n<h3 class=\"wp-block-heading\">13. 13. Fuerza mayor<\/h3>\n\n<p>No seremos responsables de ning\u00fan fallo o retraso en el cumplimiento de nuestras obligaciones cuando dicho fallo o retraso est\u00e9 causado por acontecimientos que escapen a nuestro control razonable, incluidos, entre otros, cat\u00e1strofes naturales, guerras, huelgas, pandemias, acciones gubernamentales, interrupciones de la cadena de suministro, cortes de electricidad o de Internet.<\/p>\n<hr class=\"wp-block-separator has-alpha-channel-opacity\" \/>\n<h3 class=\"wp-block-heading\">14. Ley aplicable y jurisdicci\u00f3n<\/h3>\n\n<p>Las presentes Condiciones se regir\u00e1n e interpretar\u00e1n de conformidad con la legislaci\u00f3n del Reino Unido. <strong>Rep\u00fablica de Turqu\u00eda<\/strong>, sin tener en cuenta los principios de conflicto de leyes.<\/p>\n\n<p>Cualquier disputa que surja de o en relaci\u00f3n con estos T\u00e9rminos o cualquier orden estar\u00e1 sujeta a la jurisdicci\u00f3n exclusiva de la <strong>Tribunales y oficinas de ejecuci\u00f3n de Estambul<\/strong>, a menos que la ley obligue a lo contrario.<\/p>\n<hr class=\"wp-block-separator has-alpha-channel-opacity\" \/>\n<h3 class=\"wp-block-heading\">15. Modificaciones de las presentes condiciones<\/h3>\n\n<p>Es posible que actualicemos o modifiquemos estas Condiciones de vez en cuando. Cuando lo hagamos, actualizaremos la fecha de \u201c\u00daltima actualizaci\u00f3n\u201d en la parte superior de esta p\u00e1gina.<\/p>\n\n<p>El uso continuado del Sitio Web o la realizaci\u00f3n continuada de pedidos despu\u00e9s de dichos cambios constituir\u00e1 su aceptaci\u00f3n de las Condiciones revisadas.<\/p>\n<hr class=\"wp-block-separator has-alpha-channel-opacity\" \/>\n<h3 class=\"wp-block-heading\">16. Contacto<\/h3>\n\n<p>Si tiene alguna pregunta sobre estas Condiciones, p\u00f3ngase en contacto con nosotros:<\/p>\n\n<p><strong>Mucco Sinyalteknik<\/strong><br \/>Tel: +90 212 292 47 48<br \/>Correo electr\u00f3nico: <a>info@muccosignal.com<\/a><br \/>P\u00e1gina web: <a href=\"https:\/\/muccosignal.com\/es\/\">https:\/\/muccosignal.com\/<\/a><\/p>\n\t\t\t\t\t\t\t\t<\/div>\n\t\t\t\t\t<\/div>\n\t\t\t\t<\/div>\n\t\t\t\t<\/div>","protected":false},"excerpt":{"rendered":"<p>Last updated: 03 December 2025 These Terms &amp; Conditions (\u201cTerms\u201d) govern your use of the website https:\/\/muccosignal.com\/ (the \u201cWebsite\u201d) and any purchase of products made through the Website. By accessing or using the Website, or by placing an order, you agree to be bound by these Terms. If you do not agree, you must not [&hellip;]<\/p>\n","protected":false},"author":1,"featured_media":0,"parent":0,"menu_order":0,"comment_status":"closed","ping_status":"closed","template":"","meta":{"content-type":"","footnotes":""},"class_list":["post-16226","page","type-page","status-publish","hentry"],"_links":{"self":[{"href":"https:\/\/muccosignal.com\/es\/wp-json\/wp\/v2\/pages\/16226","targetHints":{"allow":["GET"]}}],"collection":[{"href":"https:\/\/muccosignal.com\/es\/wp-json\/wp\/v2\/pages"}],"about":[{"href":"https:\/\/muccosignal.com\/es\/wp-json\/wp\/v2\/types\/page"}],"author":[{"embeddable":true,"href":"https:\/\/muccosignal.com\/es\/wp-json\/wp\/v2\/users\/1"}],"replies":[{"embeddable":true,"href":"https:\/\/muccosignal.com\/es\/wp-json\/wp\/v2\/comments?post=16226"}],"version-history":[{"count":0,"href":"https:\/\/muccosignal.com\/es\/wp-json\/wp\/v2\/pages\/16226\/revisions"}],"wp:attachment":[{"href":"https:\/\/muccosignal.com\/es\/wp-json\/wp\/v2\/media?parent=16226"}],"curies":[{"name":"wp","href":"https:\/\/api.w.org\/{rel}","templated":true}]}}