{"id":9318,"date":"2025-11-21T12:49:31","date_gmt":"2025-11-21T12:49:31","guid":{"rendered":"http:\/\/localhost:10004\/?post_type=product&#038;p=9318"},"modified":"2026-01-30T15:34:34","modified_gmt":"2026-01-30T15:34:34","slug":"baliza-de-senalizacion-fotocelula-con-jaula-de-proteccion","status":"publish","type":"product","link":"https:\/\/muccosignal.com\/es\/producto\/baliza-de-senalizacion-fotocelula-con-jaula-de-proteccion\/","title":{"rendered":"Baliza de se\u00f1alizaci\u00f3n por fotoc\u00e9lula con jaula de protecci\u00f3n"},"content":{"rendered":"","protected":false},"excerpt":{"rendered":"<p><iframe title=\"Reproductor de v\u00eddeo YouTube\" src=\"https:\/\/www.youtube-nocookie.com\/embed\/SNXpTREjm8o?rel=0&amp;modestbranding=1&amp;playsinline=1&amp;controls=0\" width=\"560\" height=\"315\" frameborder=\"0\" allowfullscreen=\"allowfullscreen\"><\/iframe><\/p>","protected":false},"featured_media":9326,"comment_status":"open","ping_status":"closed","template":"","meta":{"content-type":""},"product_brand":[189],"product_cat":[267],"product_tag":[],"class_list":{"0":"post-9318","1":"product","2":"type-product","3":"status-publish","4":"has-post-thumbnail","6":"product_brand-mucco","7":"product_cat-signal-beacons","9":"first","10":"instock","11":"taxable","12":"shipping-taxable","13":"purchasable","14":"product-type-variable","15":"has-default-attributes"},"_links":{"self":[{"href":"https:\/\/muccosignal.com\/es\/wp-json\/wp\/v2\/product\/9318","targetHints":{"allow":["GET"]}}],"collection":[{"href":"https:\/\/muccosignal.com\/es\/wp-json\/wp\/v2\/product"}],"about":[{"href":"https:\/\/muccosignal.com\/es\/wp-json\/wp\/v2\/types\/product"}],"replies":[{"embeddable":true,"href":"https:\/\/muccosignal.com\/es\/wp-json\/wp\/v2\/comments?post=9318"}],"wp:featuredmedia":[{"embeddable":true,"href":"https:\/\/muccosignal.com\/es\/wp-json\/wp\/v2\/media\/9326"}],"wp:attachment":[{"href":"https:\/\/muccosignal.com\/es\/wp-json\/wp\/v2\/media?parent=9318"}],"wp:term":[{"taxonomy":"product_brand","embeddable":true,"href":"https:\/\/muccosignal.com\/es\/wp-json\/wp\/v2\/product_brand?post=9318"},{"taxonomy":"product_cat","embeddable":true,"href":"https:\/\/muccosignal.com\/es\/wp-json\/wp\/v2\/product_cat?post=9318"},{"taxonomy":"product_tag","embeddable":true,"href":"https:\/\/muccosignal.com\/es\/wp-json\/wp\/v2\/product_tag?post=9318"}],"curies":[{"name":"wp","href":"https:\/\/api.w.org\/{rel}","templated":true}]}}