{"id":15,"date":"2024-07-08T10:25:04","date_gmt":"2024-07-08T10:25:04","guid":{"rendered":"http:\/\/sw-themes.com\/porto_dummy\/?page_id=15"},"modified":"2026-04-16T09:04:01","modified_gmt":"2026-04-16T09:04:01","slug":"a-propos-de-nous","status":"publish","type":"page","link":"https:\/\/muccosignal.com\/fr\/a-propos-de-nous\/","title":{"rendered":"A propos de nous"},"content":{"rendered":"<div data-elementor-type=\"wp-page\" data-elementor-id=\"15\" class=\"elementor elementor-15\">\n\t\t\t\t<div class=\"elementor-element elementor-element-f6a47be e-con-full e-flex e-con e-parent\" data-id=\"f6a47be\" data-element_type=\"container\" data-e-type=\"container\">\r\n\t\t<div class=\"elementor-element elementor-element-4532323 e-con-full e-flex e-con e-child\" data-id=\"4532323\" data-element_type=\"container\" data-e-type=\"container\">\r\n\t\t\t\t<div class=\"elementor-element elementor-element-36c5356 elementor-widget__width-inherit d-lg-none d-xl-block elementor-widget elementor-widget-image\" data-id=\"36c5356\" data-element_type=\"widget\" data-e-type=\"widget\" data-widget_type=\"image.default\">\n\t\t\t\t\t\t\t\t\t\t\t\t\t\t\t<img fetchpriority=\"high\" decoding=\"async\" width=\"579\" height=\"736\" src=\"https:\/\/muccosignal.com\/wp-content\/uploads\/images\/mucco-dizgi-e1776330234925.jpg\" class=\"attachment-full size-full wp-image-15864\" alt=\"\" srcset=\"https:\/\/muccosignal.com\/wp-content\/uploads\/images\/mucco-dizgi-e1776330234925.jpg 579w, https:\/\/muccosignal.com\/wp-content\/uploads\/images\/mucco-dizgi-e1776330234925-400x508.jpg 400w\" sizes=\"(max-width: 579px) 100vw, 579px\" \/>\t\t\t\t\t\t\t\t\t\t\t\t\t\t\t<\/div>\n\t\t\t\t<div class=\"elementor-element elementor-element-a0e1806 elementor-widget__width-inherit elementor-widget elementor-widget-image\" data-id=\"a0e1806\" data-element_type=\"widget\" data-e-type=\"widget\" data-widget_type=\"image.default\">\n\t\t\t\t\t\t\t\t\t\t\t\t\t\t\t<img decoding=\"async\" width=\"524\" height=\"627\" src=\"https:\/\/muccosignal.com\/wp-content\/uploads\/images\/muccopcb.jpg\" class=\"attachment-full size-full wp-image-15865\" alt=\"\" \/>\t\t\t\t\t\t\t\t\t\t\t\t\t\t\t<\/div>\n\t\t\t\t<\/div>\n\t\t<div class=\"elementor-element elementor-element-a473f42 e-con-full e-flex e-con e-child\" data-id=\"a473f42\" data-element_type=\"container\" data-e-type=\"container\">\r\n\t\t\t\t<div class=\"elementor-element elementor-element-e128686 elementor-widget elementor-widget-porto_ultimate_heading\" data-id=\"e128686\" data-element_type=\"widget\" data-e-type=\"widget\" data-widget_type=\"porto_ultimate_heading.default\">\n\t\t\t\t\t<div class=\"porto-u-heading  porto-u-55ca8359258f9a412be7e73af65d2aac\"><style>.porto-u-55ca8359258f9a412be7e73af65d2aac.porto-u-heading{text-align:center}<\/style><\/div>\t\t\t\t<\/div>\n\t\t\t\t<div class=\"elementor-element elementor-element-408b580 elementor-widget elementor-widget-heading\" data-id=\"408b580\" data-element_type=\"widget\" data-e-type=\"widget\" data-widget_type=\"heading.default\">\n\t\t\t\t\t<p class=\"elementor-heading-title elementor-size-default\">Welcome to Mucco Sinyalteknik, where industrial safety meets smart visual and audible communication. Based in T\u00fcrkiye, we design and manufacture stack lights, signal beacons, obstruction lights, and warning horns for machinery, automation lines, and industrial plants. As a global company exporting to more than 105 countries, we proudly deliver reliable signalling solutions to customers worldwide.<\/p>\t\t\t\t<\/div>\n\t\t\t\t<div class=\"elementor-element elementor-element-9617f39 elementor-widget elementor-widget-heading\" data-id=\"9617f39\" data-element_type=\"widget\" data-e-type=\"widget\" data-widget_type=\"heading.default\">\n\t\t\t\t\t<p class=\"elementor-heading-title elementor-size-default\"><p data-start=\"560\" data-end=\"868\">Notre mission est simple : faire en sorte que l'\u00e9tat des machines et les alarmes soient clairs au premier coup d'\u0153il, m\u00eame dans les environnements les plus difficiles. Des balises compactes pour les panneaux de contr\u00f4le aux avertisseurs sonores \u00e0 haute intensit\u00e9 pour les grues, les ascenseurs et les lignes de production, chaque produit Mucco est con\u00e7u pour aider les op\u00e9rateurs \u00e0 r\u00e9agir plus rapidement et \u00e0 travailler de mani\u00e8re plus s\u00fbre.<\/p><p data-start=\"870\" data-end=\"1231\">Gr\u00e2ce \u00e0 nos services internes de R&amp;D, de conception \u00e9lectronique et de production m\u00e9canique, nous contr\u00f4lons chaque \u00e9tape, de l'id\u00e9e au produit fini. Cela nous permet d'offrir une qualit\u00e9 fiable, une livraison rapide et des solutions flexibles adapt\u00e9es aux OEM, aux constructeurs de panneaux et aux int\u00e9grateurs de syst\u00e8mes. Si vous avez besoin d'une solution de signalisation durable pour vos machines, Mucco Sinyalteknik est l\u00e0 pour vous aider.<span style=\"font-size: 1rem;letter-spacing: -0.025em\"><\/span><\/p><\/p>\t\t\t\t<\/div>\n\t\t\t\t<\/div>\n\t\t\t\t<\/div>\n\t\t<div class=\"elementor-element elementor-element-cd01467 e-con-full e-flex e-con e-parent\" data-id=\"cd01467\" data-element_type=\"container\" data-e-type=\"container\" data-settings=\"{&quot;background_background&quot;:&quot;classic&quot;}\">\r\n\t\t<div class=\"elementor-element elementor-element-39e8446 e-con-full e-flex e-con e-child\" data-id=\"39e8446\" data-element_type=\"container\" data-e-type=\"container\">\r\n\t\t\t\t<div class=\"elementor-element elementor-element-541a662 mx-xxl-5 px-xxl-5 elementor-widget__width-inherit elementor-widget elementor-widget-image\" data-id=\"541a662\" data-element_type=\"widget\" data-e-type=\"widget\" data-widget_type=\"image.default\">\n\t\t\t\t\t\t\t\t\t\t\t\t\t\t\t<img decoding=\"async\" width=\"1080\" height=\"1080\" src=\"https:\/\/muccosignal.com\/wp-content\/uploads\/images\/kasim-cakmaktas-mucco-ceo.jpg\" class=\"attachment-full size-full wp-image-16190\" alt=\"\" \/>\t\t\t\t\t\t\t\t\t\t\t\t\t\t\t<\/div>\n\t\t\t\t<\/div>\n\t\t<div class=\"elementor-element elementor-element-fb46fe8 e-con-full e-flex e-con e-child\" data-id=\"fb46fe8\" data-element_type=\"container\" data-e-type=\"container\">\r\n\t\t\t\t<div class=\"elementor-element elementor-element-66d911f elementor-widget elementor-widget-heading\" data-id=\"66d911f\" data-element_type=\"widget\" data-e-type=\"widget\" data-widget_type=\"heading.default\">\n\t\t\t\t\t<h2 class=\"elementor-heading-title elementor-size-default\">Notre fondateur<\/h2>\t\t\t\t<\/div>\n\t\t\t\t<div class=\"elementor-element elementor-element-f0da8b4 elementor-widget elementor-widget-heading\" data-id=\"f0da8b4\" data-element_type=\"widget\" data-e-type=\"widget\" data-widget_type=\"heading.default\">\n\t\t\t\t\t<p class=\"elementor-heading-title elementor-size-default\"><p data-start=\"1308\" data-end=\"1590\">La qualit\u00e9 est notre pierre angulaire. Les dispositifs de signalisation Mucco sont con\u00e7us pour une vie industrielle r\u00e9elle - de longues heures de fonctionnement, des vibrations, de la poussi\u00e8re, de l'huile et des conditions m\u00e9t\u00e9orologiques difficiles. Nous utilisons de l'ABS et du polycarbonate de haute qualit\u00e9, des LED \u00e0 longue dur\u00e9e de vie, de l'\u00e9lectronique industrielle et des composants soigneusement s\u00e9lectionn\u00e9s dans chaque conception.<\/p><p data-start=\"1592\" data-end=\"1873\">Chaque produit est soumis \u00e0 des tests \u00e9lectriques, thermiques et fonctionnels avant d'arriver sur votre panneau ou votre machine. De la protection IP aux lentilles r\u00e9sistantes aux UV, chaque d\u00e9tail est choisi pour que vos avertisseurs sonores et lumineux fonctionnent ann\u00e9e apr\u00e8s ann\u00e9e, avec un minimum de maintenance et un maximum de s\u00e9curit\u00e9.<\/p><br>KASIM \u00c7AKMAKTA\u015e - DIRECTEUR G\u00c9N\u00c9RAL\nSinyalteknik Elektrik Otomasyon \u0130th.\u0130hr.San. ve Tic.Ltd.Sti<\/p>\t\t\t\t<\/div>\n\t\t\t\t<\/div>\n\t\t\t\t<\/div>\n\t\t<div class=\"elementor-element elementor-element-86915a7 e-con-full e-flex e-con e-parent\" data-id=\"86915a7\" data-element_type=\"container\" data-e-type=\"container\">\r\n\t\t<div class=\"elementor-element elementor-element-f51951d e-con-full ps-xxl-5 e-flex e-con e-child\" data-id=\"f51951d\" data-element_type=\"container\" data-e-type=\"container\">\r\n\t\t\t\t<div class=\"elementor-element elementor-element-47a8abc elementor-widget elementor-widget-heading\" data-id=\"47a8abc\" data-element_type=\"widget\" data-e-type=\"widget\" data-widget_type=\"heading.default\">\n\t\t\t\t\t<p class=\"elementor-heading-title elementor-size-default\"><p data-start=\"1944\" data-end=\"2251\">Mucco Sinyalteknik a \u00e9t\u00e9 fond\u00e9e par une \u00e9quipe d'ing\u00e9nieurs et de techniciens de terrain qui ont pass\u00e9 des ann\u00e9es \u00e0 l'int\u00e9rieur d'usines, de panneaux \u00e9lectriques et de lignes d'automatisation. Apr\u00e8s avoir constat\u00e9 que les produits de signalisation import\u00e9s \u00e9chouaient trop souvent - ou devenaient trop chers pour les projets locaux - ils ont d\u00e9cid\u00e9 de concevoir et de fabriquer leurs propres solutions.<\/p>\n<p data-start=\"2253\" data-end=\"2645\">Forts d'une solide exp\u00e9rience en \u00e9lectronique, en conception de circuits imprim\u00e9s et en automatisation industrielle, nos fondateurs ont commenc\u00e9 par mettre au point des feux de chemin\u00e9e et des balises capables de r\u00e9sister \u00e0 des conditions difficiles sans sacrifier la luminosit\u00e9 ou la fiabilit\u00e9. Ce qui n'\u00e9tait au d\u00e9part qu'un petit atelier en Turquie est devenu un fabricant sp\u00e9cialis\u00e9 qui fournit des OEM, des constructeurs de panneaux et des int\u00e9grateurs dans de nombreux pays.<\/p>\n<p data-start=\"2647\" data-end=\"2944\">Aujourd'hui, l'\u00e9quipe fondatrice travaille toujours en \u00e9troite collaboration avec les clients, transformant les commentaires du monde r\u00e9el en meilleurs produits et en d\u00e9tails plus intelligents. Mucco Sinyalteknik continue de refl\u00e9ter le m\u00eame \u00e9tat d'esprit d'ing\u00e9nierie qu'\u00e0 ses d\u00e9buts : des solutions de signalisation pratiques, durables et professionnelles con\u00e7ues pour l'industrie.<span style=\"font-size: 1.125rem;letter-spacing: -0.025em\"><\/span><\/p><\/p>\t\t\t\t<\/div>\n\t\t\t\t<\/div>\n\t\t<div class=\"elementor-element elementor-element-caf2937 e-con-full pe-xxl-5 e-flex e-con e-child\" data-id=\"caf2937\" data-element_type=\"container\" data-e-type=\"container\">\r\n\t\t\t\t<div class=\"elementor-element elementor-element-de94188 elementor-widget elementor-widget-image\" data-id=\"de94188\" data-element_type=\"widget\" data-e-type=\"widget\" data-widget_type=\"image.default\">\n\t\t\t\t\t\t\t\t\t\t\t\t\t\t\t<img loading=\"lazy\" decoding=\"async\" width=\"786\" height=\"580\" src=\"https:\/\/muccosignal.com\/wp-content\/uploads\/images\/mucco-homepage-3-e1764588592705.jpg\" class=\"attachment-full size-full wp-image-15459\" alt=\"\" srcset=\"https:\/\/muccosignal.com\/wp-content\/uploads\/images\/mucco-homepage-3-e1764588592705.jpg 786w, https:\/\/muccosignal.com\/wp-content\/uploads\/images\/mucco-homepage-3-e1764588592705-768x567.jpg 768w, https:\/\/muccosignal.com\/wp-content\/uploads\/images\/mucco-homepage-3-e1764588592705-640x472.jpg 640w, https:\/\/muccosignal.com\/wp-content\/uploads\/images\/mucco-homepage-3-e1764588592705-400x295.jpg 400w, https:\/\/muccosignal.com\/wp-content\/uploads\/images\/mucco-homepage-3-e1764588592705-600x443.jpg 600w\" sizes=\"(max-width: 786px) 100vw, 786px\" \/>\t\t\t\t\t\t\t\t\t\t\t\t\t\t\t<\/div>\n\t\t\t\t<\/div>\n\t\t\t\t<\/div>\n\t\t\t\t<\/div>","protected":false},"excerpt":{"rendered":"<p>Welcome to Mucco Sinyalteknik, where industrial safety meets smart visual and audible communication. Based in T\u00fcrkiye, we design and manufacture stack lights, signal beacons, obstruction lights, and warning horns for machinery, automation lines, and industrial plants. As a global company exporting to more than 105 countries, we proudly deliver reliable signalling solutions to customers worldwide. [&hellip;]<\/p>\n","protected":false},"author":1,"featured_media":0,"parent":0,"menu_order":0,"comment_status":"closed","ping_status":"closed","template":"","meta":{"content-type":"","footnotes":""},"class_list":["post-15","page","type-page","status-publish","hentry"],"_links":{"self":[{"href":"https:\/\/muccosignal.com\/fr\/wp-json\/wp\/v2\/pages\/15","targetHints":{"allow":["GET"]}}],"collection":[{"href":"https:\/\/muccosignal.com\/fr\/wp-json\/wp\/v2\/pages"}],"about":[{"href":"https:\/\/muccosignal.com\/fr\/wp-json\/wp\/v2\/types\/page"}],"author":[{"embeddable":true,"href":"https:\/\/muccosignal.com\/fr\/wp-json\/wp\/v2\/users\/1"}],"replies":[{"embeddable":true,"href":"https:\/\/muccosignal.com\/fr\/wp-json\/wp\/v2\/comments?post=15"}],"version-history":[{"count":6,"href":"https:\/\/muccosignal.com\/fr\/wp-json\/wp\/v2\/pages\/15\/revisions"}],"predecessor-version":[{"id":39978,"href":"https:\/\/muccosignal.com\/fr\/wp-json\/wp\/v2\/pages\/15\/revisions\/39978"}],"wp:attachment":[{"href":"https:\/\/muccosignal.com\/fr\/wp-json\/wp\/v2\/media?parent=15"}],"curies":[{"name":"wp","href":"https:\/\/api.w.org\/{rel}","templated":true}]}}