{"id":473,"date":"2024-07-12T14:01:58","date_gmt":"2024-07-12T14:01:58","guid":{"rendered":"http:\/\/sw-themes.com\/porto_dummy\/?page_id=473"},"modified":"2026-02-06T15:33:50","modified_gmt":"2026-02-06T15:33:50","slug":"nous-contacter","status":"publish","type":"page","link":"https:\/\/muccosignal.com\/fr\/nous-contacter\/","title":{"rendered":"Nous contacter"},"content":{"rendered":"<div data-elementor-type=\"wp-page\" data-elementor-id=\"473\" class=\"elementor elementor-473\">\n\t\t\t\t<div class=\"elementor-element elementor-element-b80af8b e-con-full e-flex e-con e-parent\" data-id=\"b80af8b\" data-element_type=\"container\" data-e-type=\"container\">\r\n\t\t\t\t<div class=\"elementor-element elementor-element-e912846 elementor-widget-divider--view-line elementor-widget elementor-widget-divider\" data-id=\"e912846\" data-element_type=\"widget\" data-e-type=\"widget\" data-widget_type=\"divider.default\">\n\t\t\t\t\t\t\t<div class=\"elementor-divider\">\n\t\t\t<span class=\"elementor-divider-separator\">\n\t\t\t\t\t\t<\/span>\n\t\t<\/div>\n\t\t\t\t\t\t<\/div>\n\t\t\t\t<\/div>\n\t\t<div class=\"elementor-element elementor-element-2bb7a93 e-con-full e-flex e-con e-parent\" data-id=\"2bb7a93\" data-element_type=\"container\" data-e-type=\"container\">\r\n\t\t<div class=\"elementor-element elementor-element-e82e989 e-con-full e-flex e-con e-child\" data-id=\"e82e989\" data-element_type=\"container\" data-e-type=\"container\">\r\n\t\t\t\t<div class=\"elementor-element elementor-element-6fdcca4 elementor-widget elementor-widget-heading\" data-id=\"6fdcca4\" data-element_type=\"widget\" data-e-type=\"widget\" data-widget_type=\"heading.default\">\n\t\t\t\t\t<h5 class=\"elementor-heading-title elementor-size-default\">ADRESSE<\/h5>\t\t\t\t<\/div>\n\t\t\t\t<div class=\"elementor-element elementor-element-b1a20ca elementor-widget elementor-widget-heading\" data-id=\"b1a20ca\" data-element_type=\"widget\" data-e-type=\"widget\" data-widget_type=\"heading.default\">\n\t\t\t\t\t<h2 class=\"elementor-heading-title elementor-size-default\">Bureau de production et de vente<\/h2>\t\t\t\t<\/div>\n\t\t\t\t<div class=\"elementor-element elementor-element-c9e78b7 store-location elementor-widget elementor-widget-text-editor\" data-id=\"c9e78b7\" data-element_type=\"widget\" data-e-type=\"widget\" data-widget_type=\"text-editor.default\">\n\t\t\t\t\t\t\t\t\t<ul class=\"list-type-none\"><li style=\"margin-bottom: 6px;\">\u0130kitelli OSB Mah. Giyim Sanatkarlar\u0131 Sitesi 2.Ada C Blok<\/li><li style=\"margin-bottom: 6px;\">\u0130\u00e7 Kap\u0131 No : 122 Ba\u015fak\u015fehir \/ Istanbul, Turquie<\/li><li><a class=\"text-reset\" href=\"tel: +90 212 292 47 48\">T\u00e9l\u00e9phone : +90 212 292 47 48 +90 212 292 47 48 <\/a><\/li><li><a class=\"text-reset\" href=\"tel: +90 212 292 47 48\">Gsm : +90 539 854 10 23<\/a><\/li><\/ul>\t\t\t\t\t\t\t\t<\/div>\n\t\t\t\t<div class=\"elementor-element elementor-element-06ff655 elementor-widget elementor-widget-porto_button\" data-id=\"06ff655\" data-element_type=\"widget\" data-e-type=\"widget\" data-widget_type=\"porto_button.default\">\n\t\t\t\t\t<a class=\"btn btn-md btn-primary\" href=\"mailto:info@muccosignal.com\"><span >info@muccosignal.com<\/span><\/a>\t\t\t\t<\/div>\n\t\t\t\t<div class=\"elementor-element elementor-element-5607cd1 elementor-widget elementor-widget-porto_button\" data-id=\"5607cd1\" data-element_type=\"widget\" data-e-type=\"widget\" data-widget_type=\"porto_button.default\">\n\t\t\t\t\t<a class=\"btn btn-md btn-primary\" href=\"mailto:sales@muccosignal.com\"><span >sales@muccosignal.com<\/span><\/a>\t\t\t\t<\/div>\n\t\t\t\t<\/div>\n\t\t\t\t<div class=\"elementor-element elementor-element-c43bbae elementor-widget__width-initial elementor-widget-tablet__width-initial elementor-widget elementor-widget-html\" data-id=\"c43bbae\" data-element_type=\"widget\" data-e-type=\"widget\" data-widget_type=\"html.default\">\n\t\t\t\t\t<iframe src=\"https:\/\/www.google.com\/maps\/embed?pb=!1m18!1m12!1m3!1d1503.9644065711573!2d28.807189221074758!3d41.07054867945578!2m3!1f0!2f0!3f0!3m2!1i1024!2i768!4f13.1!3m3!1m2!1s0x14cab9e692d38389%3A0xa27ae48d42356092!2sMucco%20Sinyalteknik!5e0!3m2!1str!2str!4v1764589277711!5m2!1str!2str\" width=\"600\" height=\"450\" style=\"border:0;\" allowfullscreen=\"\" loading=\"lazy\" referrerpolicy=\"no-referrer-when-downgrade\"><\/iframe>\t\t\t\t<\/div>\n\t\t\t\t<\/div>\n\t\t<div class=\"elementor-element elementor-element-982b585 e-grid e-con-boxed e-con e-parent\" data-id=\"982b585\" data-element_type=\"container\" data-e-type=\"container\">\r\n\t\t\t\t\t<div class=\"e-con-inner\">\r\n\t\t\t\t<div class=\"elementor-element elementor-element-1b1137e elementor-widget elementor-widget-text-editor\" data-id=\"1b1137e\" data-element_type=\"widget\" data-e-type=\"widget\" data-widget_type=\"text-editor.default\">\n\t\t\t\t\t\t\t\t\t<h2 data-start=\"277\" data-end=\"299\">Informations sur l'entreprise<\/h2><p data-start=\"301\" data-end=\"410\"><strong data-start=\"301\" data-end=\"324\">Nom l\u00e9gal de l'entreprise :<\/strong><br data-start=\"324\" data-end=\"327\" \/>SI\u0307NYALTEKNI\u0307K ELEKTRI\u0307K OTOMASYON I\u0307THALAT I\u0307HRACAT SANAYI\u0307 VE TI\u0307CARET LI\u0307MI\u0307TED \u015e\u0130RKET\u0130<\/p><p data-start=\"460\" data-end=\"622\"><strong data-start=\"460\" data-end=\"483\">Adresse du si\u00e8ge social :<\/strong><br data-start=\"483\" data-end=\"486\" \/>\u0130kitelli OSB Mah. Giyim Sanatkarlar\u0131 2C Sk.<br data-start=\"529\" data-end=\"532\" \/>Giyim Sanatkarlar\u0131 2C Blok No : 2, C Blok \u0130\u00e7 Kap\u0131 No : 122<br data-start=\"588\" data-end=\"591\" \/>Ba\u015fak\u015fehir \/ Istanbul, Turquie<\/p><p><strong data-start=\"624\" data-end=\"639\">Bureau des imp\u00f4ts :<\/strong> Bureau des imp\u00f4ts d'\u0130kitelli<br data-start=\"659\" data-end=\"662\" \/><strong data-start=\"662\" data-end=\"698\">Num\u00e9ro d'identification fiscale (VKN) : <\/strong>7710319948<\/p><p data-start=\"939\" data-end=\"1027\"><strong data-start=\"939\" data-end=\"965\">Bureau du registre du commerce :<\/strong> Registre du commerce d'Istanbul<br data-start=\"989\" data-end=\"992\" \/><strong data-start=\"992\" data-end=\"1018\">Num\u00e9ro d'immatriculation au registre du commerce :<\/strong> 750303<\/p>\t\t\t\t\t\t\t\t<\/div>\n\t\t\t\t<div class=\"elementor-element elementor-element-fd80246 elementor-widget elementor-widget-text-editor\" data-id=\"fd80246\" data-element_type=\"widget\" data-e-type=\"widget\" data-widget_type=\"text-editor.default\">\n\t\t\t\t\t\t\t\t\t<h2 data-start=\"957\" data-end=\"980\">Coordonn\u00e9es du compte bancaire<\/h2><p data-start=\"982\" data-end=\"1062\">Nom du compte :<br data-start=\"995\" data-end=\"998\" \/>SI\u0307NYALTEKNI\u0307K ELEKTRI\u0307K OTOMASYON I\u0307TH. \u0130HR. SAN. VE T\u0130C. LTD. \u015eT\u0130.<\/p><h3 data-start=\"1064\" data-end=\"1078\">Compte TL<\/h3><p data-start=\"1080\" data-end=\"1187\">Banque : Kuveyt T\u00fcrk Kat\u0131l\u0131m Bankas\u0131<br data-start=\"1113\" data-end=\"1116\" \/>Monnaie : TRY (livre turque)<br data-start=\"1144\" data-end=\"1147\" \/>IBAN : TR60 0020 5000 0912 9100 6000 02<\/p><h3 data-start=\"1189\" data-end=\"1204\">Compte en EUR<\/h3><p data-start=\"1206\" data-end=\"1305\">Banque : Kuveyt T\u00fcrk Kat\u0131l\u0131m Bankas\u0131<br data-start=\"1239\" data-end=\"1242\" \/>Monnaie : EUR (Euro)<br data-start=\"1262\" data-end=\"1265\" \/>IBAN : TR22 0020 5000 0912 9100 6001 04<\/p><h3 data-start=\"1307\" data-end=\"1322\">Compte en USD<\/h3><p data-start=\"1324\" data-end=\"1451\">Banque : Kuveyt T\u00fcrk Kat\u0131l\u0131m Bankas\u0131<br data-start=\"1357\" data-end=\"1360\" \/>Monnaie : USD (Dollar am\u00e9ricain)<br data-start=\"1385\" data-end=\"1388\" \/>IBAN : TR76 0020 5000 0912 9100 6001 02<br data-start=\"1426\" data-end=\"1429\" \/>Code SWIFT : KTEFTRIS<\/p>\t\t\t\t\t\t\t\t<\/div>\n\t\t\t\t\t<\/div>\n\t\t\t\t<\/div>\n\t\t<div class=\"elementor-element elementor-element-e444cba e-flex e-con-boxed e-con e-parent\" data-id=\"e444cba\" data-element_type=\"container\" data-e-type=\"container\" data-settings=\"{&quot;background_background&quot;:&quot;classic&quot;}\">\r\n\t\t\t\t\t<div class=\"e-con-inner\">\r\n\t\t\t\t<div class=\"elementor-element elementor-element-9c6d72e elementor-widget elementor-widget-heading\" data-id=\"9c6d72e\" data-element_type=\"widget\" data-e-type=\"widget\" data-widget_type=\"heading.default\">\n\t\t\t\t\t<p class=\"elementor-heading-title elementor-size-default\">Que vous ayez des questions, des commentaires ou besoin d'aide, notre \u00e9quipe est l\u00e0 pour vous aider. Prenez contact avec nous par l'un des canaux suivants et nous vous r\u00e9pondrons dans les plus brefs d\u00e9lais.<\/p>\t\t\t\t<\/div>\n\t\t<div class=\"elementor-element elementor-element-bbeaefa e-con-full e-flex e-con e-child\" data-id=\"bbeaefa\" data-element_type=\"container\" data-e-type=\"container\">\r\n\t\t<div class=\"elementor-element elementor-element-bbf63d9 e-con-full e-flex e-con e-child\" data-id=\"bbf63d9\" data-element_type=\"container\" data-e-type=\"container\">\r\n\t\t\t\t<div class=\"elementor-element elementor-element-756d859 elementor-widget elementor-widget-porto_ultimate_heading\" data-id=\"756d859\" data-element_type=\"widget\" data-e-type=\"widget\" data-widget_type=\"porto_ultimate_heading.default\">\n\t\t\t\t\t<div class=\"porto-u-heading  porto-u-ad87e2eaf3f9c495180fe0156ddf3eb0\"><div class=\"porto-u-main-heading\"><h2    style=\"margin-bottom: 0.9rem;\">Nous contacter<\/h2><\/div><div class=\"porto-u-sub-heading\" style=\"\">Notre \u00e9quipe d'assistance \u00e0 la client\u00e8le est \u00e0 votre disposition pour toute question concernant votre commande, les informations sur les tailles ou les d\u00e9tails des produits. Nous nous engageons \u00e0 faire en sorte que votre exp\u00e9rience d'achat soit fluide et agr\u00e9able.<\/div><style>.porto-u-ad87e2eaf3f9c495180fe0156ddf3eb0.porto-u-heading{text-align:left}<\/style><\/div>\t\t\t\t<\/div>\n\t\t\t\t<div class=\"elementor-element elementor-element-1b11475 elementor-widget elementor-widget-porto_contact_form\" data-id=\"1b11475\" data-element_type=\"widget\" data-e-type=\"widget\" data-widget_type=\"porto_contact_form.default\">\n\t\t\t\t\t\n<div class=\"wpcf7 no-js\" id=\"wpcf7-f15907-o1\" lang=\"\" dir=\"ltr\" data-wpcf7-id=\"15907\">\n<div class=\"screen-reader-response\"><p role=\"status\" aria-live=\"polite\" aria-atomic=\"true\"><\/p> <ul><\/ul><\/div>\n<form action=\"\/fr\/wp-json\/wp\/v2\/pages\/473#wpcf7-f15907-o1\" method=\"post\" class=\"wpcf7-form init\" aria-label=\"Formulaire de contact\" novalidate=\"novalidate\" data-status=\"init\" data-trp-original-action=\"\/fr\/wp-json\/wp\/v2\/pages\/473#wpcf7-f15907-o1\">\n<fieldset class=\"hidden-fields-container\"><input type=\"hidden\" name=\"_wpcf7\" value=\"15907\" \/><input type=\"hidden\" name=\"_wpcf7_version\" value=\"6.1.5\" \/><input type=\"hidden\" name=\"_wpcf7_locale\" value=\"\" \/><input type=\"hidden\" name=\"_wpcf7_unit_tag\" value=\"wpcf7-f15907-o1\" \/><input type=\"hidden\" name=\"_wpcf7_container_post\" value=\"0\" \/><input type=\"hidden\" name=\"_wpcf7_posted_data_hash\" value=\"\" \/>\n<\/fieldset>\n<div class=\"row\">\n    <div class=\"mb-3 col-md-6\">\n        <label class=\"d-block mb-2\">Nom *<\/label><span class=\"wpcf7-form-control-wrap\" data-name=\"text-102\"><input size=\"40\" maxlength=\"400\" class=\"wpcf7-form-control wpcf7-text wpcf7-validates-as-required w-100\" aria-required=\"true\" aria-invalid=\"false\" value=\"\" type=\"text\" name=\"text-102\" \/><\/span>\n    <\/div>\n    <div class=\"mb-3 col-md-6\">\n        <label class=\"d-block mb-2\">Sujet *<\/label><span class=\"wpcf7-form-control-wrap\" data-name=\"text-623\"><input size=\"40\" maxlength=\"400\" class=\"wpcf7-form-control wpcf7-text wpcf7-validates-as-required w-100\" aria-required=\"true\" aria-invalid=\"false\" value=\"\" type=\"text\" name=\"text-623\" \/><\/span>\n    <\/div>\n<\/div>\n<div class=\"row\">\n    <div class=\"mb-3 col-md-6\">\n        <label class=\"d-block mb-2\">E-mail *<\/label><span class=\"wpcf7-form-control-wrap\" data-name=\"text-102\"><input size=\"40\" maxlength=\"400\" class=\"wpcf7-form-control wpcf7-text wpcf7-validates-as-required w-100\" aria-required=\"true\" aria-invalid=\"false\" value=\"\" type=\"text\" name=\"text-102\" \/><\/span>\n    <\/div>\n    <div class=\"mb-3 col-md-6\">\n        <label class=\"d-block mb-2\">T\u00e9l\u00e9phone *<\/label><span class=\"wpcf7-form-control-wrap\" data-name=\"text-623\"><input size=\"40\" maxlength=\"400\" class=\"wpcf7-form-control wpcf7-text wpcf7-validates-as-required w-100\" aria-required=\"true\" aria-invalid=\"false\" value=\"\" type=\"text\" name=\"text-623\" \/><\/span>\n    <\/div>\n<\/div>\n<p class=\"col-12 m-b-lg\">\n    <label class=\"d-block mb-2\">Message *<\/label><span class=\"wpcf7-form-control-wrap\" data-name=\"Comments\"><textarea cols=\"40\" rows=\"10\" maxlength=\"2000\" class=\"wpcf7-form-control wpcf7-textarea d-block w-100\" aria-invalid=\"false\" name=\"Comments\"><\/textarea><\/span>\n<\/p>\n<p class=\"col-12\"><input class=\"wpcf7-form-control wpcf7-submit has-spinner btn btn-dark\" type=\"submit\" value=\"Soumettre\" \/><\/p><div class=\"wpcf7-response-output\" aria-hidden=\"true\"><\/div>\n<input type=\"hidden\" name=\"trp-form-language\" value=\"fr\"\/><\/form>\n<\/div>\n\t\t\t\t<\/div>\n\t\t\t\t<\/div>\n\t\t<div class=\"elementor-element elementor-element-eb3c00f e-con-full e-flex e-con e-child\" data-id=\"eb3c00f\" data-element_type=\"container\" data-e-type=\"container\">\r\n\t\t\t\t<div class=\"elementor-element elementor-element-baddd5c elementor-widget elementor-widget-heading\" data-id=\"baddd5c\" data-element_type=\"widget\" data-e-type=\"widget\" data-widget_type=\"heading.default\">\n\t\t\t\t\t<h2 class=\"elementor-heading-title elementor-size-default\">Soutien \u00e0 la client\u00e8le<\/h2>\t\t\t\t<\/div>\n\t\t\t\t<div class=\"elementor-element elementor-element-b768008 elementor-widget elementor-widget-porto_ultimate_heading\" data-id=\"b768008\" data-element_type=\"widget\" data-e-type=\"widget\" data-widget_type=\"porto_ultimate_heading.default\">\n\t\t\t\t\t<div class=\"porto-u-heading  porto-u-ad87e2eaf3f9c495180fe0156ddf3eb0\"><div class=\"porto-u-main-heading\"><h4    style=\"margin-bottom: 3px;\">Soutien disponible :<\/h4><\/div><div class=\"porto-u-sub-heading\" style=\"\"><p>Du lundi au vendredi, de 8h \u00e0 18h<br \/><br \/><br \/><\/p><\/div><style>.porto-u-ad87e2eaf3f9c495180fe0156ddf3eb0.porto-u-heading{text-align:left}<\/style><\/div>\t\t\t\t<\/div>\n\t\t\t\t<div class=\"elementor-element elementor-element-68c75da elementor-widget elementor-widget-heading\" data-id=\"68c75da\" data-element_type=\"widget\" data-e-type=\"widget\" data-widget_type=\"heading.default\">\n\t\t\t\t\t<h2 class=\"elementor-heading-title elementor-size-default\">Liens rapides<\/h2>\t\t\t\t<\/div>\n\t\t\t\t<div class=\"elementor-element elementor-element-fd15d42 elementor-widget elementor-widget-porto_info_box\" data-id=\"fd15d42\" data-element_type=\"widget\" data-e-type=\"widget\" data-widget_type=\"porto_info_box.default\">\n\t\t\t\t\t<a aria-label=\"Aide et FAQ\" class=\"porto-sicon-box-link\" href=\"\/fr\/nous-contacter\/\"><div class=\"porto-sicon-box style_1 left-icon\"><div class=\"porto-sicon-left\"><div class=\"porto-just-icon-wrapper porto-sicon-img  porto-icon-d751713988987e9331980363e24189ce\" style=\"\"><img decoding=\"async\" class=\"img-icon\" alt=\"\" src=\"https:\/\/muccosignal.com\/wp-content\/uploads\/images\/shop52-icon-6.png\" width=\"26\" height=\"26\" \/><\/div><\/div><div class=\"porto-sicon-body\"><div class=\"porto-sicon-header\"><h3 class=\"porto-sicon-title\" style=\"\">Aide et FAQ<\/h3><\/div> <!-- header --><\/div><\/div><!-- porto-sicon-box --><\/a>\t\t\t\t<\/div>\n\t\t\t\t<div class=\"elementor-element elementor-element-15e32a1 elementor-widget elementor-widget-porto_info_box\" data-id=\"15e32a1\" data-element_type=\"widget\" data-e-type=\"widget\" data-widget_type=\"porto_info_box.default\">\n\t\t\t\t\t<a aria-label=\"Se connecter \/ S&#039;inscrire\" class=\"porto-sicon-box-link\" href=\"\/fr\/mon-compte\/\"><div class=\"porto-sicon-box style_1 left-icon\"><div class=\"porto-sicon-left\"><div class=\"porto-just-icon-wrapper porto-sicon-img  porto-icon-d751713988987e9331980363e24189ce\" style=\"\"><img decoding=\"async\" class=\"img-icon\" alt=\"\" src=\"https:\/\/muccosignal.com\/wp-content\/uploads\/images\/shop52-icon-7.png\" width=\"25\" height=\"25\" \/><\/div><\/div><div class=\"porto-sicon-body\"><div class=\"porto-sicon-header\"><h3 class=\"porto-sicon-title\" style=\"\">Se connecter \/ S'inscrire<\/h3><\/div> <!-- header --><\/div><\/div><!-- porto-sicon-box --><\/a>\t\t\t\t<\/div>\n\t\t\t\t<div class=\"elementor-element elementor-element-98eb8f9 elementor-widget elementor-widget-porto_info_box\" data-id=\"98eb8f9\" data-element_type=\"widget\" data-e-type=\"widget\" data-widget_type=\"porto_info_box.default\">\n\t\t\t\t\t<a aria-label=\"Suivre votre commande\" class=\"porto-sicon-box-link\" href=\"\/fr\/suivi-des-commandes\/\"><div class=\"porto-sicon-box style_1 left-icon\"><div class=\"porto-sicon-left\"><div class=\"porto-just-icon-wrapper porto-sicon-img  porto-icon-d751713988987e9331980363e24189ce\" style=\"\"><img decoding=\"async\" class=\"img-icon\" alt=\"\" src=\"https:\/\/muccosignal.com\/wp-content\/uploads\/images\/shop52-icon-8.png\" width=\"25\" height=\"27\" \/><\/div><\/div><div class=\"porto-sicon-body\"><div class=\"porto-sicon-header\"><h3 class=\"porto-sicon-title\" style=\"\">Suivre votre commande<\/h3><\/div> <!-- header --><\/div><\/div><!-- porto-sicon-box --><\/a>\t\t\t\t<\/div>\n\t\t\t\t<div class=\"elementor-element elementor-element-d63bbcd elementor-widget elementor-widget-porto_info_box\" data-id=\"d63bbcd\" data-element_type=\"widget\" data-e-type=\"widget\" data-widget_type=\"porto_info_box.default\">\n\t\t\t\t\t<a aria-label=\"Exp\u00e9dition et retours\" class=\"porto-sicon-box-link\" href=\"\/fr\/remboursements\/\"><div class=\"porto-sicon-box style_1 left-icon\"><div class=\"porto-sicon-left\"><div class=\"porto-just-icon-wrapper porto-sicon-img  porto-icon-d751713988987e9331980363e24189ce\" style=\"\"><img loading=\"lazy\" decoding=\"async\" class=\"img-icon\" alt=\"\" src=\"https:\/\/muccosignal.com\/wp-content\/uploads\/images\/shop52-icon-9.png\" width=\"26\" height=\"27\" \/><\/div><\/div><div class=\"porto-sicon-body\"><div class=\"porto-sicon-header\"><h3 class=\"porto-sicon-title\" style=\"\">Exp\u00e9dition et retours<\/h3><\/div> <!-- header --><\/div><\/div><!-- porto-sicon-box --><\/a>\t\t\t\t<\/div>\n\t\t\t\t<\/div>\n\t\t\t\t<\/div>\n\t\t\t\t\t<\/div>\n\t\t\t\t<\/div>\n\t\t\t\t<\/div>","protected":false},"excerpt":{"rendered":"<p>ADRESS Production and Sales Office \u0130kitelli OSB Mah. Giyim Sanatkarlar\u0131 Sitesi 2.Ada C Blok \u0130\u00e7 Kap\u0131 No: 122\u00a0 \u00a0 Ba\u015fak\u015fehir \/ Istanbul, Turkey Phone: +90 212 292 47 48 Gsm: +90 539 854 10 23 info@muccosignal.com sales@muccosignal.com Company Information Legal Company Name:S\u0130NYALTEKN\u0130K ELEKTR\u0130K OTOMASYON \u0130THALAT \u0130HRACAT SANAY\u0130 VE T\u0130CARET L\u0130M\u0130TED \u015e\u0130RKET\u0130 Registered Address:\u0130kitelli OSB Mah. [&hellip;]<\/p>\n","protected":false},"author":1,"featured_media":0,"parent":0,"menu_order":0,"comment_status":"closed","ping_status":"closed","template":"","meta":{"content-type":"","footnotes":""},"class_list":["post-473","page","type-page","status-publish","hentry"],"_links":{"self":[{"href":"https:\/\/muccosignal.com\/fr\/wp-json\/wp\/v2\/pages\/473","targetHints":{"allow":["GET"]}}],"collection":[{"href":"https:\/\/muccosignal.com\/fr\/wp-json\/wp\/v2\/pages"}],"about":[{"href":"https:\/\/muccosignal.com\/fr\/wp-json\/wp\/v2\/types\/page"}],"author":[{"embeddable":true,"href":"https:\/\/muccosignal.com\/fr\/wp-json\/wp\/v2\/users\/1"}],"replies":[{"embeddable":true,"href":"https:\/\/muccosignal.com\/fr\/wp-json\/wp\/v2\/comments?post=473"}],"version-history":[{"count":3,"href":"https:\/\/muccosignal.com\/fr\/wp-json\/wp\/v2\/pages\/473\/revisions"}],"predecessor-version":[{"id":39253,"href":"https:\/\/muccosignal.com\/fr\/wp-json\/wp\/v2\/pages\/473\/revisions\/39253"}],"wp:attachment":[{"href":"https:\/\/muccosignal.com\/fr\/wp-json\/wp\/v2\/media?parent=473"}],"curies":[{"name":"wp","href":"https:\/\/api.w.org\/{rel}","templated":true}]}}