{"id":20913,"date":"2025-12-12T16:21:25","date_gmt":"2025-12-12T16:21:25","guid":{"rendered":"http:\/\/localhost:10004\/?post_type=product&#038;p=20913"},"modified":"2026-03-10T13:21:16","modified_gmt":"2026-03-10T13:21:16","slug":"serie-50-lampes-modulaires-a-ecrou-avec-connecteur-m12-8-broches-a-une-couche","status":"publish","type":"product","link":"https:\/\/muccosignal.com\/fr\/produit\/serie-50-lampes-modulaires-a-ecrou-avec-connecteur-m12-8-broches-a-une-couche\/","title":{"rendered":"S\u00e9rie 50 Connecteur M12 \u00e0 8 broches avec connexion par \u00e9crou"},"content":{"rendered":"","protected":false},"excerpt":{"rendered":"<p><iframe title=\"Lecteur vid\u00e9o YouTube\" src=\"https:\/\/www.youtube-nocookie.com\/embed\/V9AHaqTQZmA?rel=0&#038;modestbranding=1&#038;playsinline=1&#038;controls=0\" width=\"560\" height=\"315\" frameborder=\"0\" allow=\"autoplay; encrypted-media; picture-in-picture\" allowfullscreen><\/iframe><\/p>","protected":false},"featured_media":20841,"comment_status":"open","ping_status":"closed","template":"","meta":{"content-type":""},"product_brand":[189],"product_cat":[218,466],"product_tag":[],"class_list":{"0":"post-20913","1":"product","2":"type-product","3":"status-publish","4":"has-post-thumbnail","6":"product_brand-mucco","7":"product_cat-modular-stack-lights","8":"product_cat-modular-stack-lights-2","10":"first","11":"instock","12":"taxable","13":"shipping-taxable","14":"purchasable","15":"product-type-variable","16":"has-default-attributes"},"_links":{"self":[{"href":"https:\/\/muccosignal.com\/fr\/wp-json\/wp\/v2\/product\/20913","targetHints":{"allow":["GET"]}}],"collection":[{"href":"https:\/\/muccosignal.com\/fr\/wp-json\/wp\/v2\/product"}],"about":[{"href":"https:\/\/muccosignal.com\/fr\/wp-json\/wp\/v2\/types\/product"}],"replies":[{"embeddable":true,"href":"https:\/\/muccosignal.com\/fr\/wp-json\/wp\/v2\/comments?post=20913"}],"wp:featuredmedia":[{"embeddable":true,"href":"https:\/\/muccosignal.com\/fr\/wp-json\/wp\/v2\/media\/20841"}],"wp:attachment":[{"href":"https:\/\/muccosignal.com\/fr\/wp-json\/wp\/v2\/media?parent=20913"}],"wp:term":[{"taxonomy":"product_brand","embeddable":true,"href":"https:\/\/muccosignal.com\/fr\/wp-json\/wp\/v2\/product_brand?post=20913"},{"taxonomy":"product_cat","embeddable":true,"href":"https:\/\/muccosignal.com\/fr\/wp-json\/wp\/v2\/product_cat?post=20913"},{"taxonomy":"product_tag","embeddable":true,"href":"https:\/\/muccosignal.com\/fr\/wp-json\/wp\/v2\/product_tag?post=20913"}],"curies":[{"name":"wp","href":"https:\/\/api.w.org\/{rel}","templated":true}]}}