{"id":16226,"date":"2025-12-03T11:18:17","date_gmt":"2025-12-03T11:18:17","guid":{"rendered":"http:\/\/localhost:10004\/?page_id=16226"},"modified":"2025-12-03T11:23:02","modified_gmt":"2025-12-03T11:23:02","slug":"syarat-dan-ketentuan","status":"publish","type":"page","link":"https:\/\/muccosignal.com\/id\/syarat-dan-ketentuan\/","title":{"rendered":"Syarat &amp; Ketentuan"},"content":{"rendered":"<div data-elementor-type=\"wp-page\" data-elementor-id=\"16226\" class=\"elementor elementor-16226\">\n\t\t\t\t<div class=\"elementor-element elementor-element-2f6d6c7d e-flex e-con-boxed e-con e-parent\" data-id=\"2f6d6c7d\" data-element_type=\"container\" data-e-type=\"container\">\r\n\t\t\t\t\t<div class=\"e-con-inner\">\r\n\t\t\t\t<div class=\"elementor-element elementor-element-57aba3ac elementor-widget elementor-widget-text-editor\" data-id=\"57aba3ac\" data-element_type=\"widget\" data-e-type=\"widget\" data-widget_type=\"text-editor.default\">\n\t\t\t\t\t\t\t\t\t\n<p><strong>Terakhir diperbarui: 03 Desember 2025<\/strong><\/p>\n\n<p>Syarat &amp; Ketentuan ini (\u201c<strong>Ketentuan<\/strong>\u201d) mengatur penggunaan Anda atas situs web <strong><a href=\"https:\/\/muccosignal.com\/id\/\">https:\/\/muccosignal.com\/<\/a><\/strong> (yang \u201c<strong>Situs web<\/strong>\u201d) dan setiap pembelian produk yang dilakukan melalui Situs Web.<\/p>\n\n<p>Dengan mengakses atau menggunakan Situs Web, atau dengan melakukan pemesanan, Anda setuju untuk terikat oleh Ketentuan ini. Jika Anda tidak setuju, Anda tidak boleh menggunakan Situs Web.<\/p>\n<hr class=\"wp-block-separator has-alpha-channel-opacity\" \/>\n<h3 class=\"wp-block-heading\">1. Detail Perusahaan<\/h3>\n\n<p>Situs web ini dioperasikan oleh:<\/p>\n\n<p><strong>Sinyalteknik Elektrik Otomasyon \u0130thalat \u0130hracat Sanayi ve Ticaret Limited \u015eirketi<\/strong><br \/>diperdagangkan sebagai <strong>Mucco Sinyalteknik<\/strong><br \/>Kantor terdaftar: \u0130kitelli OSB Mah. Giyim Sanatkarlar\u0131 2C Sk. Giyim Sanatkarlar\u0131 2C Blok No: 2 C Blok \u0130\u00e7 Kap\u0131 No: 122, Ba\u015fak\u015fehir \/ \u0130stanbul, T\u00fcrkiye VERG\u0130 LEVHASI-2023<br \/>No. Pendaftaran Perdagangan Istanbul <strong>750303<\/strong><br \/>Kode aktivitas utama: <strong>261201 - Manufaktur PCB elektronik yang dimuat dan rakitan elektronik terkait<\/strong><\/p>\n\n<p><strong>Telepon:<\/strong> +90 212 292 47 48<br \/><strong>E-mail:<\/strong> <a>info@muccosignal.com<\/a><br \/><strong>Situs web:<\/strong> <a href=\"https:\/\/muccosignal.com\/id\/\">https:\/\/muccosignal.com\/<\/a><\/p>\n<hr class=\"wp-block-separator has-alpha-channel-opacity\" \/>\n<h3 class=\"wp-block-heading\">2. Ruang Lingkup Ketentuan-ketentuan Ini<\/h3>\n\n<p>Ketentuan ini berlaku untuk:<\/p>\n\n<ul class=\"wp-block-list\">\n<li>Penggunaan Anda atas Situs Web dan konten, informasi, dokumen, atau media apa pun yang disediakan di dalamnya<\/li>\n\n<li>Setiap penawaran, pemesanan, penjualan, dan pengiriman produk yang dilakukan melalui Situs Web atau secara langsung mengacu pada Ketentuan ini<\/li>\n<\/ul>\n\n<p>Jika terjadi pertentangan antara Ketentuan ini dan kontrak tertulis terpisah yang ditandatangani antara Anda dan Mucco Sinyalteknik, maka kontrak tertulislah yang berlaku.<\/p>\n<hr class=\"wp-block-separator has-alpha-channel-opacity\" \/>\n<h3 class=\"wp-block-heading\">3. Pelanggan Bisnis \/ Penggunaan Industri<\/h3>\n\n<p>Produk kami terutama dirancang dan dipasok untuk <strong>penggunaan profesional dan industri<\/strong> (B2B - bisnis ke bisnis).<\/p>\n\n<p>Dengan melakukan pemesanan, Anda mengonfirmasikannya:<\/p>\n\n<ul class=\"wp-block-list\">\n<li>Anda membeli atas nama bisnis, organisasi, atau pengguna profesional; dan<\/li>\n\n<li>Anda akan memastikan pemasangan dan penggunaan dilakukan oleh personel yang berkualifikasi dan sesuai dengan standar, diagram pengkabelan, dan peraturan keselamatan yang relevan.<\/li>\n<\/ul>\n\n<p>Hak-hak hukum konsumen mungkin tidak berlaku dengan cara yang sama seperti yang berlaku untuk penjualan B2C (konsumen) pada umumnya. Sejauh hukum perlindungan konsumen wajib berlaku, tidak ada dalam Ketentuan ini yang dimaksudkan untuk membatasi hak-hak tersebut.<\/p>\n<hr class=\"wp-block-separator has-alpha-channel-opacity\" \/>\n<h3 class=\"wp-block-heading\">4. Penggunaan Situs Web<\/h3>\n\n<p>Anda setuju untuk menggunakan Situs Web hanya untuk tujuan yang sah dan dengan cara yang tidak melanggar hukum:<\/p>\n\n<ul class=\"wp-block-list\">\n<li>Melanggar hak-hak Mucco Sinyalteknik atau pihak ketiga manapun<\/li>\n\n<li>Mengganggu atau mengacaukan operasi dan keamanan Situs Web<\/li>\n\n<li>Menyalahgunakan konten, gambar, dokumen, atau informasi teknis apa pun<\/li>\n<\/ul>\n\n<p>Anda tidak boleh mencoba untuk mendapatkan akses yang tidak sah ke bagian mana pun dari Situs Web, server, atau sistem terkait.<\/p>\n\n<p>Kami dapat menangguhkan atau menghentikan akses ke Situs Web kapan saja untuk alasan keamanan, pemeliharaan, atau alasan bisnis lainnya.<\/p>\n<hr class=\"wp-block-separator has-alpha-channel-opacity\" \/>\n<h3 class=\"wp-block-heading\">5. Informasi Produk dan Data Teknis<\/h3>\n\n<p>Kami berusaha menjaga agar semua deskripsi produk, dokumen teknis, foto, dan lembar data tetap akurat dan terbaru; namun demikian, kami berusaha menjaga agar semua deskripsi produk, dokumen teknis, foto, dan lembar data tetap akurat dan terkini:<\/p>\n\n<ul class=\"wp-block-list\">\n<li>Spesifikasi produk, dimensi, kecerahan, tingkat suara, warna, dan fitur lainnya dapat berubah karena adanya perbaikan terus-menerus<\/li>\n\n<li>Foto dan render 3D bersifat ilustratif dan mungkin berbeda dari produk yang sesungguhnya<\/li>\n\n<li>Anda bertanggung jawab untuk memverifikasi bahwa produk tersebut sesuai untuk aplikasi spesifik Anda (voltase, peringkat IP, sertifikasi, dll.)<\/li>\n<\/ul>\n\n<p>Kami berhak untuk memperbaiki kesalahan ketik, teknis, atau harga tanpa pemberitahuan sebelumnya.<\/p>\n<hr class=\"wp-block-separator has-alpha-channel-opacity\" \/>\n<h3 class=\"wp-block-heading\">6. Harga, Pajak dan Mata Uang<\/h3>\n\n<p>Kecuali dinyatakan lain:<\/p>\n\n<ul class=\"wp-block-list\">\n<li>Semua harga yang ditampilkan di Situs Web adalah <strong>belum termasuk PPN<\/strong> dan pajak, bea, atau biaya lain yang berlaku<\/li>\n\n<li>PPN dan biaya lain yang berlaku akan ditambahkan pada saat pembayaran atau pada saat penagihan, sesuai dengan peraturan yang berlaku<\/li>\n\n<li>Harga dapat berubah sewaktu-waktu tanpa pemberitahuan sebelumnya, tetapi perubahan tersebut tidak akan mempengaruhi pesanan yang sudah dikonfirmasi<\/li>\n<\/ul>\n\n<p>Jika terjadi kesalahan harga yang jelas (misalnya, produk yang terdaftar dengan harga yang sangat rendah karena kesalahan yang jelas), kami berhak untuk membatalkan pesanan dan mengembalikan dana yang telah dibayarkan.<\/p>\n<hr class=\"wp-block-separator has-alpha-channel-opacity\" \/>\n<h3 class=\"wp-block-heading\">7. Pesanan dan Pembentukan Kontrak<\/h3>\n\n<p>Dengan melakukan pemesanan di Situs Web, Anda:<\/p>\n\n<ul class=\"wp-block-list\">\n<li>Konfirmasikan bahwa semua informasi yang Anda berikan (penagihan, pengiriman, rincian pajak) akurat dan lengkap<\/li>\n\n<li>Mengizinkan kami untuk menggunakan informasi tersebut untuk memproses pesanan Anda dan menerbitkan faktur<\/li>\n<\/ul>\n\n<p>Pesanan dianggap diterima dan kontrak yang mengikat terbentuk hanya jika:<\/p>\n\n<ul class=\"wp-block-list\">\n<li>Anda menerima konfirmasi pesanan dari kami melalui email <strong>dan<\/strong><\/li>\n\n<li>Pembayaran berhasil diterima (kecuali jika disepakati lain secara tertulis)<\/li>\n<\/ul>\n\n<p>Kami berhak untuk menolak atau membatalkan pesanan dengan alasan termasuk namun tidak terbatas pada ketersediaan produk, harga yang tidak benar, atau dugaan penipuan.<\/p>\n<hr class=\"wp-block-separator has-alpha-channel-opacity\" \/>\n<h3 class=\"wp-block-heading\">8. Ketentuan Pembayaran<\/h3>\n\n<p>Metode pembayaran yang diterima tercantum di Situs Web (misalnya, transfer bank, kartu kredit, gerbang pembayaran online).<\/p>\n\n<ul class=\"wp-block-list\">\n<li>Pembayaran umumnya diperlukan <strong>di muka<\/strong>, kecuali jika ada perjanjian tertulis yang terpisah (misalnya, persyaratan kredit untuk pelanggan reguler).<\/li>\n\n<li>Jika pembayaran tidak diterima dalam waktu yang ditentukan, kami dapat membatalkan pesanan.<\/li>\n<\/ul>\n\n<p>Untuk transfer bank, biaya atau ongkos bank apa pun menjadi tanggung jawab pelanggan.<\/p>\n<hr class=\"wp-block-separator has-alpha-channel-opacity\" \/>\n<h3 class=\"wp-block-heading\">9. Pengiriman dan Pengiriman<\/h3>\n\n<p>Pengiriman dan penyerahan produk diatur oleh ketentuan terpisah kami <strong>Kebijakan Pengiriman &amp; Pengiriman<\/strong>, yang merupakan bagian dari Ketentuan ini dan dimasukkan sebagai referensi.<\/p>\n\n<p>Dengan melakukan pemesanan, Anda menyetujui Kebijakan Pengiriman &amp; Pengiriman yang tersedia di Situs Web kami.<\/p>\n\n<p>Risiko kehilangan dan kerusakan beralih kepada Anda setelah pengiriman produk ke pengangkut, kecuali jika diwajibkan oleh hukum wajib. Hak milik atas barang berpindah setelah pembayaran penuh harga pembelian.<\/p>\n<hr class=\"wp-block-separator has-alpha-channel-opacity\" \/>\n<h3 class=\"wp-block-heading\">10. Pengembalian, Pengembalian Uang, dan Garansi<\/h3>\n\n<p>Kami <strong>Kebijakan Pengembalian Dana dan Pengembalian Barang<\/strong> menetapkan kondisi di mana:<\/p>\n\n<ul class=\"wp-block-list\">\n<li>Klaim untuk barang yang rusak atau salah dapat dilakukan (dalam jangka waktu terbatas, biasanya 15 hari sejak pengiriman), dan<\/li>\n\n<li>Apakah ada penggantian, kredit toko, atau upaya hukum lain yang dapat ditawarkan<\/li>\n<\/ul>\n\n<p>Kami umumnya melakukan <strong>tidak<\/strong> menerima pengembalian atau menawarkan pengembalian dana untuk produk yang dikirim dengan benar dan tidak cacat, kecuali jika diwajibkan oleh hukum yang berlaku.<\/p>\n\n<p>Silakan merujuk ke <strong>Kebijakan Pengembalian Dana dan Pengembalian Barang<\/strong> di Situs Web kami untuk detail lengkapnya.<\/p>\n\n<p>Cakupan garansi, jika berlaku, terbatas pada persyaratan yang ditentukan untuk setiap produk atau kelompok produk dan mungkin tunduk pada pemasangan yang tepat, penggunaan yang benar, dan kondisi lingkungan.<\/p>\n<hr class=\"wp-block-separator has-alpha-channel-opacity\" \/>\n<h3 class=\"wp-block-heading\">11. Kekayaan Intelektual<\/h3>\n\n<p>Semua konten di Situs Web, termasuk logo, merek dagang, nama produk, foto, gambar teknis, ikon, video, dokumen, dan teks, adalah milik Mucco Sinyalteknik atau pemberi lisensinya dan dilindungi oleh undang-undang kekayaan intelektual.<\/p>\n\n<p>Boleh:<\/p>\n\n<ul class=\"wp-block-list\">\n<li>Melihat dan mencetak konten untuk penggunaan bisnis internal Anda<\/li>\n\n<li>Unduh dokumen teknis untuk tujuan pemasangan atau penggunaan produk kami<\/li>\n<\/ul>\n\n<p>Anda mungkin tidak:<\/p>\n\n<ul class=\"wp-block-list\">\n<li>Menyalin, mereproduksi, atau mendistribusikan konten Situs Web untuk tujuan komersial tanpa persetujuan tertulis dari kami<\/li>\n\n<li>Memodifikasi atau menghapus hak cipta, merek dagang, atau pemberitahuan hak milik lainnya<\/li>\n<\/ul>\n<hr class=\"wp-block-separator has-alpha-channel-opacity\" \/>\n<h3 class=\"wp-block-heading\">12. Batasan Tanggung Jawab<\/h3>\n\n<p>Sejauh yang diizinkan oleh hukum:<\/p>\n\n<ul class=\"wp-block-list\">\n<li>Mucco Sinyalteknik tidak akan bertanggung jawab atas <strong>kerusakan tidak langsung, insidental, konsekuensial atau khusus<\/strong>, termasuk namun tidak terbatas pada kehilangan keuntungan, kehilangan data, kehilangan bisnis atau waktu henti produksi, yang timbul dari penggunaan atau ketidakmampuan untuk menggunakan Situs Web atau produk.<\/li>\n\n<li>Total kewajiban agregat kami untuk setiap klaim terkait pesanan tidak akan melebihi <strong>jumlah yang dibayarkan<\/strong> untuk produk yang menimbulkan klaim tersebut.<\/li>\n<\/ul>\n\n<p>Tidak ada dalam Ketentuan ini yang mengecualikan atau membatasi tanggung jawab di mana pengecualian atau pembatasan tersebut akan melanggar hukum (misalnya, dalam kasus kesalahan yang disengaja atau kelalaian berat, atau di mana peraturan tanggung jawab produk wajib berlaku).<\/p>\n<hr class=\"wp-block-separator has-alpha-channel-opacity\" \/>\n<h3 class=\"wp-block-heading\">13. Keadaan Kahar<\/h3>\n\n<p>Kami tidak bertanggung jawab atas kegagalan atau keterlambatan dalam pelaksanaan kewajiban kami apabila kegagalan atau keterlambatan tersebut disebabkan oleh peristiwa di luar kendali kami, termasuk namun tidak terbatas pada bencana alam, perang, pemogokan, pandemi, tindakan pemerintah, gangguan rantai pasokan, gangguan listrik, atau pemadaman internet.<\/p>\n<hr class=\"wp-block-separator has-alpha-channel-opacity\" \/>\n<h3 class=\"wp-block-heading\">14. Hukum dan Yurisdiksi yang Mengatur<\/h3>\n\n<p>Ketentuan ini diatur oleh dan ditafsirkan sesuai dengan hukum negara <strong>Republik Turki<\/strong>, tanpa memperhatikan pertentangan prinsip-prinsip hukum.<\/p>\n\n<p>Setiap perselisihan yang timbul dari atau sehubungan dengan Ketentuan ini atau pesanan apa pun akan tunduk pada yurisdiksi eksklusif dari <strong>Pengadilan Istanbul dan Kantor Penegakan Hukum<\/strong>, kecuali jika hukum yang berlaku mengharuskan lain.<\/p>\n<hr class=\"wp-block-separator has-alpha-channel-opacity\" \/>\n<h3 class=\"wp-block-heading\">15. Perubahan pada Ketentuan-Ketentuan Ini<\/h3>\n\n<p>Kami dapat memperbarui atau mengubah Ketentuan ini dari waktu ke waktu. Ketika kami melakukannya, kami akan memperbarui tanggal \u201cTerakhir diperbarui\u201d di bagian atas halaman ini.<\/p>\n\n<p>Penggunaan Situs Web atau penempatan pesanan yang berkelanjutan setelah perubahan tersebut akan dianggap sebagai penerimaan Anda terhadap Ketentuan yang direvisi.<\/p>\n<hr class=\"wp-block-separator has-alpha-channel-opacity\" \/>\n<h3 class=\"wp-block-heading\">16. Kontak<\/h3>\n\n<p>Jika Anda memiliki pertanyaan tentang Ketentuan ini, silakan hubungi kami:<\/p>\n\n<p><strong>Mucco Sinyalteknik<\/strong><br \/>Telepon +90 212 292 47 48<br \/>E-mail: <a>info@muccosignal.com<\/a><br \/>Situs web: <a href=\"https:\/\/muccosignal.com\/id\/\">https:\/\/muccosignal.com\/<\/a><\/p>\n\t\t\t\t\t\t\t\t<\/div>\n\t\t\t\t\t<\/div>\n\t\t\t\t<\/div>\n\t\t\t\t<\/div>","protected":false},"excerpt":{"rendered":"<p>Last updated: 03 December 2025 These Terms &amp; Conditions (\u201cTerms\u201d) govern your use of the website https:\/\/muccosignal.com\/ (the \u201cWebsite\u201d) and any purchase of products made through the Website. By accessing or using the Website, or by placing an order, you agree to be bound by these Terms. If you do not agree, you must not [&hellip;]<\/p>\n","protected":false},"author":1,"featured_media":0,"parent":0,"menu_order":0,"comment_status":"closed","ping_status":"closed","template":"","meta":{"content-type":"","footnotes":""},"class_list":["post-16226","page","type-page","status-publish","hentry"],"_links":{"self":[{"href":"https:\/\/muccosignal.com\/id\/wp-json\/wp\/v2\/pages\/16226","targetHints":{"allow":["GET"]}}],"collection":[{"href":"https:\/\/muccosignal.com\/id\/wp-json\/wp\/v2\/pages"}],"about":[{"href":"https:\/\/muccosignal.com\/id\/wp-json\/wp\/v2\/types\/page"}],"author":[{"embeddable":true,"href":"https:\/\/muccosignal.com\/id\/wp-json\/wp\/v2\/users\/1"}],"replies":[{"embeddable":true,"href":"https:\/\/muccosignal.com\/id\/wp-json\/wp\/v2\/comments?post=16226"}],"version-history":[{"count":0,"href":"https:\/\/muccosignal.com\/id\/wp-json\/wp\/v2\/pages\/16226\/revisions"}],"wp:attachment":[{"href":"https:\/\/muccosignal.com\/id\/wp-json\/wp\/v2\/media?parent=16226"}],"curies":[{"name":"wp","href":"https:\/\/api.w.org\/{rel}","templated":true}]}}