{"id":12,"date":"2025-12-03T11:03:25","date_gmt":"2025-12-03T11:03:25","guid":{"rendered":"http:\/\/localhost:10004\/?page_id=12"},"modified":"2025-12-03T11:23:09","modified_gmt":"2025-12-03T11:23:09","slug":"refund_returns","status":"publish","type":"page","link":"https:\/\/muccosignal.com\/tr\/refund_returns\/","title":{"rendered":"Para \u0130adesi ve \u0130ade Politikas\u0131"},"content":{"rendered":"<div data-elementor-type=\"wp-page\" data-elementor-id=\"12\" class=\"elementor elementor-12\">\n\t\t\t\t<div class=\"elementor-element elementor-element-260a0a07 e-flex e-con-boxed e-con e-parent\" data-id=\"260a0a07\" data-element_type=\"container\" data-e-type=\"container\">\r\n\t\t\t\t\t<div class=\"e-con-inner\">\r\n\t\t\t\t<div class=\"elementor-element elementor-element-26e440a6 elementor-widget elementor-widget-text-editor\" data-id=\"26e440a6\" data-element_type=\"widget\" data-e-type=\"widget\" data-widget_type=\"text-editor.default\">\n\t\t\t\t\t\t\t\t\t\n<p><strong>Son g\u00fcncelleme: 03 Aral\u0131k 2025<\/strong><\/p>\n\n\n\n<p>Al\u0131\u015fveri\u015f yapt\u0131\u011f\u0131n\u0131z i\u00e7in te\u015fekk\u00fcr ederiz <strong>Mucco Sinyalteknik<\/strong>.<br>L\u00fctfen sipari\u015f vermeden \u00f6nce bu \u0130ade ve Geri \u00d6deme Politikas\u0131n\u0131 dikkatlice okuyun.<\/p>\n\n\n\n<p>Web sitemizden sipari\u015f vererek a\u015fa\u011f\u0131daki \u015fartlar\u0131 kabul etmi\u015f olursunuz.<\/p>\n\n\n\n<hr class=\"wp-block-separator has-alpha-channel-opacity\"\/>\n\n\n\n<h3 class=\"wp-block-heading\">1. Genel Politika - \u0130ade Yok \/ Para \u0130adesi Yok<\/h3>\n\n\n\n<p>\u00dcr\u00fcnlerimizin teknik ve end\u00fcstriyel yap\u0131s\u0131 nedeniyle, <strong>i\u0307ade kabul etmi\u0307yoruz ve para i\u0307adesi\u0307 yapmiyoruz<\/strong> do\u011fru teslim edilen ve kusurlu olmayan \u00fcr\u00fcnler i\u00e7in.<\/p>\n\n\n\n<ul class=\"wp-block-list\">\n<li>\u201cFikir de\u011fi\u015fikli\u011fi\u201d iadesi yok<\/li>\n\n\n\n<li>Yanl\u0131\u015f model, renk veya \u00f6zellik sipari\u015fi i\u00e7in iade yok<\/li>\n\n\n\n<li>Halihaz\u0131rda kurulmu\u015f, kullan\u0131lm\u0131\u015f veya herhangi bir sisteme ba\u011flanm\u0131\u015f \u00fcr\u00fcnler i\u00e7in para iadesi yap\u0131lmaz<\/li>\n<\/ul>\n\n\n\n<p>T\u00fcm sat\u0131\u015flar dikkate al\u0131n\u0131r <strong>final<\/strong>, B\u00f6l\u00fcm 2'de (Hasarl\u0131 veya Hatal\u0131 \u00dcr\u00fcnler) a\u00e7\u0131klanan s\u0131n\u0131rl\u0131 durumlar d\u0131\u015f\u0131nda.<\/p>\n\n\n\n<hr class=\"wp-block-separator has-alpha-channel-opacity\"\/>\n\n\n\n<h3 class=\"wp-block-heading\">2. Hasarl\u0131 veya Yanl\u0131\u015f \u00dcr\u00fcnler (15 G\u00fcnl\u00fck Bildirim)<\/h3>\n\n\n\n<p>T\u00fcm sipari\u015fleri dikkatlice kontrol ediyor ve paketliyoruz. Ancak sipari\u015finiz elinize ula\u015f\u0131rsa <strong>Hasarl\u0131<\/strong> Yolda, <strong>eksik<\/strong>, veya <strong>yanl\u0131\u015f<\/strong>, bize bildirmeniz gerekmektedir <strong>15 (on be\u015f) takvim g\u00fcn\u00fc i\u00e7inde<\/strong> teslim tarihinden itibaren.<\/p>\n\n\n\n<p>B\u00f6yle bir talebi i\u015fleme koymak i\u00e7in \u015funlar\u0131 yapmal\u0131s\u0131n\u0131z:<\/p>\n\n\n\n<ol class=\"wp-block-list\">\n<li>\u015eu adrese bir e-posta g\u00f6nderin <strong><a>info@muccosignal.com<\/a><\/strong> teslimattan sonraki 15 g\u00fcn i\u00e7inde<\/li>\n\n\n\n<li>Dahil et:\n<ul class=\"wp-block-list\">\n<li>Sipari\u015f numaras\u0131<\/li>\n\n\n\n<li>\u00dcr\u00fcn kodu(lar\u0131)<\/li>\n\n\n\n<li>\u00dcr\u00fcn\u00fcn, ambalaj\u0131n ve kargo etiketinin net foto\u011fraflar\u0131<\/li>\n\n\n\n<li>Sorunun k\u0131sa bir a\u00e7\u0131klamas\u0131<\/li>\n<\/ul>\n<\/li>\n<\/ol>\n\n\n\n<p>Talebiniz onaylan\u0131rsa, <strong>tamamen bizim takdirimize ba\u011fl\u0131 olarak<\/strong> yapabiliriz:<\/p>\n\n\n\n<ul class=\"wp-block-list\">\n<li>Yedek bir \u00fcr\u00fcn g\u00f6nderin veya<\/li>\n\n\n\n<li>Gelecekteki sat\u0131n al\u0131mlar i\u00e7in k\u0131smi veya tam ma\u011faza kredisi (kupon) teklif edin<\/li>\n<\/ul>\n\n\n\n<p><strong>Nakit geri \u00f6demeler genellikle yap\u0131lmaz<\/strong>, y\u00fcr\u00fcrl\u00fckteki yasalar\u0131n gerektirdi\u011fi durumlar hari\u00e7.<\/p>\n\n\n\n<hr class=\"wp-block-separator has-alpha-channel-opacity\"\/>\n\n\n\n<h3 class=\"wp-block-heading\">3. Nakliye Maliyetleri<\/h3>\n\n\n\n<ul class=\"wp-block-list\">\n<li><strong>Orijinal nakliye masraflar\u0131 iade edilmez<\/strong>, Sorunun a\u00e7\u0131k\u00e7a bizim hatam\u0131zdan kaynakland\u0131\u011f\u0131 (yanl\u0131\u015f \u00fcr\u00fcn g\u00f6nderildi\u011fi) ve talebi onaylad\u0131\u011f\u0131m\u0131z durumlar hari\u00e7.<\/li>\n\n\n\n<li>Bir de\u011fi\u015fim onaylan\u0131rsa, duruma ba\u011fl\u0131 olarak iade nakliye veya ek nakliye masraflar\u0131n\u0131n taraf\u0131m\u0131zdan m\u0131 yoksa m\u00fc\u015fteri taraf\u0131ndan m\u0131 kar\u015f\u0131lanaca\u011f\u0131 konusunda sizi bilgilendirece\u011fiz.<\/li>\n<\/ul>\n\n\n\n<hr class=\"wp-block-separator has-alpha-channel-opacity\"\/>\n\n\n\n<h3 class=\"wp-block-heading\">4. \u0130ade Edilemeyen \u00dcr\u00fcnler<\/h3>\n\n\n\n<p>Genel \u201ciade yok\u201d kural\u0131n\u0131 s\u0131n\u0131rlamaks\u0131z\u0131n, a\u015fa\u011f\u0131dakiler <strong>kesinlikle iade edilemez<\/strong>:<\/p>\n\n\n\n<ul class=\"wp-block-list\">\n<li>Ismarlama veya \u00f6zel sipari\u015f \u00fcr\u00fcnler<\/li>\n\n\n\n<li>M\u00fc\u015fteri spesifikasyonlar\u0131na g\u00f6re \u00fcretilen veya yap\u0131land\u0131r\u0131lan \u00fcr\u00fcnler<\/li>\n\n\n\n<li>Kurulum, modifikasyon veya yanl\u0131\u015f kullan\u0131m belirtileri g\u00f6steren \u00fcr\u00fcnler<\/li>\n\n\n\n<li>Orijinal etiketleri, i\u015faretleri veya seri numaralar\u0131 olmayan \u00fcr\u00fcnler<\/li>\n<\/ul>\n\n\n\n<hr class=\"wp-block-separator has-alpha-channel-opacity\"\/>\n\n\n\n<h3 class=\"wp-block-heading\">5. Sipari\u015f Denetimi<\/h3>\n\n\n\n<p>Size \u015fiddetle tavsiye ediyoruz:<\/p>\n\n\n\n<ul class=\"wp-block-list\">\n<li>Teslimattan hemen sonra paketi ve \u00fcr\u00fcnleri inceleyin<\/li>\n\n\n\n<li>Kurulumdan \u00f6nce \u00fcr\u00fcn etiketlerini, voltajlar\u0131 ve model kodlar\u0131n\u0131 kontrol edin<\/li>\n\n\n\n<li>G\u00f6r\u00fcn\u00fcr bir hasar fark ederseniz veya bir uyumsuzluktan \u015f\u00fcphelenirseniz \u00fcr\u00fcn\u00fc kurmay\u0131n veya ba\u011flamay\u0131n<\/li>\n<\/ul>\n\n\n\n<p>Bir \u00fcr\u00fcn kurulduktan veya kullan\u0131ld\u0131ktan sonra kabul edilmi\u015f say\u0131l\u0131r ve <strong>iade edilemez veya para iadesi yap\u0131lamaz<\/strong>.<\/p>\n\n\n\n<hr class=\"wp-block-separator has-alpha-channel-opacity\"\/>\n\n\n\n<h3 class=\"wp-block-heading\">6. Garanti ve Teknik Destek<\/h3>\n\n\n\n<p>Bu \u0130ade ve Geri \u00d6deme Politikas\u0131 herhangi bir <strong>\u00fcr\u00fcn garanti\u0307si\u0307<\/strong> veya <strong>tekni\u0307k destek<\/strong> sunabiliriz.<\/p>\n\n\n\n<p>Kurulumdan sonra bir \u00fcr\u00fcnde teknik bir hata oldu\u011funu d\u00fc\u015f\u00fcn\u00fcyorsan\u0131z, l\u00fctfen teknik destek i\u00e7in bizimle \u015fu adresten ileti\u015fime ge\u00e7in <strong><a>info@muccosignal.com<\/a><\/strong> ile:<\/p>\n\n\n\n<ul class=\"wp-block-list\">\n<li>Sipari\u015f numaras\u0131<\/li>\n\n\n\n<li>\u00dcr\u00fcn kodu<\/li>\n\n\n\n<li>Sorunun a\u00e7\u0131klamas\u0131<\/li>\n\n\n\n<li>Varsa foto\u011fraflar veya videolar<\/li>\n<\/ul>\n\n\n\n<p>Garanti kararlar\u0131 (onar\u0131m, de\u011fi\u015ftirme veya hi\u00e7bir i\u015flem yap\u0131lmamas\u0131) \u00fcr\u00fcn tipi ve kullan\u0131m ko\u015fullar\u0131na g\u00f6re vaka baz\u0131nda de\u011ferlendirilecektir.<\/p>\n\n\n\n<hr class=\"wp-block-separator has-alpha-channel-opacity\"\/>\n\n\n\n<h3 class=\"wp-block-heading\">7. Yasal Haklar<\/h3>\n\n\n\n<p>Bu politikada yer alan hi\u00e7bir husus, herhangi bir <strong>zorunlu t\u00fcketici haklar\u0131<\/strong> \u00fclkenizin veya b\u00f6lgenizin yasalar\u0131 kapsam\u0131nda ge\u00e7erli olan.<br>Y\u00fcr\u00fcrl\u00fckteki yasalar size burada yaz\u0131lanlar\u0131n \u00f6tesinde haklar tan\u0131yorsa, bu yasal haklar ge\u00e7erli olacakt\u0131r.<\/p>\n\n\n\n<hr class=\"wp-block-separator has-alpha-channel-opacity\"\/>\n\n\n\n<h3 class=\"wp-block-heading\">8. Bize Ula\u015f\u0131n<\/h3>\n\n\n\n<p>Bu \u0130ade ve Geri \u00d6deme Politikas\u0131 ile ilgili sorular\u0131n\u0131z i\u00e7in l\u00fctfen bizimle ileti\u015fime ge\u00e7in:<\/p>\n\n\n\n<p><strong>Mucco Sinyalteknik<\/strong><br><strong>E-posta:<\/strong> <a>info@muccosignal.com<\/a><\/p>\n\n\n\n<p><\/p>\n\t\t\t\t\t\t\t\t<\/div>\n\t\t\t\t\t<\/div>\n\t\t\t\t<\/div>\n\t\t\t\t<\/div>","protected":false},"excerpt":{"rendered":"<p>Last updated: 03 December 2025 Thank you for shopping with Mucco Sinyalteknik.Please read this Refund and Returns Policy carefully before placing an order. By placing an order on our website, you agree to the terms below. 1. General Policy \u2013 No Returns \/ No Refunds Due to the technical and industrial nature of our products, [&hellip;]<\/p>\n","protected":false},"author":1,"featured_media":0,"parent":0,"menu_order":0,"comment_status":"closed","ping_status":"closed","template":"","meta":{"content-type":"","footnotes":""},"class_list":["post-12","page","type-page","status-publish","hentry"],"_links":{"self":[{"href":"https:\/\/muccosignal.com\/tr\/wp-json\/wp\/v2\/pages\/12","targetHints":{"allow":["GET"]}}],"collection":[{"href":"https:\/\/muccosignal.com\/tr\/wp-json\/wp\/v2\/pages"}],"about":[{"href":"https:\/\/muccosignal.com\/tr\/wp-json\/wp\/v2\/types\/page"}],"author":[{"embeddable":true,"href":"https:\/\/muccosignal.com\/tr\/wp-json\/wp\/v2\/users\/1"}],"replies":[{"embeddable":true,"href":"https:\/\/muccosignal.com\/tr\/wp-json\/wp\/v2\/comments?post=12"}],"version-history":[{"count":0,"href":"https:\/\/muccosignal.com\/tr\/wp-json\/wp\/v2\/pages\/12\/revisions"}],"wp:attachment":[{"href":"https:\/\/muccosignal.com\/tr\/wp-json\/wp\/v2\/media?parent=12"}],"curies":[{"name":"wp","href":"https:\/\/api.w.org\/{rel}","templated":true}]}}