{"id":15,"date":"2024-07-08T10:25:04","date_gmt":"2024-07-08T10:25:04","guid":{"rendered":"http:\/\/sw-themes.com\/porto_dummy\/?page_id=15"},"modified":"2026-04-16T09:04:01","modified_gmt":"2026-04-16T09:04:01","slug":"hakkimizda","status":"publish","type":"page","link":"https:\/\/muccosignal.com\/tr\/hakkimizda\/","title":{"rendered":"Hakk\u0131m\u0131zda"},"content":{"rendered":"<div data-elementor-type=\"wp-page\" data-elementor-id=\"15\" class=\"elementor elementor-15\">\n\t\t\t\t<div class=\"elementor-element elementor-element-f6a47be e-con-full e-flex e-con e-parent\" data-id=\"f6a47be\" data-element_type=\"container\" data-e-type=\"container\">\r\n\t\t<div class=\"elementor-element elementor-element-4532323 e-con-full e-flex e-con e-child\" data-id=\"4532323\" data-element_type=\"container\" data-e-type=\"container\">\r\n\t\t\t\t<div class=\"elementor-element elementor-element-36c5356 elementor-widget__width-inherit d-lg-none d-xl-block elementor-widget elementor-widget-image\" data-id=\"36c5356\" data-element_type=\"widget\" data-e-type=\"widget\" data-widget_type=\"image.default\">\n\t\t\t\t\t\t\t\t\t\t\t\t\t\t\t<img fetchpriority=\"high\" decoding=\"async\" width=\"579\" height=\"736\" src=\"https:\/\/muccosignal.com\/wp-content\/uploads\/images\/mucco-dizgi-e1776330234925.jpg\" class=\"attachment-full size-full wp-image-15864\" alt=\"\" srcset=\"https:\/\/muccosignal.com\/wp-content\/uploads\/images\/mucco-dizgi-e1776330234925.jpg 579w, https:\/\/muccosignal.com\/wp-content\/uploads\/images\/mucco-dizgi-e1776330234925-400x508.jpg 400w\" sizes=\"(max-width: 579px) 100vw, 579px\" \/>\t\t\t\t\t\t\t\t\t\t\t\t\t\t\t<\/div>\n\t\t\t\t<div class=\"elementor-element elementor-element-a0e1806 elementor-widget__width-inherit elementor-widget elementor-widget-image\" data-id=\"a0e1806\" data-element_type=\"widget\" data-e-type=\"widget\" data-widget_type=\"image.default\">\n\t\t\t\t\t\t\t\t\t\t\t\t\t\t\t<img decoding=\"async\" width=\"524\" height=\"627\" src=\"https:\/\/muccosignal.com\/wp-content\/uploads\/images\/muccopcb.jpg\" class=\"attachment-full size-full wp-image-15865\" alt=\"\" \/>\t\t\t\t\t\t\t\t\t\t\t\t\t\t\t<\/div>\n\t\t\t\t<\/div>\n\t\t<div class=\"elementor-element elementor-element-a473f42 e-con-full e-flex e-con e-child\" data-id=\"a473f42\" data-element_type=\"container\" data-e-type=\"container\">\r\n\t\t\t\t<div class=\"elementor-element elementor-element-e128686 elementor-widget elementor-widget-porto_ultimate_heading\" data-id=\"e128686\" data-element_type=\"widget\" data-e-type=\"widget\" data-widget_type=\"porto_ultimate_heading.default\">\n\t\t\t\t\t<div class=\"porto-u-heading  porto-u-55ca8359258f9a412be7e73af65d2aac\"><style>.porto-u-55ca8359258f9a412be7e73af65d2aac.porto-u-heading{text-align:center}<\/style><\/div>\t\t\t\t<\/div>\n\t\t\t\t<div class=\"elementor-element elementor-element-408b580 elementor-widget elementor-widget-heading\" data-id=\"408b580\" data-element_type=\"widget\" data-e-type=\"widget\" data-widget_type=\"heading.default\">\n\t\t\t\t\t<p class=\"elementor-heading-title elementor-size-default\">Mucco Sinyalteknik\u2019e ho\u015f geldiniz. End\u00fcstriyel g\u00fcvenli\u011fi ak\u0131ll\u0131 g\u00f6rsel ve sesli ileti\u015fim \u00e7\u00f6z\u00fcmleriyle bir araya getiriyoruz. T\u00fcrkiye merkezli firmam\u0131z olarak; makinalar, otomasyon hatlar\u0131 ve end\u00fcstriyel tesisler i\u00e7in \u0131\u015f\u0131kl\u0131 kolonlar, tepe lambalar\u0131, ikaz lambalar\u0131, u\u00e7ak ikaz lambalar\u0131 ve uyar\u0131 kornalar\u0131 tasarl\u0131yor ve \u00fcretiyoruz. 105\u2019ten fazla \u00fclkeye ihracat yapan global bir firma olarak, d\u00fcnya \u00e7ap\u0131ndaki m\u00fc\u015fterilerimize g\u00fcvenilir sinyalizasyon \u00e7\u00f6z\u00fcmleri sunmaktan gurur duyuyoruz.<\/p>\t\t\t\t<\/div>\n\t\t\t\t<div class=\"elementor-element elementor-element-9617f39 elementor-widget elementor-widget-heading\" data-id=\"9617f39\" data-element_type=\"widget\" data-e-type=\"widget\" data-widget_type=\"heading.default\">\n\t\t\t\t\t<p class=\"elementor-heading-title elementor-size-default\"><p data-start=\"560\" data-end=\"868\">Misyonumuz basit: makine durumunu ve alarmlar\u0131 bir bak\u0131\u015fta anla\u015f\u0131l\u0131r hale getirmek - en zorlu ortamlarda bile. Kontrol panelleri i\u00e7in kompakt i\u015faretlerden vin\u00e7ler, asans\u00f6rler ve \u00fcretim hatlar\u0131 i\u00e7in y\u00fcksek yo\u011funluklu uyar\u0131 kornalar\u0131na kadar her Mucco \u00fcr\u00fcn\u00fc, operat\u00f6rlerin daha h\u0131zl\u0131 tepki vermesine ve daha g\u00fcvenli \u00e7al\u0131\u015fmas\u0131na yard\u0131mc\u0131 olmak i\u00e7in tasarlanm\u0131\u015ft\u0131r.<\/p><p data-start=\"870\" data-end=\"1231\">\u015eirket i\u00e7i Ar-Ge, elektronik tasar\u0131m ve mekanik \u00fcretimimizle, fikirden bitmi\u015f \u00fcr\u00fcne kadar her ad\u0131m\u0131 kontrol ediyoruz. Bu sayede OEM'lere, panel \u00fcreticilerine ve sistem entegrat\u00f6rlerine \u00f6zel g\u00fcvenilir kalite, h\u0131zl\u0131 teslimat ve esnek \u00e7\u00f6z\u00fcmler sunabiliyoruz. Makineleriniz i\u00e7in dayan\u0131kl\u0131 bir sinyalizasyon \u00e7\u00f6z\u00fcm\u00fcne ihtiyac\u0131n\u0131z varsa, Mucco Sinyalteknik sizi desteklemek i\u00e7in burada.<span style=\"font-size: 1rem;letter-spacing: -0.025em\"><\/span><\/p><\/p>\t\t\t\t<\/div>\n\t\t\t\t<\/div>\n\t\t\t\t<\/div>\n\t\t<div class=\"elementor-element elementor-element-cd01467 e-con-full e-flex e-con e-parent\" data-id=\"cd01467\" data-element_type=\"container\" data-e-type=\"container\" data-settings=\"{&quot;background_background&quot;:&quot;classic&quot;}\">\r\n\t\t<div class=\"elementor-element elementor-element-39e8446 e-con-full e-flex e-con e-child\" data-id=\"39e8446\" data-element_type=\"container\" data-e-type=\"container\">\r\n\t\t\t\t<div class=\"elementor-element elementor-element-541a662 mx-xxl-5 px-xxl-5 elementor-widget__width-inherit elementor-widget elementor-widget-image\" data-id=\"541a662\" data-element_type=\"widget\" data-e-type=\"widget\" data-widget_type=\"image.default\">\n\t\t\t\t\t\t\t\t\t\t\t\t\t\t\t<img decoding=\"async\" width=\"1080\" height=\"1080\" src=\"https:\/\/muccosignal.com\/wp-content\/uploads\/images\/kasim-cakmaktas-mucco-ceo.jpg\" class=\"attachment-full size-full wp-image-16190\" alt=\"\" \/>\t\t\t\t\t\t\t\t\t\t\t\t\t\t\t<\/div>\n\t\t\t\t<\/div>\n\t\t<div class=\"elementor-element elementor-element-fb46fe8 e-con-full e-flex e-con e-child\" data-id=\"fb46fe8\" data-element_type=\"container\" data-e-type=\"container\">\r\n\t\t\t\t<div class=\"elementor-element elementor-element-66d911f elementor-widget elementor-widget-heading\" data-id=\"66d911f\" data-element_type=\"widget\" data-e-type=\"widget\" data-widget_type=\"heading.default\">\n\t\t\t\t\t<h2 class=\"elementor-heading-title elementor-size-default\">Kurucumuz<\/h2>\t\t\t\t<\/div>\n\t\t\t\t<div class=\"elementor-element elementor-element-f0da8b4 elementor-widget elementor-widget-heading\" data-id=\"f0da8b4\" data-element_type=\"widget\" data-e-type=\"widget\" data-widget_type=\"heading.default\">\n\t\t\t\t\t<p class=\"elementor-heading-title elementor-size-default\"><p data-start=\"1308\" data-end=\"1590\">Kalite bizim temel ta\u015f\u0131m\u0131zd\u0131r. Mucco, sinyalizasyon cihazlar\u0131 ger\u00e7ek end\u00fcstriyel ya\u015fam i\u00e7in \u00fcretilmi\u015ftir - uzun \u00e7al\u0131\u015fma saatleri, titre\u015fim, toz, ya\u011f ve sert hava ko\u015fullar\u0131. Her tasar\u0131mda y\u00fcksek kaliteli ABS ve polikarbonat, uzun \u00f6m\u00fcrl\u00fc LED'ler, end\u00fcstriyel elektronikler ve \u00f6zenle se\u00e7ilmi\u015f bile\u015fenler kullan\u0131yoruz.<\/p><p data-start=\"1592\" data-end=\"1873\">Her \u00fcr\u00fcn panelinize veya makinenize ula\u015fmadan \u00f6nce elektriksel, termal ve i\u015flevsel testlerden ge\u00e7er. IP korumas\u0131ndan UV diren\u00e7li lenslere kadar her ayr\u0131nt\u0131, uyar\u0131 lambalar\u0131n\u0131z\u0131n ve kornalar\u0131n\u0131z\u0131n her y\u0131l minimum bak\u0131m ve maksimum g\u00fcvenlikle \u00e7al\u0131\u015fmas\u0131n\u0131 sa\u011flamak i\u00e7in se\u00e7ilmi\u015ftir.<\/p><br>KASIM \u00c7AKMAKTA\u015e - CEO\nSinyalteknik Elektrik Otomasyon \u0130th.\u0130hr.San. ve Tic.Ltd.\u015eti<\/p>\t\t\t\t<\/div>\n\t\t\t\t<\/div>\n\t\t\t\t<\/div>\n\t\t<div class=\"elementor-element elementor-element-86915a7 e-con-full e-flex e-con e-parent\" data-id=\"86915a7\" data-element_type=\"container\" data-e-type=\"container\">\r\n\t\t<div class=\"elementor-element elementor-element-f51951d e-con-full ps-xxl-5 e-flex e-con e-child\" data-id=\"f51951d\" data-element_type=\"container\" data-e-type=\"container\">\r\n\t\t\t\t<div class=\"elementor-element elementor-element-47a8abc elementor-widget elementor-widget-heading\" data-id=\"47a8abc\" data-element_type=\"widget\" data-e-type=\"widget\" data-widget_type=\"heading.default\">\n\t\t\t\t\t<p class=\"elementor-heading-title elementor-size-default\"><p data-start=\"1944\" data-end=\"2251\">Mucco Sinyalteknik, y\u0131llar\u0131n\u0131 fabrikalarda, elektrik panolar\u0131nda ve otomasyon hatlar\u0131nda ge\u00e7iren m\u00fchendisler ve saha teknisyenlerinden olu\u015fan bir ekip taraf\u0131ndan kuruldu. \u0130thal sinyalizasyon \u00fcr\u00fcnlerinin \u00e7ok s\u0131k ba\u015far\u0131s\u0131z oldu\u011funu veya yerel projeler i\u00e7in \u00e7ok pahal\u0131 oldu\u011funu g\u00f6rd\u00fckten sonra, kendi \u00e7\u00f6z\u00fcmlerini tasarlamaya ve \u00fcretmeye karar verdiler.<\/p>\n<p data-start=\"2253\" data-end=\"2645\">Elektronik, PCB tasar\u0131m\u0131 ve end\u00fcstriyel otomasyon alanlar\u0131ndaki g\u00fc\u00e7l\u00fc deneyimlerini bir araya getiren kurucular\u0131m\u0131z, i\u015fe parlakl\u0131k veya g\u00fcvenilirlikten \u00f6d\u00fcn vermeden zorlu ko\u015fullara dayanabilecek \u0131\u015f\u0131kl\u0131 kolonlar\u0131 ve i\u015faretleri geli\u015ftirerek ba\u015flad\u0131. T\u00fcrkiye'de k\u00fc\u00e7\u00fck bir at\u00f6lye olarak ba\u015flayan bu s\u00fcre\u00e7, bir\u00e7ok \u00fclkede OEM'lere, panel \u00fcreticilerine ve entegrat\u00f6rlere tedarik sa\u011flayan uzman bir \u00fcretici haline geldi.<\/p>\n<p data-start=\"2647\" data-end=\"2944\">Bug\u00fcn, kurucu ekip hala m\u00fc\u015fterilerle birlikte \u00e7al\u0131\u015fmakta ve ger\u00e7ek d\u00fcnyadan gelen geri bildirimleri daha iyi \u00fcr\u00fcnlere ve daha ak\u0131ll\u0131 ayr\u0131nt\u0131lara d\u00f6n\u00fc\u015ft\u00fcrmektedir. Mucco Sinyalteknik, ba\u015flad\u0131\u011f\u0131 m\u00fchendislik zihniyetini yans\u0131tmaya ve end\u00fcstri i\u00e7in tasarlanm\u0131\u015f pratik, dayan\u0131kl\u0131 ve profesyonel sinyalizasyon \u00e7\u00f6z\u00fcmlerini \u00fcretmeye devam ediyor:<span style=\"font-size: 1.125rem;letter-spacing: -0.025em\"><\/span><\/p><\/p>\t\t\t\t<\/div>\n\t\t\t\t<\/div>\n\t\t<div class=\"elementor-element elementor-element-caf2937 e-con-full pe-xxl-5 e-flex e-con e-child\" data-id=\"caf2937\" data-element_type=\"container\" data-e-type=\"container\">\r\n\t\t\t\t<div class=\"elementor-element elementor-element-de94188 elementor-widget elementor-widget-image\" data-id=\"de94188\" data-element_type=\"widget\" data-e-type=\"widget\" data-widget_type=\"image.default\">\n\t\t\t\t\t\t\t\t\t\t\t\t\t\t\t<img loading=\"lazy\" decoding=\"async\" width=\"786\" height=\"580\" src=\"https:\/\/muccosignal.com\/wp-content\/uploads\/images\/mucco-homepage-3-e1764588592705.jpg\" class=\"attachment-full size-full wp-image-15459\" alt=\"\" srcset=\"https:\/\/muccosignal.com\/wp-content\/uploads\/images\/mucco-homepage-3-e1764588592705.jpg 786w, https:\/\/muccosignal.com\/wp-content\/uploads\/images\/mucco-homepage-3-e1764588592705-768x567.jpg 768w, https:\/\/muccosignal.com\/wp-content\/uploads\/images\/mucco-homepage-3-e1764588592705-640x472.jpg 640w, https:\/\/muccosignal.com\/wp-content\/uploads\/images\/mucco-homepage-3-e1764588592705-400x295.jpg 400w, https:\/\/muccosignal.com\/wp-content\/uploads\/images\/mucco-homepage-3-e1764588592705-600x443.jpg 600w\" sizes=\"(max-width: 786px) 100vw, 786px\" \/>\t\t\t\t\t\t\t\t\t\t\t\t\t\t\t<\/div>\n\t\t\t\t<\/div>\n\t\t\t\t<\/div>\n\t\t\t\t<\/div>","protected":false},"excerpt":{"rendered":"<p>Welcome to Mucco Sinyalteknik, where industrial safety meets smart visual and audible communication. Based in T\u00fcrkiye, we design and manufacture stack lights, signal beacons, obstruction lights, and warning horns for machinery, automation lines, and industrial plants. As a global company exporting to more than 105 countries, we proudly deliver reliable signalling solutions to customers worldwide. [&hellip;]<\/p>\n","protected":false},"author":1,"featured_media":0,"parent":0,"menu_order":0,"comment_status":"closed","ping_status":"closed","template":"","meta":{"content-type":"","footnotes":""},"class_list":["post-15","page","type-page","status-publish","hentry"],"_links":{"self":[{"href":"https:\/\/muccosignal.com\/tr\/wp-json\/wp\/v2\/pages\/15","targetHints":{"allow":["GET"]}}],"collection":[{"href":"https:\/\/muccosignal.com\/tr\/wp-json\/wp\/v2\/pages"}],"about":[{"href":"https:\/\/muccosignal.com\/tr\/wp-json\/wp\/v2\/types\/page"}],"author":[{"embeddable":true,"href":"https:\/\/muccosignal.com\/tr\/wp-json\/wp\/v2\/users\/1"}],"replies":[{"embeddable":true,"href":"https:\/\/muccosignal.com\/tr\/wp-json\/wp\/v2\/comments?post=15"}],"version-history":[{"count":6,"href":"https:\/\/muccosignal.com\/tr\/wp-json\/wp\/v2\/pages\/15\/revisions"}],"predecessor-version":[{"id":39978,"href":"https:\/\/muccosignal.com\/tr\/wp-json\/wp\/v2\/pages\/15\/revisions\/39978"}],"wp:attachment":[{"href":"https:\/\/muccosignal.com\/tr\/wp-json\/wp\/v2\/media?parent=15"}],"curies":[{"name":"wp","href":"https:\/\/api.w.org\/{rel}","templated":true}]}}