{"id":16228,"date":"2025-12-03T11:19:31","date_gmt":"2025-12-03T11:19:31","guid":{"rendered":"http:\/\/localhost:10004\/?page_id=16228"},"modified":"2025-12-03T11:21:03","modified_gmt":"2025-12-03T11:21:03","slug":"gonderi%cc%87m-tesli%cc%87mat-poli%cc%87ti%cc%87kasi","status":"publish","type":"page","link":"https:\/\/muccosignal.com\/tr\/gonderi%cc%87m-tesli%cc%87mat-poli%cc%87ti%cc%87kasi\/","title":{"rendered":"Nakliye ve Teslimat Politikas\u0131"},"content":{"rendered":"<div data-elementor-type=\"wp-page\" data-elementor-id=\"16228\" class=\"elementor elementor-16228\">\n\t\t\t\t<div class=\"elementor-element elementor-element-4a0a2c7 e-flex e-con-boxed e-con e-parent\" data-id=\"4a0a2c7\" data-element_type=\"container\" data-e-type=\"container\">\r\n\t\t\t\t\t<div class=\"e-con-inner\">\r\n\t\t\t\t<div class=\"elementor-element elementor-element-284c1ffe elementor-widget elementor-widget-text-editor\" data-id=\"284c1ffe\" data-element_type=\"widget\" data-e-type=\"widget\" data-widget_type=\"text-editor.default\">\n\t\t\t\t\t\t\t\t\t\n<p><strong>Son g\u00fcncelleme: 03 Aral\u0131k 2025<\/strong><\/p>\n\n\n\n<p>Bu Sevkiyat ve Teslimat Politikas\u0131, a\u015fa\u011f\u0131dakilerle verilen sipari\u015flerin sevkiyat\u0131n\u0131 ve teslimat\u0131n\u0131 nas\u0131l ger\u00e7ekle\u015ftirdi\u011fimizi a\u00e7\u0131klamaktad\u0131r <strong>Mucco Sinyalteknik<\/strong> arac\u0131l\u0131\u011f\u0131yla <strong><a href=\"https:\/\/muccosignal.com\/tr\/\">https:\/\/muccosignal.com\/<\/a><\/strong> veya bu Politikaya do\u011frudan at\u0131fta bulunarak.<\/p>\n\n\n\n<p>Bize sipari\u015f vererek a\u015fa\u011f\u0131daki \u015fartlar\u0131 kabul etmi\u015f olursunuz.<\/p>\n\n\n\n<hr class=\"wp-block-separator has-alpha-channel-opacity\"\/>\n\n\n\n<h3 class=\"wp-block-heading\">1. Nakliye B\u00f6lgeleri<\/h3>\n\n\n\n<p>Sipari\u015fleri \u00f6ncelikle a\u015fa\u011f\u0131daki tesislerimizden g\u00f6nderiyoruz <strong>\u0130stanbul, T\u00fcrkiye<\/strong>.<\/p>\n\n\n\n<ul class=\"wp-block-list\">\n<li><strong>Yurti\u00e7i Kargo (T\u00fcrkiye i\u00e7i):<\/strong><br>T\u00fcrkiye'nin \u00e7o\u011fu yerine anla\u015fmal\u0131 kargo \u015firketleri ve\/veya nakliye sa\u011flay\u0131c\u0131lar\u0131 arac\u0131l\u0131\u011f\u0131yla g\u00f6nderim yap\u0131yoruz.<\/li>\n\n\n\n<li><strong>Uluslararas\u0131 Nakliye:<\/strong><br>Belirli \u00fclkeler ve \u00fcr\u00fcn t\u00fcrleri i\u00e7in uluslararas\u0131 sevkiyatlar mevcut olabilir. Ayr\u0131nt\u0131lar, nakliye masraflar\u0131 ve belge gereksinimleri (proforma, HS kodlar\u0131, vb.) i\u00e7in l\u00fctfen bizimle ileti\u015fime ge\u00e7in <strong><a>info@muccosignal.com<\/a><\/strong> sipari\u015finizi vermeden \u00f6nce.<\/li>\n<\/ul>\n\n\n\n<hr class=\"wp-block-separator has-alpha-channel-opacity\"\/>\n\n\n\n<h3 class=\"wp-block-heading\">2. Sipari\u015f \u0130\u015fleme S\u00fcresi<\/h3>\n\n\n\n<ul class=\"wp-block-list\">\n<li>Sipari\u015fler i\u00e7in <strong>stokta var<\/strong> standart \u00fcr\u00fcnler genellikle \u00f6deme onay\u0131ndan sonra makul bir s\u00fcre i\u00e7inde i\u015fleme al\u0131n\u0131r ve nakliyeciye teslim edilir (\u00f6rne\u011fin, i\u015f y\u00fck\u00fcne ve sto\u011fa ba\u011fl\u0131 olarak birka\u00e7 i\u015f g\u00fcn\u00fc).<\/li>\n\n\n\n<li>A\u015fa\u011f\u0131dakileri i\u00e7eren sipari\u015fler <strong>\u0131smarlama, \u00f6zel konfig\u00fcrasyon veya OEM<\/strong> \u00fcr\u00fcnler ek \u00fcretim ve haz\u0131rl\u0131k s\u00fcresi gerektirebilir. Tahmini teslim s\u00fcreleri teklifte veya sipari\u015f onay\u0131nda bildirilecektir.<\/li>\n<\/ul>\n\n\n\n<p>Resmi tatiller, envanter d\u00f6nemleri veya beklenmedik tedarik zinciri kesintileri s\u0131ras\u0131nda i\u015flem s\u00fcreleri uzayabilir.<\/p>\n\n\n\n<hr class=\"wp-block-separator has-alpha-channel-opacity\"\/>\n\n\n\n<h3 class=\"wp-block-heading\">3. Teslimat S\u00fcreleri<\/h3>\n\n\n\n<p>Teslimat s\u00fcresi ba\u011fl\u0131d\u0131r:<\/p>\n\n\n\n<ul class=\"wp-block-list\">\n<li>Var\u0131\u015f yeri (\u015fehir, \u00fclke)<\/li>\n\n\n\n<li>Se\u00e7ilen ta\u015f\u0131y\u0131c\u0131 ve hizmet t\u00fcr\u00fc<\/li>\n\n\n\n<li>G\u00fcmr\u00fck i\u015flemleri (uluslararas\u0131 g\u00f6nderiler i\u00e7in)<\/li>\n\n\n\n<li>Yerel ko\u015fullar ve ta\u015f\u0131y\u0131c\u0131 performans\u0131<\/li>\n<\/ul>\n\n\n\n<p>Taraf\u0131m\u0131zdan belirtilen t\u00fcm teslimat s\u00fcreleri (Web sitesinde, fiyat teklifinde veya e-postada) <strong>sadece tahminler<\/strong> ve <strong>garanti edilmemi\u015ftir<\/strong>, Ba\u011flay\u0131c\u0131 bir taahh\u00fct olarak yaz\u0131l\u0131 olarak a\u00e7\u0131k\u00e7a teyit edilmedik\u00e7e.<\/p>\n\n\n\n<p>Neden oldu\u011fu gecikmelerden sorumlu de\u011filiz:<\/p>\n\n\n\n<ul class=\"wp-block-list\">\n<li>Ta\u015f\u0131y\u0131c\u0131 operasyonlar\u0131 ve rota de\u011fi\u015fiklikleri<\/li>\n\n\n\n<li>G\u00fcmr\u00fck denetimleri veya dok\u00fcmantasyon sorunlar\u0131<\/li>\n\n\n\n<li>Grevler, do\u011fal afetler veya di\u011fer m\u00fccbir sebepler<\/li>\n<\/ul>\n\n\n\n<hr class=\"wp-block-separator has-alpha-channel-opacity\"\/>\n\n\n\n<h3 class=\"wp-block-heading\">4. Nakliye Maliyetleri<\/h3>\n\n\n\n<p>Nakliye masraflar\u0131 a\u015fa\u011f\u0131dakilere g\u00f6re hesaplan\u0131r:<\/p>\n\n\n\n<ul class=\"wp-block-list\">\n<li>G\u00f6nderinin a\u011f\u0131rl\u0131\u011f\u0131 ve boyutlar\u0131<\/li>\n\n\n\n<li>Hedef adres<\/li>\n\n\n\n<li>Se\u00e7ilen ta\u015f\u0131y\u0131c\u0131 ve hizmet t\u00fcr\u00fc<\/li>\n\n\n\n<li>Herhangi bir \u00f6zel paketleme veya paletleme gereksinimi<\/li>\n<\/ul>\n\n\n\n<p>Tahmini nakliye masraflar\u0131 \u00f6deme s\u0131ras\u0131nda veya fiyat teklifinde g\u00f6sterilebilir. Baz\u0131 durumlarda (\u00f6zellikle b\u00fcy\u00fck veya uluslararas\u0131 g\u00f6nderiler i\u00e7in), nakliye masraflar\u0131 hesaplanabilir <strong>sonra<\/strong> sipari\u015f onay\u0131 ve onay i\u00e7in size iletilir.<\/p>\n\n\n\n<p>A\u00e7\u0131k\u00e7a belirtilmedi\u011fi s\u00fcrece, nakliye \u00fccretleri <strong>m\u00fc\u015fteri taraf\u0131ndan kar\u015f\u0131lan\u0131r<\/strong>.<\/p>\n\n\n\n<hr class=\"wp-block-separator has-alpha-channel-opacity\"\/>\n\n\n\n<h3 class=\"wp-block-heading\">5. Paketleme<\/h3>\n\n\n\n<p>T\u00fcm \u00fcr\u00fcnleri normal ta\u015f\u0131ma ko\u015fullar\u0131nda korumak i\u00e7in uygun ambalajlarda paketliyoruz. Baz\u0131 \u00fcr\u00fcnler i\u00e7in \u00f6zel paketleme (\u00f6rn. ah\u015fap kasalar, g\u00fc\u00e7lendirilmi\u015f paletler) gerekebilir ve ek \u00fccrete tabi olabilir.<\/p>\n\n\n\n<p>E\u011fer ihtiyac\u0131n\u0131z varsa <strong>\u00f6zel veya m\u00fc\u015fteriye \u00f6zel paketleme<\/strong>, Fizibilite ve ek \u00fccretleri de\u011ferlendirebilmemiz i\u00e7in l\u00fctfen bizi \u00f6nceden bilgilendirin.<\/p>\n\n\n\n<hr class=\"wp-block-separator has-alpha-channel-opacity\"\/>\n\n\n\n<h3 class=\"wp-block-heading\">6. Teslimat ve Risk Transferi<\/h3>\n\n\n\n<p>Aksi yaz\u0131l\u0131 olarak kararla\u015ft\u0131r\u0131lmad\u0131k\u00e7a, sevkiyatlar genellikle a\u015fa\u011f\u0131dakilere e\u015fde\u011fer ko\u015fullar alt\u0131nda yap\u0131l\u0131r <strong>Eski Eserler (EXW)<\/strong> veya <strong>benzer ticaret \u015fartlar\u0131<\/strong> (Incoterms), \u0130stanbul'daki konumumuzdan.<\/p>\n\n\n\n<ul class=\"wp-block-list\">\n<li>Kay\u0131p veya hasar riski, \u00fcr\u00fcnler ta\u015f\u0131y\u0131c\u0131ya veya nakliye firmas\u0131na teslim edildi\u011finde size ge\u00e7er.<\/li>\n\n\n\n<li>Uluslararas\u0131 g\u00f6nderilerde, farkl\u0131 bir Incoterm kararla\u015ft\u0131r\u0131lmad\u0131\u011f\u0131 s\u00fcrece, g\u00fcmr\u00fckleme ve ithalat vergilerinin sorumlulu\u011fu genellikle al\u0131c\u0131ya aittir.<\/li>\n<\/ul>\n\n\n\n<p>M\u00fc\u015fterilerimize a\u015fa\u011f\u0131daki hususlar\u0131 dikkate almalar\u0131n\u0131 tavsiye ederiz <strong>nakli\u0307ye si\u0307gortasi<\/strong>, \u00f6zellikle y\u00fcksek de\u011ferli sevkiyatlar i\u00e7in.<\/p>\n\n\n\n<hr class=\"wp-block-separator has-alpha-channel-opacity\"\/>\n\n\n\n<h3 class=\"wp-block-heading\">7. Sipari\u015finizin Al\u0131nmas\u0131 ve \u0130ncelenmesi<\/h3>\n\n\n\n<p>Sipari\u015finiz teslim edildi\u011finde:<\/p>\n\n\n\n<ol class=\"wp-block-list\">\n<li>Kontrol edin <strong>d\u0131\u015f ambalaj<\/strong> g\u00f6r\u00fcn\u00fcr hasar i\u00e7in.<\/li>\n\n\n\n<li>G\u00f6zle g\u00f6r\u00fcl\u00fcr bir hasar veya eksik koli varsa:\n<ul class=\"wp-block-list\">\n<li>Kuryeden bir kay\u0131t tutmas\u0131n\u0131 isteyin <strong>hasar\/olay raporu<\/strong> irsaliyeyi imzalamadan \u00f6nce ve<\/li>\n\n\n\n<li>Temizleyin <strong>paketin ve etiketlerin foto\u011fraflar\u0131<\/strong>.<\/li>\n<\/ul>\n<\/li>\n\n\n\n<li>\u00dcr\u00fcnleri teslimattan sonra m\u00fcmk\u00fcn olan en k\u0131sa s\u00fcrede inceleyin.<\/li>\n<\/ol>\n\n\n\n<p>A\u015fa\u011f\u0131dakilerden herhangi birini fark ederseniz:<\/p>\n\n\n\n<ul class=\"wp-block-list\">\n<li>Yanl\u0131\u015f \u00fcr\u00fcnler teslim edildi<\/li>\n\n\n\n<li>Kay\u0131p e\u015fyalar<\/li>\n\n\n\n<li>\u00dcr\u00fcnlerde g\u00f6zle g\u00f6r\u00fcl\u00fcr hasar<\/li>\n<\/ul>\n\n\n\n<p>Bizi bilgilendirmelisiniz <strong>15 (on be\u015f) takvim g\u00fcn\u00fc i\u00e7inde<\/strong> teslim tarihinden itibaren, e-posta yoluyla <strong><a>info@muccosignal.com<\/a><\/strong>, dahil olmak \u00fczere:<\/p>\n\n\n\n<ul class=\"wp-block-list\">\n<li>Sipari\u015f numaras\u0131<\/li>\n\n\n\n<li>\u00dcr\u00fcn kodlar\u0131<\/li>\n\n\n\n<li>\u00dcr\u00fcn\u00fcn, ambalaj\u0131n ve nakliye etiketinin net foto\u011fraflar\u0131<\/li>\n\n\n\n<li>Sorunun k\u0131sa a\u00e7\u0131klamas\u0131<\/li>\n<\/ul>\n\n\n\n<p>Bu 15 g\u00fcnl\u00fck s\u00fcre i\u00e7inde bize bildirimde bulunmazsan\u0131z, g\u00f6nderi a\u015fa\u011f\u0131daki \u015fekilde kabul edilecektir <strong>teslim edildi\u011fi gibi kabul edildi<\/strong> ve zorunlu yasalar\u0131n gerektirdi\u011fi durumlar haricinde g\u00f6r\u00fcn\u00fcr kusurlardan ar\u0131nd\u0131r\u0131lm\u0131\u015f olmal\u0131d\u0131r.<\/p>\n\n\n\n<hr class=\"wp-block-separator has-alpha-channel-opacity\"\/>\n\n\n\n<h3 class=\"wp-block-heading\">8. Hasar veya Yanl\u0131\u015f \u00dcr\u00fcn Talepleri<\/h3>\n\n\n\n<p>On be\u015f g\u00fcnl\u00fck bildirim s\u00fcresi i\u00e7inde yap\u0131lan ve yeterli kan\u0131tla desteklenen talepler i\u00e7in durumu de\u011ferlendirece\u011fiz ve tamamen kendi takdirimize ba\u011fl\u0131 olarak<\/p>\n\n\n\n<ul class=\"wp-block-list\">\n<li>Yedek bir \u00fcr\u00fcn g\u00f6nderin veya<\/li>\n\n\n\n<li>K\u0131smi veya tam <strong>ma\u011faza kredisi<\/strong> gelecekteki sat\u0131n al\u0131mlar i\u00e7in veya<\/li>\n\n\n\n<li>Ba\u015fka bir uygun \u00e7\u00f6z\u00fcm \u00f6nerin<\/li>\n<\/ul>\n\n\n\n<p>Nakit geri \u00f6demeler <strong>normalde sa\u011flanm\u0131yor<\/strong>, y\u00fcr\u00fcrl\u00fckteki yasalar\u0131n gerektirdi\u011fi veya aksi yaz\u0131l\u0131 olarak kararla\u015ft\u0131r\u0131ld\u0131\u011f\u0131 durumlar hari\u00e7.<\/p>\n\n\n\n<p>L\u00fctfen unutmay\u0131n:<\/p>\n\n\n\n<ul class=\"wp-block-list\">\n<li>Kurulumu yap\u0131lm\u0131\u015f, de\u011fi\u015ftirilmi\u015f veya kullan\u0131mda olan \u00fcr\u00fcnler, duruma ba\u011fl\u0131 olarak de\u011fi\u015ftirme veya kredi i\u00e7in uygun olmayabilir.<\/li>\n\n\n\n<li>Herhangi bir de\u011fi\u015ftirme veya kredi i\u015flemi yap\u0131lmadan \u00f6nce hasarl\u0131 veya hatal\u0131 \u00fcr\u00fcnleri iade etmenizi talep edebiliriz.<\/li>\n<\/ul>\n\n\n\n<hr class=\"wp-block-separator has-alpha-channel-opacity\"\/>\n\n\n\n<h3 class=\"wp-block-heading\">9. Ba\u015far\u0131s\u0131z Teslimatlar ve Tahsil Edilemeyen G\u00f6nderiler<\/h3>\n\n\n\n<p>Bir g\u00f6nderi bize iade edilirse, \u00e7\u00fcnk\u00fc:<\/p>\n\n\n\n<ul class=\"wp-block-list\">\n<li>Verilen teslimat adresinin yanl\u0131\u015f veya eksik olmas\u0131 veya<\/li>\n\n\n\n<li>M\u00fc\u015fterinin g\u00f6nderiyi belirtilen s\u00fcre i\u00e7inde ta\u015f\u0131y\u0131c\u0131dan teslim almamas\u0131<\/li>\n<\/ul>\n\n\n\n<p>Sonra:<\/p>\n\n\n\n<ul class=\"wp-block-list\">\n<li>Sipari\u015fi yeniden g\u00f6ndermek i\u00e7in ek nakliye \u00fccreti talep edebiliriz.<\/li>\n\n\n\n<li>M\u00fc\u015fteri b\u00f6yle bir durumda iptal talebinde bulunursa, iade edilebilecek veya alacakland\u0131r\u0131labilecek herhangi bir tutardan nakliye ve ta\u015f\u0131ma masraflar\u0131n\u0131 d\u00fc\u015fme hakk\u0131m\u0131z\u0131 sakl\u0131 tutar\u0131z. <strong>Para \u0130adesi ve \u0130ade Politikas\u0131<\/strong>.<\/li>\n<\/ul>\n\n\n\n<hr class=\"wp-block-separator has-alpha-channel-opacity\"\/>\n\n\n\n<h3 class=\"wp-block-heading\">10. Bu Nakliye ve Teslimat Politikas\u0131ndaki De\u011fi\u015fiklikler<\/h3>\n\n\n\n<p>Bu Nakliye ve Teslimat Politikas\u0131n\u0131 periyodik olarak g\u00fcncelleyebiliriz. Bunu yapt\u0131\u011f\u0131m\u0131zda, en \u00fcstteki \u201cSon g\u00fcncelleme\u201d tarihini g\u00fcncelleyece\u011fiz.<\/p>\n\n\n\n<p>De\u011fi\u015fiklikler yay\u0131nland\u0131ktan sonra Web Sitesini kullanmaya devam etmeniz veya sipari\u015f vermeye devam etmeniz, g\u00fcncellenen Politikay\u0131 kabul etti\u011finiz anlam\u0131na gelir.<\/p>\n\n\n\n<hr class=\"wp-block-separator has-alpha-channel-opacity\"\/>\n\n\n\n<h3 class=\"wp-block-heading\">11. \u0130leti\u015fim<\/h3>\n\n\n\n<p>Nakliye, teslimat veya lojistik ile ilgili sorular\u0131n\u0131z i\u00e7in l\u00fctfen bizimle ileti\u015fime ge\u00e7in:<\/p>\n\n\n\n<p><strong>Mucco Sinyalteknik<\/strong><br>Telefon numaras\u0131 +90 212 292 47 48<br>E-posta: <a>info@muccosignal.com<\/a><br>Web sitesi: <a href=\"https:\/\/muccosignal.com\/tr\/\">https:\/\/muccosignal.com\/<\/a><\/p>\n\t\t\t\t\t\t\t\t<\/div>\n\t\t\t\t\t<\/div>\n\t\t\t\t<\/div>\n\t\t\t\t<\/div>","protected":false},"excerpt":{"rendered":"<p>Last updated: 03 December 2025 This Shipping &amp; Delivery Policy explains how we handle the shipment and delivery of orders placed with Mucco Sinyalteknik through https:\/\/muccosignal.com\/ or by direct reference to this Policy. By placing an order with us, you agree to the terms below. 1. Shipping Regions We primarily ship orders from our facilities [&hellip;]<\/p>\n","protected":false},"author":1,"featured_media":0,"parent":0,"menu_order":0,"comment_status":"closed","ping_status":"closed","template":"","meta":{"content-type":"","footnotes":""},"class_list":["post-16228","page","type-page","status-publish","hentry"],"_links":{"self":[{"href":"https:\/\/muccosignal.com\/tr\/wp-json\/wp\/v2\/pages\/16228","targetHints":{"allow":["GET"]}}],"collection":[{"href":"https:\/\/muccosignal.com\/tr\/wp-json\/wp\/v2\/pages"}],"about":[{"href":"https:\/\/muccosignal.com\/tr\/wp-json\/wp\/v2\/types\/page"}],"author":[{"embeddable":true,"href":"https:\/\/muccosignal.com\/tr\/wp-json\/wp\/v2\/users\/1"}],"replies":[{"embeddable":true,"href":"https:\/\/muccosignal.com\/tr\/wp-json\/wp\/v2\/comments?post=16228"}],"version-history":[{"count":0,"href":"https:\/\/muccosignal.com\/tr\/wp-json\/wp\/v2\/pages\/16228\/revisions"}],"wp:attachment":[{"href":"https:\/\/muccosignal.com\/tr\/wp-json\/wp\/v2\/media?parent=16228"}],"curies":[{"name":"wp","href":"https:\/\/api.w.org\/{rel}","templated":true}]}}