{"id":3,"date":"2025-11-21T07:33:23","date_gmt":"2025-11-21T07:33:23","guid":{"rendered":"http:\/\/localhost:10004\/?page_id=3"},"modified":"2025-12-03T10:56:53","modified_gmt":"2025-12-03T10:56:53","slug":"gizlilik-politikasi","status":"publish","type":"page","link":"https:\/\/muccosignal.com\/tr\/gizlilik-politikasi\/","title":{"rendered":"Gizlilik Politikas\u0131"},"content":{"rendered":"<div data-elementor-type=\"wp-page\" data-elementor-id=\"3\" class=\"elementor elementor-3\">\n\t\t\t\t<div class=\"elementor-element elementor-element-1731051b e-flex e-con-boxed e-con e-parent\" data-id=\"1731051b\" data-element_type=\"container\" data-e-type=\"container\">\r\n\t\t\t\t\t<div class=\"e-con-inner\">\r\n\t\t\t\t<div class=\"elementor-element elementor-element-9322c13 elementor-widget elementor-widget-text-editor\" data-id=\"9322c13\" data-element_type=\"widget\" data-e-type=\"widget\" data-widget_type=\"text-editor.default\">\n\t\t\t\t\t\t\t\t\t\n<p><strong>Son g\u00fcncelleme: 03 Aral\u0131k 2025<\/strong><\/p>\n\n<p>Bu Gizlilik Politikas\u0131 a\u015fa\u011f\u0131dakilerin nas\u0131l yap\u0131ld\u0131\u011f\u0131n\u0131 a\u00e7\u0131klamaktad\u0131r <strong>Mucco Sinyalteknik<\/strong> (\u201c<strong>Mucco Sinyalteknik<\/strong>\u201d, \u201c<strong>Biz<\/strong>\u201d, \u201c<strong>Biz<\/strong>\u201d veya \u201c<strong>bizim<\/strong>\u201d) web sitemizi ziyaret etti\u011finizde, bizimle ileti\u015fime ge\u00e7ti\u011finizde veya \u00fcr\u00fcnlerimizi ve hizmetlerimizi kulland\u0131\u011f\u0131n\u0131zda ki\u015fisel verilerinizi toplar, kullan\u0131r ve korur.<\/p>\n\n<p>Web sitemizi kullanarak veya ki\u015fisel verilerinizi bize sa\u011flayarak, bu Gizlilik Politikas\u0131nda a\u00e7\u0131klanan uygulamalar\u0131 kabul etmi\u015f olursunuz.<\/p>\n<hr class=\"wp-block-separator has-alpha-channel-opacity\" \/>\n<h3 class=\"wp-block-heading\">1. Biz Kimiz<\/h3>\n\n<p>Mucco Sinyalteknik, end\u00fcstriyel sinyalizasyon \u00fcr\u00fcnlerinin tasar\u0131m\u0131, \u00fcretimi ve sat\u0131\u015f\u0131 ile u\u011fra\u015fan bir \u015firkettir.<\/p>\n\n<p>Bu Gizlilik Politikas\u0131 veya veri uygulamalar\u0131m\u0131z hakk\u0131nda herhangi bir sorunuz varsa, bizimle \u015fu adresten ileti\u015fime ge\u00e7ebilirsiniz:<br \/><strong>E-posta:<\/strong> <a>info@muccosignal.com<\/a><\/p>\n<hr class=\"wp-block-separator has-alpha-channel-opacity\" \/>\n<h3 class=\"wp-block-heading\">2. Toplad\u0131\u011f\u0131m\u0131z Ki\u015fisel Veriler<\/h3>\n\n<p>A\u015fa\u011f\u0131daki ki\u015fisel veri t\u00fcrlerini toplayabiliriz:<\/p>\n\n<h4 class=\"wp-block-heading\">2.1. Do\u011frudan Sa\u011flad\u0131\u011f\u0131n\u0131z Bilgiler<\/h4>\n\n<p>Bizimle ileti\u015fime ge\u00e7ti\u011finizde veya web sitemizle etkile\u015fimde bulundu\u011funuzda, \u015funlar\u0131 sa\u011flayabilirsiniz:<\/p>\n\n<ul class=\"wp-block-list\">\n<li>Ad ve soyad<\/li>\n\n<li>\u015eirket ad\u0131 ve pozisyonu<\/li>\n\n<li>E-posta adresi<\/li>\n\n<li>Telefon numaras\u0131<\/li>\n\n<li>Faturalama ve g\u00f6nderim detaylar\u0131<\/li>\n\n<li>Bize g\u00f6nderdi\u011finiz mesajlar ve sorular (\u00f6rne\u011fin, ileti\u015fim formlar\u0131 veya e-posta yoluyla)<\/li>\n\n<li>Bir i\u015fe ba\u015fvurman\u0131z halinde CV\/\u00f6zge\u00e7mi\u015f ve di\u011fer bilgiler<\/li>\n<\/ul>\n\n<h4 class=\"wp-block-heading\">2.2. Otomatik Olarak Toplanan Bilgiler<\/h4>\n\n<p>Web sitemizi ziyaret etti\u011finizde, \u00f6rne\u011fin belirli bilgiler otomatik olarak toplanabilir:<\/p>\n\n<ul class=\"wp-block-list\">\n<li>IP adresi<\/li>\n\n<li>Taray\u0131c\u0131 t\u00fcr\u00fc ve s\u00fcr\u00fcm\u00fc<\/li>\n\n<li>Cihaz bilgileri ve i\u015fletim sistemi<\/li>\n\n<li>Y\u00f6nlendiren web sitesi ve ziyaret etti\u011finiz sayfalar<\/li>\n\n<li>Eri\u015fim tarihi ve saati<\/li>\n\n<li>Genel konum (\u00fclke\/\u015fehir, IP'ye dayal\u0131)<\/li>\n<\/ul>\n\n<p>Bu veriler \u00e7erezler ve benzer teknolojiler arac\u0131l\u0131\u011f\u0131yla toplanabilir.<\/p>\n\n<h4 class=\"wp-block-heading\">2.3. \u00dc\u00e7\u00fcnc\u00fc Taraflardan Al\u0131nan Bilgiler<\/h4>\n\n<p>Sizin hakk\u0131n\u0131zda \u015fu ki\u015filerden bilgi alabiliriz:<\/p>\n\n<ul class=\"wp-block-list\">\n<li>Analitik ve reklam sa\u011flay\u0131c\u0131lar\u0131<\/li>\n\n<li>Sosyal medya platformlar\u0131 (sayfalar\u0131m\u0131zla veya reklamlar\u0131m\u0131zla etkile\u015fime ge\u00e7erseniz)<\/li>\n\n<li>\u0130\u015f ortaklar\u0131 ve distrib\u00fct\u00f6rler<\/li>\n<\/ul>\n<hr class=\"wp-block-separator has-alpha-channel-opacity\" \/>\n<h3 class=\"wp-block-heading\">3. Ki\u015fisel Verilerinizi Nas\u0131l Kullan\u0131yoruz<\/h3>\n\n<p>Ki\u015fisel verilerinizi a\u015fa\u011f\u0131daki ama\u00e7lar i\u00e7in kullan\u0131yoruz:<\/p>\n\n<ul class=\"wp-block-list\">\n<li>Sorular\u0131n\u0131za, taleplerinize ve ara\u015ft\u0131rmalar\u0131n\u0131za yan\u0131t vermek i\u00e7in<\/li>\n\n<li>Fiyat teklifleri, teklifler ve teknik bilgiler haz\u0131rlamak ve g\u00f6ndermek<\/li>\n\n<li>Sipari\u015fleri ve teslimatlar\u0131 i\u015flemek ve y\u00f6netmek<\/li>\n\n<li>M\u00fc\u015fteri deste\u011fi ve sat\u0131\u015f sonras\u0131 hizmet sa\u011flamak<\/li>\n\n<li>Web sitemizi, \u00fcr\u00fcnlerimizi ve hizmetlerimizi y\u00f6netmek ve geli\u015ftirmek i\u00e7in<\/li>\n\n<li>Size teknik g\u00fcncellemeler, \u00fcr\u00fcn bilgileri veya pazarlama ileti\u015fimleri g\u00f6ndermek i\u00e7in (yasalar\u0131n izin verdi\u011fi durumlarda)<\/li>\n\n<li>\u0130\u015f ba\u015fvurular\u0131n\u0131 de\u011ferlendirmek ve adaylarla ileti\u015fim kurmak<\/li>\n\n<li>Yasal y\u00fck\u00fcml\u00fcl\u00fcklere uymak ve yasal haklar\u0131m\u0131z\u0131 korumak i\u00e7in<\/li>\n<\/ul>\n<hr class=\"wp-block-separator has-alpha-channel-opacity\" \/>\n<h3 class=\"wp-block-heading\">4. \u0130\u015flemenin Yasal Dayanaklar\u0131 (AEA\/\u0130ngiltere'de iseniz)<\/h3>\n\n<p>Avrupa Ekonomik Alan\u0131 (EEA) veya Birle\u015fik Krall\u0131k'ta bulunuyorsan\u0131z, ki\u015fisel verilerinizi a\u015fa\u011f\u0131daki yasal dayanaklardan biri veya daha fazlas\u0131 kapsam\u0131nda i\u015fleriz:<\/p>\n\n<ul class=\"wp-block-list\">\n<li><strong>Bir s\u00f6zle\u015fmenin ifas\u0131:<\/strong> \u0130\u015flemenin sizinle bir s\u00f6zle\u015fme yapmak veya bir s\u00f6zle\u015fme yapmadan \u00f6nce talebiniz \u00fczerine ad\u0131mlar atmak i\u00e7in gerekli oldu\u011fu durumlarda.<\/li>\n\n<li><strong>Me\u015fru menfaatler:<\/strong> Me\u015fru ticari \u00e7\u0131karlar\u0131m\u0131z (\u00f6rne\u011fin, hizmetlerimizi iyile\u015ftirmek, doland\u0131r\u0131c\u0131l\u0131\u011f\u0131 \u00f6nlemek veya a\u011f g\u00fcvenli\u011fini sa\u011flamak) i\u00e7in i\u015fleme gerekli oldu\u011funda ve \u00e7\u0131karlar\u0131n\u0131z ve temel haklar\u0131n\u0131z bu \u00e7\u0131karlar\u0131 ge\u00e7ersiz k\u0131lmad\u0131\u011f\u0131nda.<\/li>\n\n<li><strong>R\u0131za:<\/strong> Verilerinizi belirli bir ama\u00e7 do\u011frultusunda i\u015flememiz i\u00e7in a\u00e7\u0131k bir onay verdi\u011finizde (\u00f6rne\u011fin, belirli pazarlama ileti\u015fimleri).<\/li>\n\n<li><strong>Yasal zorunluluk:<\/strong> Yasal veya d\u00fczenleyici gerekliliklere uymak i\u00e7in i\u015fleme gerekli oldu\u011funda.<\/li>\n<\/ul>\n<hr class=\"wp-block-separator has-alpha-channel-opacity\" \/>\n<h3 class=\"wp-block-heading\">5. \u00c7erezler ve Benzer Teknolojiler<\/h3>\n\n<p>Web sitemiz \u00e7erezleri ve benzer teknolojileri \u015fu ama\u00e7larla kullanabilir:<\/p>\n\n<ul class=\"wp-block-list\">\n<li>Web sitesinin d\u00fczg\u00fcn \u00e7al\u0131\u015fmas\u0131n\u0131 ve g\u00fcvenli\u011fini sa\u011flamak<\/li>\n\n<li>Tercihlerinizi hat\u0131rlay\u0131n<\/li>\n\n<li>Web sitesi trafi\u011fini ve performans\u0131n\u0131 analiz edin<\/li>\n\n<li>Kullan\u0131c\u0131 deneyimini iyile\u015ftirin<\/li>\n<\/ul>\n\n<p>\u00c7erezleri taray\u0131c\u0131 ayarlar\u0131n\u0131zdan y\u00f6netebilir veya silebilirsiniz. \u00c7erezleri devre d\u0131\u015f\u0131 b\u0131rakman\u0131n web sitesinin baz\u0131 b\u00f6l\u00fcmlerinin i\u015flevselli\u011fini etkileyebilece\u011fini l\u00fctfen unutmay\u0131n.<\/p>\n<hr class=\"wp-block-separator has-alpha-channel-opacity\" \/>\n<h3 class=\"wp-block-heading\">6. Ki\u015fisel Verilerinizi Nas\u0131l Payla\u015f\u0131yoruz<\/h3>\n\n<p>Ki\u015fisel verilerinizi \u015fu ki\u015filerle payla\u015fabiliriz:<\/p>\n\n<ul class=\"wp-block-list\">\n<li><strong>Hizmet sa\u011flay\u0131c\u0131lar ve i\u015f ortaklar\u0131<\/strong> web sitemizi i\u015fletmemize, sipari\u015fleri i\u015flememize, lojistik, BT, bar\u0131nd\u0131rma, analiz ve m\u00fc\u015fteri deste\u011fi sa\u011flamam\u0131za yard\u0131mc\u0131 olan ki\u015filer<\/li>\n\n<li><strong>Profesyonel dan\u0131\u015fmanlar<\/strong>, Gerekti\u011finde avukatlar, denet\u00e7iler veya dan\u0131\u015fmanlar gibi<\/li>\n\n<li><strong>Kamu makamlar\u0131 veya d\u00fczenleyiciler<\/strong>, yasalar\u0131n, yasal s\u00fcre\u00e7lerin gerektirdi\u011fi durumlarda veya haklar\u0131m\u0131z\u0131 ve ba\u015fkalar\u0131n\u0131n haklar\u0131n\u0131 korumak i\u00e7in<\/li>\n<\/ul>\n\n<p>Yap\u0131yoruz. <strong>de\u011fil<\/strong> ki\u015fisel verilerinizi \u00fc\u00e7\u00fcnc\u00fc taraflara satmak.<\/p>\n\n<p>Verilerinizi bizim ad\u0131m\u0131za i\u015fleyen t\u00fcm \u00fc\u00e7\u00fcnc\u00fc taraflar\u0131n bilgilerinizi g\u00fcvende tutmas\u0131 ve yaln\u0131zca talimatlar\u0131m\u0131za ve y\u00fcr\u00fcrl\u00fckteki yasalara uygun olarak i\u015flemesi gerekmektedir.<\/p>\n<hr class=\"wp-block-separator has-alpha-channel-opacity\" \/>\n<h3 class=\"wp-block-heading\">7. Uluslararas\u0131 Veri Aktar\u0131mlar\u0131<\/h3>\n\n<p>\u0130\u015fletmemiz ve hizmet sa\u011flay\u0131c\u0131lar\u0131m\u0131z farkl\u0131 \u00fclkelerde bulunabilir. Sonu\u00e7 olarak, ki\u015fisel verileriniz ikamet etti\u011finiz \u00fclkenin d\u0131\u015f\u0131nda farkl\u0131 veri koruma yasalar\u0131na sahip olabilecek \u00fclkelere aktar\u0131labilir ve bu \u00fclkelerde i\u015flenebilir.<\/p>\n\n<p>Yasalar\u0131n gerektirdi\u011fi durumlarda, bu t\u00fcr aktar\u0131mlar\u0131n ge\u00e7erli veri koruma gerekliliklerine uygun olmas\u0131n\u0131 sa\u011flamak i\u00e7in standart s\u00f6zle\u015fme maddeleri veya e\u015fde\u011fer korumalar kullanmak gibi uygun \u00f6nlemleri al\u0131r\u0131z.<\/p>\n<hr class=\"wp-block-separator has-alpha-channel-opacity\" \/>\n<h3 class=\"wp-block-heading\">8. Veri Saklama<\/h3>\n\n<p>Ki\u015fisel verilerinizi yaln\u0131zca bu Gizlilik Politikas\u0131nda a\u00e7\u0131klanan ama\u00e7lar i\u00e7in gerekli oldu\u011fu s\u00fcrece saklar\u0131z:<\/p>\n\n<ul class=\"wp-block-list\">\n<li>Sizinle veya \u015firketinizle devam eden bir i\u015f ili\u015fkimiz oldu\u011fu s\u00fcrece<\/li>\n\n<li>Yasal, muhasebe veya raporlama y\u00fck\u00fcml\u00fcl\u00fcklerine uymak i\u00e7in gereken s\u00fcre boyunca<\/li>\n\n<li>Anla\u015fmazl\u0131klar\u0131 \u00e7\u00f6zmek ve s\u00f6zle\u015fmelerimizi uygulamak i\u00e7in makul s\u00fcreler boyunca<\/li>\n<\/ul>\n\n<p>Ki\u015fisel verilerinize art\u0131k ihtiyac\u0131m\u0131z olmad\u0131\u011f\u0131nda, bunlar\u0131 g\u00fcvenli bir \u015fekilde silecek veya anonim hale getirece\u011fiz.<\/p>\n<hr class=\"wp-block-separator has-alpha-channel-opacity\" \/>\n<h3 class=\"wp-block-heading\">9. Sizin Haklar\u0131n\u0131z<\/h3>\n\n<p>Bulundu\u011funuz yere ve y\u00fcr\u00fcrl\u00fckteki yasalara ba\u011fl\u0131 olarak, ki\u015fisel verilerinizle ilgili olarak a\u015fa\u011f\u0131daki haklardan baz\u0131lar\u0131na veya t\u00fcm\u00fcne sahip olabilirsiniz:<\/p>\n\n<ul class=\"wp-block-list\">\n<li><strong>Eri\u015fim hakk\u0131:<\/strong> Hakk\u0131n\u0131zda tuttu\u011fumuz ki\u015fisel verilerin bir kopyas\u0131n\u0131 talep etmek i\u00e7in.<\/li>\n\n<li><strong>D\u00fczeltme hakk\u0131:<\/strong> Yanl\u0131\u015f veya eksik verilerin d\u00fczeltilmesini talep etmek.<\/li>\n\n<li><strong>Silme hakk\u0131:<\/strong> Uygun oldu\u011fu durumlarda ki\u015fisel verilerinizin silinmesini talep etmek.<\/li>\n\n<li><strong>K\u0131s\u0131tlama hakk\u0131:<\/strong> Belirli durumlarda verilerinizin i\u015flenmesini s\u0131n\u0131rland\u0131rmam\u0131z\u0131 talep etmek.<\/li>\n\n<li><strong>Veri ta\u015f\u0131nabilirli\u011fi hakk\u0131:<\/strong> Verilerinizi yap\u0131land\u0131r\u0131lm\u0131\u015f, yayg\u0131n olarak kullan\u0131lan bir formatta almak ve teknik olarak m\u00fcmk\u00fcn oldu\u011funda ba\u015fka bir denetleyiciye aktar\u0131lmas\u0131n\u0131 sa\u011flamak.<\/li>\n\n<li><strong>\u0130tiraz hakk\u0131:<\/strong> Me\u015fru menfaatlerimize dayal\u0131 olarak veya do\u011frudan pazarlama amac\u0131yla i\u015flemeye itiraz etmek i\u00e7in.<\/li>\n\n<li><strong>\u0130zni geri \u00e7ekme hakk\u0131:<\/strong> \u0130\u015flemenin r\u0131zaya dayal\u0131 oldu\u011fu durumlarda, r\u0131zan\u0131z\u0131 istedi\u011finiz zaman geri \u00e7ekebilirsiniz.<\/li>\n<\/ul>\n\n<p>Haklar\u0131n\u0131z\u0131 kullanmak i\u00e7in l\u00fctfen bizimle \u015fu adresten ileti\u015fime ge\u00e7in <strong><a>info@muccosignal.com<\/a><\/strong>. Talebinize yan\u0131t vermeden \u00f6nce kimli\u011finizi do\u011frulamam\u0131z gerekebilir.<\/p>\n\n<p>AEA\/\u0130ngiltere'de bulunuyorsan\u0131z, yerel veri koruma makam\u0131n\u0131za \u015fikayette bulunma hakk\u0131na da sahipsiniz.<\/p>\n<hr class=\"wp-block-separator has-alpha-channel-opacity\" \/>\n<h3 class=\"wp-block-heading\">10. Veri G\u00fcvenli\u011fi<\/h3>\n\n<p>Ki\u015fisel verilerinizi yetkisiz eri\u015fim, kay\u0131p, yanl\u0131\u015f kullan\u0131m, de\u011fi\u015fiklik veya imhaya kar\u015f\u0131 korumak i\u00e7in uygun teknik ve organizasyonel \u00f6nlemleri al\u0131yoruz.<\/p>\n\n<p>Ancak, internet \u00fczerinden hi\u00e7bir iletim y\u00f6ntemi veya elektronik depolama y\u00f6ntemi 100% g\u00fcvenli de\u011fildir. Ki\u015fisel verilerinizi korumak i\u00e7in \u00e7aba g\u00f6stersek de mutlak g\u00fcvenli\u011fi garanti edemeyiz.<\/p>\n<hr class=\"wp-block-separator has-alpha-channel-opacity\" \/>\n<h3 class=\"wp-block-heading\">11. \u00c7ocuklar\u0131n Mahremiyeti<\/h3>\n\n<p>Web sitemiz ve hizmetlerimiz 16 ya\u015f\u0131n alt\u0131ndaki \u00e7ocuklara y\u00f6nelik de\u011fildir ve bu ya\u015f\u0131n alt\u0131ndaki \u00e7ocuklardan bilerek ki\u015fisel veri toplam\u0131yoruz.<\/p>\n\n<p>Bir \u00e7ocuktan ki\u015fisel veri toplad\u0131\u011f\u0131m\u0131z\u0131 d\u00fc\u015f\u00fcn\u00fcyorsan\u0131z, l\u00fctfen bizimle \u015fu adresten ileti\u015fime ge\u00e7in <strong><a>info@muccosignal.com<\/a><\/strong>, ve bu t\u00fcr bilgileri silmek i\u00e7in uygun ad\u0131mlar\u0131 ataca\u011f\u0131z.<\/p>\n<hr class=\"wp-block-separator has-alpha-channel-opacity\" \/>\n<h3 class=\"wp-block-heading\">12. \u00dc\u00e7\u00fcnc\u00fc Taraf Web Siteleri<\/h3>\n\n<p>Web sitemiz \u00fc\u00e7\u00fcnc\u00fc taraf web sitelerine veya hizmetlerine ba\u011flant\u0131lar i\u00e7erebilir. Bu \u00fc\u00e7\u00fcnc\u00fc taraf sitelerinin gizlilik uygulamalar\u0131, i\u00e7eri\u011fi veya g\u00fcvenli\u011finden sorumlu de\u011filiz.<\/p>\n\n<p>Ziyaret etti\u011finiz t\u00fcm \u00fc\u00e7\u00fcnc\u00fc taraf web sitelerinin gizlilik politikalar\u0131n\u0131 incelemenizi \u00f6neririz.<\/p>\n<hr class=\"wp-block-separator has-alpha-channel-opacity\" \/>\n<h3 class=\"wp-block-heading\">13. Bu Gizlilik Politikas\u0131ndaki De\u011fi\u015fiklikler<\/h3>\n\n<p>Uygulamalar\u0131m\u0131zdaki de\u011fi\u015fiklikleri, yasal gereklilikleri veya di\u011fer nedenleri yans\u0131tmak i\u00e7in bu Gizlilik Politikas\u0131n\u0131 zaman zaman g\u00fcncelleyebiliriz.<\/p>\n\n<p>De\u011fi\u015fiklik yapt\u0131\u011f\u0131m\u0131zda, bu sayfan\u0131n \u00fcst k\u0131sm\u0131ndaki \u201cSon g\u00fcncelleme\u201d tarihini g\u00fcncelleyece\u011fiz. Ki\u015fisel verilerinizi nas\u0131l i\u015fledi\u011fimiz hakk\u0131nda bilgi sahibi olmak i\u00e7in bu sayfay\u0131 d\u00fczenli olarak g\u00f6zden ge\u00e7irmenizi \u00f6neririz.<\/p>\n<hr class=\"wp-block-separator has-alpha-channel-opacity\" \/>\n<h3 class=\"wp-block-heading\">14. Bize Ula\u015f\u0131n<\/h3>\n\n<p>Bu Gizlilik Politikas\u0131 veya ki\u015fisel verilerinizi i\u015flememizle ilgili herhangi bir sorunuz, endi\u015feniz veya talebiniz varsa, l\u00fctfen bizimle \u015fu adresten ileti\u015fime ge\u00e7in:<\/p>\n\n<p><strong>Mucco Sinyalteknik<\/strong><br \/><strong>E-posta:<\/strong> <a>info@muccosignal.com<\/a><\/p>\n\n<p>\u00a0<\/p>\n\t\t\t\t\t\t\t\t<\/div>\n\t\t\t\t\t<\/div>\n\t\t\t\t<\/div>\n\t\t\t\t<\/div>","protected":false},"excerpt":{"rendered":"<p>Last updated: 03 December 2025 This Privacy Policy explains how Mucco Sinyalteknik (\u201cMucco Sinyalteknik\u201d, \u201cwe\u201d, \u201cus\u201d or \u201cour\u201d) collects, uses, and protects your personal data when you visit our website, contact us, or use our products and services. By using our website or providing your personal data to us, you agree to the practices described [&hellip;]<\/p>\n","protected":false},"author":1,"featured_media":0,"parent":0,"menu_order":0,"comment_status":"closed","ping_status":"open","template":"","meta":{"content-type":"","footnotes":""},"class_list":["post-3","page","type-page","status-publish","hentry"],"_links":{"self":[{"href":"https:\/\/muccosignal.com\/tr\/wp-json\/wp\/v2\/pages\/3","targetHints":{"allow":["GET"]}}],"collection":[{"href":"https:\/\/muccosignal.com\/tr\/wp-json\/wp\/v2\/pages"}],"about":[{"href":"https:\/\/muccosignal.com\/tr\/wp-json\/wp\/v2\/types\/page"}],"author":[{"embeddable":true,"href":"https:\/\/muccosignal.com\/tr\/wp-json\/wp\/v2\/users\/1"}],"replies":[{"embeddable":true,"href":"https:\/\/muccosignal.com\/tr\/wp-json\/wp\/v2\/comments?post=3"}],"version-history":[{"count":0,"href":"https:\/\/muccosignal.com\/tr\/wp-json\/wp\/v2\/pages\/3\/revisions"}],"wp:attachment":[{"href":"https:\/\/muccosignal.com\/tr\/wp-json\/wp\/v2\/media?parent=3"}],"curies":[{"name":"wp","href":"https:\/\/api.w.org\/{rel}","templated":true}]}}