{"id":16885,"date":"2025-12-08T16:50:08","date_gmt":"2025-12-08T16:50:08","guid":{"rendered":"http:\/\/localhost:10004\/?post_type=product&#038;p=16885"},"modified":"2026-01-30T15:20:57","modified_gmt":"2026-01-30T15:20:57","slug":"somun-baglantili-mini-elektronik-siren","status":"publish","type":"product","link":"https:\/\/muccosignal.com\/tr\/urun\/somun-baglantili-mini-elektronik-siren\/","title":{"rendered":"Somun Ba\u011flant\u0131l\u0131 Mini Elektronik Siren"},"content":{"rendered":"","protected":false},"excerpt":{"rendered":"<p><iframe title=\"YouTube video oynat\u0131c\u0131\" src=\"https:\/\/www.youtube-nocookie.com\/embed\/lTir0HlvQ4w?rel=0&amp;modestbranding=1&amp;playsinline=1&amp;controls=0\" width=\"560\" height=\"315\" frameborder=\"0\" allowfullscreen=\"allowfullscreen\"><\/iframe><\/p>","protected":false},"featured_media":16890,"comment_status":"open","ping_status":"closed","template":"","meta":{"content-type":""},"product_brand":[189],"product_cat":[330],"product_tag":[],"class_list":{"0":"post-16885","1":"product","2":"type-product","3":"status-publish","4":"has-post-thumbnail","6":"product_brand-mucco","7":"product_cat-electronic-sirens","9":"first","10":"instock","11":"taxable","12":"shipping-taxable","13":"purchasable","14":"product-type-variable","15":"has-default-attributes"},"_links":{"self":[{"href":"https:\/\/muccosignal.com\/tr\/wp-json\/wp\/v2\/product\/16885","targetHints":{"allow":["GET"]}}],"collection":[{"href":"https:\/\/muccosignal.com\/tr\/wp-json\/wp\/v2\/product"}],"about":[{"href":"https:\/\/muccosignal.com\/tr\/wp-json\/wp\/v2\/types\/product"}],"replies":[{"embeddable":true,"href":"https:\/\/muccosignal.com\/tr\/wp-json\/wp\/v2\/comments?post=16885"}],"wp:featuredmedia":[{"embeddable":true,"href":"https:\/\/muccosignal.com\/tr\/wp-json\/wp\/v2\/media\/16890"}],"wp:attachment":[{"href":"https:\/\/muccosignal.com\/tr\/wp-json\/wp\/v2\/media?parent=16885"}],"wp:term":[{"taxonomy":"product_brand","embeddable":true,"href":"https:\/\/muccosignal.com\/tr\/wp-json\/wp\/v2\/product_brand?post=16885"},{"taxonomy":"product_cat","embeddable":true,"href":"https:\/\/muccosignal.com\/tr\/wp-json\/wp\/v2\/product_cat?post=16885"},{"taxonomy":"product_tag","embeddable":true,"href":"https:\/\/muccosignal.com\/tr\/wp-json\/wp\/v2\/product_tag?post=16885"}],"curies":[{"name":"wp","href":"https:\/\/api.w.org\/{rel}","templated":true}]}}