{"id":23864,"date":"2026-01-26T13:39:03","date_gmt":"2026-01-26T13:39:03","guid":{"rendered":"https:\/\/muccosignal.com\/?post_type=product&#038;p=23864"},"modified":"2026-01-30T14:49:49","modified_gmt":"2026-01-30T14:49:49","slug":"devrilme-ayakli-dort-katli-isikli-kolon-20cm","status":"publish","type":"product","link":"https:\/\/muccosignal.com\/tr\/urun\/devrilme-ayakli-dort-katli-isikli-kolon-20cm\/","title":{"rendered":"Devrilme Ayakl\u0131 D\u00f6rt Katl\u0131 I\u015f\u0131kl\u0131 Kolon 20cm"},"content":{"rendered":"","protected":false},"excerpt":{"rendered":"<p><iframe title=\"YouTube video oynat\u0131c\u0131\" src=\"https:\/\/www.youtube-nocookie.com\/embed\/1CG3Kx0O0FA?rel=0&amp;modestbranding=1&amp;playsinline=1&amp;controls=0\" width=\"560\" height=\"315\" frameborder=\"0\" allowfullscreen=\"allowfullscreen\"><\/iframe><\/p>","protected":false},"featured_media":17862,"comment_status":"open","ping_status":"closed","template":"","meta":{"content-type":""},"product_brand":[189],"product_cat":[218,503],"product_tag":[],"class_list":{"0":"post-23864","1":"product","2":"type-product","3":"status-publish","4":"has-post-thumbnail","6":"product_brand-mucco","7":"product_cat-modular-stack-lights","8":"product_cat-stack-lights-with-four-layer","10":"first","11":"instock","12":"taxable","13":"shipping-taxable","14":"purchasable","15":"product-type-variable","16":"has-default-attributes"},"_links":{"self":[{"href":"https:\/\/muccosignal.com\/tr\/wp-json\/wp\/v2\/product\/23864","targetHints":{"allow":["GET"]}}],"collection":[{"href":"https:\/\/muccosignal.com\/tr\/wp-json\/wp\/v2\/product"}],"about":[{"href":"https:\/\/muccosignal.com\/tr\/wp-json\/wp\/v2\/types\/product"}],"replies":[{"embeddable":true,"href":"https:\/\/muccosignal.com\/tr\/wp-json\/wp\/v2\/comments?post=23864"}],"wp:featuredmedia":[{"embeddable":true,"href":"https:\/\/muccosignal.com\/tr\/wp-json\/wp\/v2\/media\/17862"}],"wp:attachment":[{"href":"https:\/\/muccosignal.com\/tr\/wp-json\/wp\/v2\/media?parent=23864"}],"wp:term":[{"taxonomy":"product_brand","embeddable":true,"href":"https:\/\/muccosignal.com\/tr\/wp-json\/wp\/v2\/product_brand?post=23864"},{"taxonomy":"product_cat","embeddable":true,"href":"https:\/\/muccosignal.com\/tr\/wp-json\/wp\/v2\/product_cat?post=23864"},{"taxonomy":"product_tag","embeddable":true,"href":"https:\/\/muccosignal.com\/tr\/wp-json\/wp\/v2\/product_tag?post=23864"}],"curies":[{"name":"wp","href":"https:\/\/api.w.org\/{rel}","templated":true}]}}