{"id":24344,"date":"2026-01-26T13:39:54","date_gmt":"2026-01-26T13:39:54","guid":{"rendered":"https:\/\/muccosignal.com\/?post_type=product&#038;p=24344"},"modified":"2026-01-30T14:45:10","modified_gmt":"2026-01-30T14:45:10","slug":"yuzeye-montaj-bes-katli-isikli-kolon-uzatmasiz","status":"publish","type":"product","link":"https:\/\/muccosignal.com\/tr\/urun\/yuzeye-montaj-bes-katli-isikli-kolon-uzatmasiz\/","title":{"rendered":"Y\u00fczeye Montaj Be\u015f Katl\u0131 I\u015f\u0131kl\u0131 Kolon Uzatmas\u0131z"},"content":{"rendered":"","protected":false},"excerpt":{"rendered":"<p><iframe title=\"YouTube video oynat\u0131c\u0131\" src=\"https:\/\/www.youtube-nocookie.com\/embed\/1CG3Kx0O0FA?rel=0&amp;modestbranding=1&amp;playsinline=1&amp;controls=0\" width=\"560\" height=\"315\" frameborder=\"0\" allowfullscreen=\"allowfullscreen\"><\/iframe><\/p>","protected":false},"featured_media":17811,"comment_status":"open","ping_status":"closed","template":"","meta":{"content-type":""},"product_brand":[189],"product_cat":[218,504],"product_tag":[],"class_list":{"0":"post-24344","1":"product","2":"type-product","3":"status-publish","4":"has-post-thumbnail","6":"product_brand-mucco","7":"product_cat-modular-stack-lights","8":"product_cat-stack-lights-with-five-layer","10":"first","11":"instock","12":"taxable","13":"shipping-taxable","14":"purchasable","15":"product-type-variable","16":"has-default-attributes"},"_links":{"self":[{"href":"https:\/\/muccosignal.com\/tr\/wp-json\/wp\/v2\/product\/24344","targetHints":{"allow":["GET"]}}],"collection":[{"href":"https:\/\/muccosignal.com\/tr\/wp-json\/wp\/v2\/product"}],"about":[{"href":"https:\/\/muccosignal.com\/tr\/wp-json\/wp\/v2\/types\/product"}],"replies":[{"embeddable":true,"href":"https:\/\/muccosignal.com\/tr\/wp-json\/wp\/v2\/comments?post=24344"}],"wp:featuredmedia":[{"embeddable":true,"href":"https:\/\/muccosignal.com\/tr\/wp-json\/wp\/v2\/media\/17811"}],"wp:attachment":[{"href":"https:\/\/muccosignal.com\/tr\/wp-json\/wp\/v2\/media?parent=24344"}],"wp:term":[{"taxonomy":"product_brand","embeddable":true,"href":"https:\/\/muccosignal.com\/tr\/wp-json\/wp\/v2\/product_brand?post=24344"},{"taxonomy":"product_cat","embeddable":true,"href":"https:\/\/muccosignal.com\/tr\/wp-json\/wp\/v2\/product_cat?post=24344"},{"taxonomy":"product_tag","embeddable":true,"href":"https:\/\/muccosignal.com\/tr\/wp-json\/wp\/v2\/product_tag?post=24344"}],"curies":[{"name":"wp","href":"https:\/\/api.w.org\/{rel}","templated":true}]}}