{"id":16226,"date":"2025-12-03T11:18:17","date_gmt":"2025-12-03T11:18:17","guid":{"rendered":"http:\/\/localhost:10004\/?page_id=16226"},"modified":"2025-12-03T11:23:02","modified_gmt":"2025-12-03T11:23:02","slug":"%e6%9d%a1%e6%ac%be%e6%9d%a1%e4%bb%b6","status":"publish","type":"page","link":"https:\/\/muccosignal.com\/zh\/%e6%9d%a1%e6%ac%be%e6%9d%a1%e4%bb%b6\/","title":{"rendered":"\u6761\u6b3e\u548c\u6761\u4ef6"},"content":{"rendered":"<div data-elementor-type=\"wp-page\" data-elementor-id=\"16226\" class=\"elementor elementor-16226\">\n\t\t\t\t<div class=\"elementor-element elementor-element-2f6d6c7d e-flex e-con-boxed e-con e-parent\" data-id=\"2f6d6c7d\" data-element_type=\"container\" data-e-type=\"container\">\r\n\t\t\t\t\t<div class=\"e-con-inner\">\r\n\t\t\t\t<div class=\"elementor-element elementor-element-57aba3ac elementor-widget elementor-widget-text-editor\" data-id=\"57aba3ac\" data-element_type=\"widget\" data-e-type=\"widget\" data-widget_type=\"text-editor.default\">\n\t\t\t\t\t\t\t\t\t\n<p><strong>\u6700\u540e\u66f4\u65b0\u6700\u540e\u66f4\u65b0\u65e5\u671f\uff1a 2025 \u5e74 12 \u6708 03 \u65e5<\/strong><\/p>\n\n<p>\u672c\u6761\u6b3e\u548c\u6761\u4ef6\uff08\u4ee5\u4e0b\u7b80\u79f0 \u201c\u6761\u6b3e\u548c\u6761\u4ef6\u201c<strong>\u6761\u6b3e<\/strong>\u201d\uff09\u7ba1\u7406\u60a8\u5bf9\u672c\u7f51\u7ad9\u7684\u4f7f\u7528 <strong><a href=\"https:\/\/muccosignal.com\/zh\/\">https:\/\/muccosignal.com\/<\/a><\/strong> (\u4ee5\u4e0b\u7b80\u79f0\u201c......\u201c<strong>\u7f51\u7ad9<\/strong>\u201d\uff09\u4ee5\u53ca\u901a\u8fc7\u672c\u7f51\u7ad9\u8d2d\u4e70\u7684\u4efb\u4f55\u4ea7\u54c1\u3002.<\/p>\n\n<p>\u8bbf\u95ee\u6216\u4f7f\u7528\u672c\u7f51\u7ad9\uff0c\u6216\u4e0b\u8ba2\u5355\uff0c\u5373\u8868\u793a\u60a8\u540c\u610f\u63a5\u53d7\u8fd9\u4e9b\u6761\u6b3e\u7684\u7ea6\u675f\u3002\u5982\u679c\u60a8\u4e0d\u540c\u610f\uff0c\u5219\u4e0d\u5f97\u4f7f\u7528\u672c\u7f51\u7ad9\u3002.<\/p>\n<hr class=\"wp-block-separator has-alpha-channel-opacity\" \/>\n<h3 class=\"wp-block-heading\">1.\u516c\u53f8\u8be6\u60c5<\/h3>\n\n<p>\u672c\u7f51\u7ad9\u7531<\/p>\n\n<p><strong>Sinyalteknik Elektrik Otomasyon \u0130thalat \u0130hracat Sanayi ve Ticaret Limited \u015eirketi<\/strong><br \/>\u4f5c\u4e3a <strong>Mucco Sinyalteknik<\/strong><br \/>\u6ce8\u518c\u529e\u4e8b\u5904\uff1a\u0130kitelli OSB Mah.Giyim Sanatkarlar\u0131 2C Sk.Giyim Sanatkarlar\u0131 2C Blok No: 2 C Blok \u0130\u00e7 Kap\u0131 No: 122, Ba\u015fak\u015fehir \/ \u0130stanbul, T\u00fcrkiye VERG\u0130 LEVHASI-2023<br \/>\u4f0a\u65af\u5766\u5e03\u5c14\u8d38\u6613\u767b\u8bb0\u53f7 <strong>750303<\/strong><br \/>\u4e3b\u8981\u6d3b\u52a8\u4ee3\u7801\uff1a <strong>261201 - \u52a0\u8f7d\u7535\u5b50\u5370\u5237\u7535\u8def\u677f\u5236\u9020\u53ca\u76f8\u5173\u7535\u5b50\u7ec4\u4ef6<\/strong><\/p>\n\n<p><strong>\u7535\u8bdd<\/strong> +90 212 292 47 48<br \/><strong>\u7535\u5b50\u90ae\u4ef6\uff1a<\/strong> <a>info@muccosignal.com<\/a><br \/><strong>\u7f51\u7ad9\uff1a<\/strong> <a href=\"https:\/\/muccosignal.com\/zh\/\">https:\/\/muccosignal.com\/<\/a><\/p>\n<hr class=\"wp-block-separator has-alpha-channel-opacity\" \/>\n<h3 class=\"wp-block-heading\">2.\u672c\u6761\u6b3e\u7684\u8303\u56f4<\/h3>\n\n<p>\u8fd9\u4e9b\u6761\u6b3e\u9002\u7528\u4e8e<\/p>\n\n<ul class=\"wp-block-list\">\n<li>\u60a8\u5bf9\u672c\u7f51\u7ad9\u53ca\u5176\u63d0\u4f9b\u7684\u4efb\u4f55\u5185\u5bb9\u3001\u4fe1\u606f\u3001\u6587\u4ef6\u6216\u5a92\u4f53\u7684\u4f7f\u7528<\/li>\n\n<li>\u901a\u8fc7\u672c\u7f51\u7ad9\u6216\u76f4\u63a5\u53c2\u7167\u672c\u6761\u6b3e\u8fdb\u884c\u7684\u4efb\u4f55\u62a5\u4ef7\u3001\u8ba2\u8d2d\u3001\u9500\u552e\u548c\u4ea4\u4ed8\u4ea7\u54c1\u884c\u4e3a<\/li>\n<\/ul>\n\n<p>\u5982\u679c\u672c\u6761\u6b3e\u4e0e\u60a8\u548c Mucco Sinyalteknik \u4e4b\u95f4\u7b7e\u8ba2\u7684\u4efb\u4f55\u5355\u72ec\u4e66\u9762\u5408\u540c\u53d1\u751f\u51b2\u7a81\uff0c\u5e94\u4ee5\u4e66\u9762\u5408\u540c\u4e3a\u51c6\u3002.<\/p>\n<hr class=\"wp-block-separator has-alpha-channel-opacity\" \/>\n<h3 class=\"wp-block-heading\">3.\u5546\u4e1a\u5ba2\u6237\/\u5de5\u4e1a\u7528\u9014<\/h3>\n\n<p>\u6211\u4eec\u8bbe\u8ba1\u548c\u4f9b\u5e94\u7684\u4ea7\u54c1\u4e3b\u8981\u7528\u4e8e <strong>\u4e13\u4e1a\u548c\u5de5\u4e1a\u7528\u9014<\/strong> (B2B - \u4f01\u4e1a\u5bf9\u4f01\u4e1a\uff09\u3002.<\/p>\n\n<p>\u4e0b\u8ba2\u5355\u5373\u8868\u793a\u60a8\u786e\u8ba4\uff1a<\/p>\n\n<ul class=\"wp-block-list\">\n<li>\u60a8\u4ee3\u8868\u4f01\u4e1a\u3001\u7ec4\u7ec7\u6216\u4e13\u4e1a\u7528\u6237\u8d2d\u4e70\uff1b\u4ee5\u53ca<\/li>\n\n<li>\u786e\u4fdd\u7531\u5408\u683c\u4eba\u5458\u6309\u7167\u76f8\u5173\u6807\u51c6\u3001\u63a5\u7ebf\u56fe\u548c\u5b89\u5168\u89c4\u5b9a\u8fdb\u884c\u5b89\u88c5\u548c\u4f7f\u7528\u3002.<\/li>\n<\/ul>\n\n<p>\u6d88\u8d39\u8005\u6cd5\u5f8b\u6743\u5229\u7684\u9002\u7528\u65b9\u5f0f\u53ef\u80fd\u4e0d\u540c\u4e8e\u5178\u578b\u7684 B2C\uff08\u6d88\u8d39\u8005\uff09\u9500\u552e\u3002\u5728\u5f3a\u5236\u6027\u6d88\u8d39\u8005\u4fdd\u62a4\u6cd5\u9002\u7528\u7684\u8303\u56f4\u5185\uff0c\u672c\u6761\u6b3e\u4e2d\u7684\u4efb\u4f55\u5185\u5bb9\u5747\u65e0\u610f\u9650\u5236\u8fd9\u4e9b\u6743\u5229\u3002.<\/p>\n<hr class=\"wp-block-separator has-alpha-channel-opacity\" \/>\n<h3 class=\"wp-block-heading\">4.\u7f51\u7ad9\u7684\u4f7f\u7528<\/h3>\n\n<p>\u60a8\u540c\u610f\u4ec5\u4e3a\u5408\u6cd5\u76ee\u7684\u4f7f\u7528\u672c\u7f51\u7ad9\uff0c\u4e14\u4f7f\u7528\u65b9\u5f0f\u4e0d\u5f97\u8fdd\u53cd\u4ee5\u4e0b\u89c4\u5b9a<\/p>\n\n<ul class=\"wp-block-list\">\n<li>\u4fb5\u72af Mucco Sinyalteknik \u6216\u4efb\u4f55\u7b2c\u4e09\u65b9\u7684\u6743\u5229<\/li>\n\n<li>\u5e72\u6270\u6216\u7834\u574f\u7f51\u7ad9\u7684\u8fd0\u884c\u548c\u5b89\u5168<\/li>\n\n<li>\u6ee5\u7528\u4efb\u4f55\u5185\u5bb9\u3001\u56fe\u50cf\u3001\u6587\u4ef6\u6216\u6280\u672f\u4fe1\u606f<\/li>\n<\/ul>\n\n<p>\u4e0d\u5f97\u8bd5\u56fe\u672a\u7ecf\u6388\u6743\u8bbf\u95ee\u7f51\u7ad9\u3001\u670d\u52a1\u5668\u6216\u76f8\u5173\u7cfb\u7edf\u7684\u4efb\u4f55\u90e8\u5206\u3002.<\/p>\n\n<p>\u51fa\u4e8e\u5b89\u5168\u3001\u7ef4\u62a4\u6216\u5176\u4ed6\u4e1a\u52a1\u539f\u56e0\uff0c\u6211\u4eec\u53ef\u80fd\u968f\u65f6\u6682\u505c\u6216\u7ec8\u6b62\u7f51\u7ad9\u7684\u8bbf\u95ee\u3002.<\/p>\n<hr class=\"wp-block-separator has-alpha-channel-opacity\" \/>\n<h3 class=\"wp-block-heading\">5.\u4ea7\u54c1\u4fe1\u606f\u548c\u6280\u672f\u6570\u636e<\/h3>\n\n<p>\u6211\u4eec\u5c3d\u529b\u4fdd\u6301\u6240\u6709\u4ea7\u54c1\u63cf\u8ff0\u3001\u6280\u672f\u6587\u4ef6\u3001\u7167\u7247\u548c\u6570\u636e\u8868\u7684\u51c6\u786e\u6027\u548c\u65f6\u6548\u6027\uff1b\u4f46\u662f\uff1a<\/p>\n\n<ul class=\"wp-block-list\">\n<li>\u4ea7\u54c1\u89c4\u683c\u3001\u5c3a\u5bf8\u3001\u4eae\u5ea6\u3001\u97f3\u91cf\u3001\u989c\u8272\u548c\u5176\u4ed6\u529f\u80fd\u53ef\u80fd\u4f1a\u56e0\u4e0d\u65ad\u6539\u8fdb\u800c\u53d1\u751f\u53d8\u5316<\/li>\n\n<li>\u7167\u7247\u548c 3D \u6548\u679c\u56fe\u4ec5\u4f9b\u53c2\u8003\uff0c\u53ef\u80fd\u4e0e\u5b9e\u9645\u4ea7\u54c1\u5b58\u5728\u5dee\u5f02<\/li>\n\n<li>\u60a8\u6709\u8d23\u4efb\u786e\u8ba4\u4ea7\u54c1\u662f\u5426\u9002\u5408\u60a8\u7684\u7279\u5b9a\u5e94\u7528\uff08\u7535\u538b\u3001IP \u7b49\u7ea7\u3001\u8ba4\u8bc1\u7b49\uff09\u3002<\/li>\n<\/ul>\n\n<p>\u6211\u4eec\u4fdd\u7559\u66f4\u6b63\u4efb\u4f55\u5370\u5237\u3001\u6280\u672f\u6216\u5b9a\u4ef7\u9519\u8bef\u7684\u6743\u5229\uff0c\u6055\u4e0d\u53e6\u884c\u901a\u77e5\u3002.<\/p>\n<hr class=\"wp-block-separator has-alpha-channel-opacity\" \/>\n<h3 class=\"wp-block-heading\">6.\u4ef7\u683c\u3001\u7a0e\u6536\u548c\u8d27\u5e01<\/h3>\n\n<p>\u9664\u975e\u53e6\u6709\u8bf4\u660e\uff1a<\/p>\n\n<ul class=\"wp-block-list\">\n<li>\u7f51\u7ad9\u4e0a\u663e\u793a\u7684\u6240\u6709\u4ef7\u683c\u5747\u4e3a <strong>\u4e0d\u542b\u589e\u503c\u7a0e<\/strong> \u4ee5\u53ca\u5176\u4ed6\u9002\u7528\u7684\u7a0e\u6b3e\u3001\u5173\u7a0e\u6216\u8d39\u7528<\/li>\n\n<li>\u589e\u503c\u7a0e\u548c\u5176\u4ed6\u9002\u7528\u8d39\u7528\u5c06\u5728\u7ed3\u8d26\u6216\u5f00\u5177\u53d1\u7968\u65f6\u6839\u636e\u9002\u7528\u6cd5\u89c4\u52a0\u6536\u3002<\/li>\n\n<li>\u4ef7\u683c\u53ef\u968f\u65f6\u66f4\u6539\uff0c\u6055\u4e0d\u53e6\u884c\u901a\u77e5\uff0c\u4f46\u6b64\u7c7b\u66f4\u6539\u4e0d\u4f1a\u5f71\u54cd\u5df2\u786e\u8ba4\u7684\u8ba2\u5355<\/li>\n<\/ul>\n\n<p>\u5982\u679c\u51fa\u73b0\u660e\u663e\u7684\u5b9a\u4ef7\u9519\u8bef\uff08\u4f8b\u5982\uff0c\u7531\u4e8e\u660e\u663e\u7684\u9519\u8bef\uff0c\u4ea7\u54c1\u4ee5\u4e0d\u5207\u5b9e\u9645\u7684\u4f4e\u4ef7\u4e0a\u5e02\uff09\uff0c\u6211\u4eec\u4fdd\u7559\u53d6\u6d88\u8ba2\u5355\u5e76\u9000\u8fd8\u6240\u6709\u5df2\u4ed8\u6b3e\u7684\u6743\u5229\u3002.<\/p>\n<hr class=\"wp-block-separator has-alpha-channel-opacity\" \/>\n<h3 class=\"wp-block-heading\">7.\u8ba2\u5355\u548c\u5408\u540c\u7684\u8ba2\u7acb<\/h3>\n\n<p>\u5728\u672c\u7f51\u7ad9\u4e0b\u8ba2\u5355\u5373\u8868\u793a\u60a8\uff1a<\/p>\n\n<ul class=\"wp-block-list\">\n<li>\u786e\u8ba4\u60a8\u63d0\u4f9b\u7684\u6240\u6709\u4fe1\u606f\uff08\u8d26\u5355\u3001\u8fd0\u8f93\u3001\u7a0e\u52a1\u8be6\u7ec6\u4fe1\u606f\uff09\u51c6\u786e\u5b8c\u6574<\/li>\n\n<li>\u6388\u6743\u6211\u4eec\u4f7f\u7528\u8fd9\u4e9b\u4fe1\u606f\u5904\u7406\u60a8\u7684\u8ba2\u5355\u5e76\u5f00\u5177\u53d1\u7968<\/li>\n<\/ul>\n\n<p>\u53ea\u6709\u5728\u4e0b\u5217\u60c5\u51b5\u4e0b\uff0c\u8ba2\u5355\u624d\u88ab\u89c6\u4e3a\u5df2\u88ab\u63a5\u53d7\uff0c\u5177\u6709\u7ea6\u675f\u529b\u7684\u5408\u540c\u624d\u544a\u6210\u7acb\uff1a<\/p>\n\n<ul class=\"wp-block-list\">\n<li>\u60a8\u5c06\u901a\u8fc7\u7535\u5b50\u90ae\u4ef6\u6536\u5230\u6211\u4eec\u7684\u8ba2\u5355\u786e\u8ba4\u51fd <strong>\u548c<\/strong><\/li>\n\n<li>\u6210\u529f\u6536\u5230\u4ed8\u6b3e\uff08\u9664\u975e\u53e6\u6709\u4e66\u9762\u7ea6\u5b9a\uff09<\/li>\n<\/ul>\n\n<p>\u6211\u4eec\u4fdd\u7559\u62d2\u7edd\u6216\u53d6\u6d88\u4efb\u4f55\u8ba2\u5355\u7684\u6743\u5229\uff0c\u539f\u56e0\u5305\u62ec\u4f46\u4e0d\u9650\u4e8e\u4ea7\u54c1\u4f9b\u5e94\u60c5\u51b5\u3001\u4ef7\u683c\u4e0d\u6b63\u786e\u6216\u6d89\u5acc\u6b3a\u8bc8\u3002.<\/p>\n<hr class=\"wp-block-separator has-alpha-channel-opacity\" \/>\n<h3 class=\"wp-block-heading\">8.\u4ed8\u6b3e\u6761\u6b3e<\/h3>\n\n<p>\u7f51\u7ad9\u4e0a\u5217\u51fa\u4e86\u53ef\u63a5\u53d7\u7684\u4ed8\u6b3e\u65b9\u5f0f\uff08\u5982\u94f6\u884c\u8f6c\u8d26\u3001\u4fe1\u7528\u5361\u3001\u5728\u7ebf\u4ed8\u6b3e\u7f51\u5173\uff09\u3002.<\/p>\n\n<ul class=\"wp-block-list\">\n<li>\u4e00\u822c\u8981\u6c42\u4ed8\u6b3e <strong>\u4e8b\u5148<\/strong>, \u9664\u975e\u53e6\u6709\u4e66\u9762\u534f\u8bae\uff08\u5982\u8001\u5ba2\u6237\u4fe1\u7528\u6761\u6b3e\uff09\u3002.<\/li>\n\n<li>\u5982\u679c\u5728\u89c4\u5b9a\u65f6\u95f4\u5185\u672a\u6536\u5230\u4ed8\u6b3e\uff0c\u6211\u4eec\u53ef\u80fd\u4f1a\u53d6\u6d88\u8ba2\u5355\u3002.<\/li>\n<\/ul>\n\n<p>\u5bf9\u4e8e\u94f6\u884c\u8f6c\u8d26\uff0c\u4efb\u4f55\u94f6\u884c\u8d39\u7528\u6216\u6536\u8d39\u5747\u7531\u5ba2\u6237\u627f\u62c5\u3002.<\/p>\n<hr class=\"wp-block-separator has-alpha-channel-opacity\" \/>\n<h3 class=\"wp-block-heading\">9.\u8fd0\u8f93\u548c\u4ea4\u4ed8<\/h3>\n\n<p>\u4ea7\u54c1\u7684\u8fd0\u8f93\u548c\u4ea4\u4ed8\u7531\u6211\u4eec\u53e6\u884c\u89c4\u5b9a\u3002 <strong>\u9001\u8d27\u653f\u7b56<\/strong>, \u8be5\u6761\u6b3e\u6784\u6210\u672c\u6761\u6b3e\u7684\u4e00\u90e8\u5206\uff0c\u5e76\u901a\u8fc7\u5f15\u7528\u7eb3\u5165\u672c\u6761\u6b3e\u3002.<\/p>\n\n<p>\u4e0b\u8ba2\u5355\u5373\u8868\u793a\u60a8\u540c\u610f\u6211\u4eec\u7f51\u7ad9\u4e0a\u7684\u9001\u8d27\u4e0e\u53d1\u8d27\u653f\u7b56\u3002.<\/p>\n\n<p>\u9664\u975e\u5f3a\u5236\u6027\u6cd5\u5f8b\u53e6\u6709\u89c4\u5b9a\uff0c\u5426\u5219\u635f\u5931\u548c\u635f\u574f\u98ce\u9669\u5728\u4ea7\u54c1\u4ea4\u4ed8\u7ed9\u627f\u8fd0\u4eba\u540e\u5373\u8f6c\u79fb\u7ed9\u8d35\u65b9\u3002\u8d27\u6b3e\u4ed8\u6e05\u540e\uff0c\u8d27\u7269\u6240\u6709\u6743\u8f6c\u79fb\u3002.<\/p>\n<hr class=\"wp-block-separator has-alpha-channel-opacity\" \/>\n<h3 class=\"wp-block-heading\">10.\u9000\u8d27\u3001\u9000\u6b3e\u548c\u4fdd\u4fee<\/h3>\n\n<p>\u6211\u4eec\u7684 <strong>\u9000\u6b3e\u548c\u9000\u8d27\u653f\u7b56<\/strong> \u89c4\u5b9a\u4e86\u4ee5\u4e0b\u6761\u4ef6<\/p>\n\n<ul class=\"wp-block-list\">\n<li>\u53ef\u5bf9\u635f\u574f\u6216\u4e0d\u6b63\u786e\u7684\u7269\u54c1\u63d0\u51fa\u7d22\u8d54\uff08\u5728\u6709\u9650\u7684\u671f\u9650\u5185\uff0c\u901a\u5e38\u4e3a\u4ea4\u8d27\u540e 15 \u5929\u5185\uff09\uff0c\u4ee5\u53ca<\/li>\n\n<li>\u662f\u5426\u63d0\u4f9b\u66f4\u6362\u3001\u5546\u5e97\u79ef\u5206\u6216\u5176\u4ed6\u8865\u6551\u63aa\u65bd<\/li>\n<\/ul>\n\n<p>\u6211\u4eec\u4e00\u822c\u4f1a <strong>\u4e0d<\/strong> \u5bf9\u4e8e\u6b63\u786e\u4ea4\u4ed8\u4e14\u65e0\u7f3a\u9677\u7684\u4ea7\u54c1\uff0c\u9664\u9002\u7528\u6cd5\u5f8b\u8981\u6c42\u5916\uff0c\u4e0d\u63a5\u53d7\u9000\u8d27\u6216\u9000\u6b3e\u3002.<\/p>\n\n<p>\u8bf7\u53c2\u9605 <strong>\u9000\u6b3e\u548c\u9000\u8d27\u653f\u7b56<\/strong> \u8be6\u60c5\u8bf7\u8bbf\u95ee\u6211\u4eec\u7684\u7f51\u7ad9\u3002.<\/p>\n\n<p>\u4fdd\u4fee\u8303\u56f4\uff08\u5982\u9002\u7528\uff09\u4ec5\u9650\u4e8e\u4e3a\u6bcf\u79cd\u4ea7\u54c1\u6216\u6bcf\u7ec4\u4ea7\u54c1\u89c4\u5b9a\u7684\u6761\u6b3e\uff0c\u5e76\u53ef\u80fd\u53d7\u6b63\u786e\u5b89\u88c5\u3001\u6b63\u786e\u4f7f\u7528\u548c\u73af\u5883\u6761\u4ef6\u7684\u9650\u5236\u3002.<\/p>\n<hr class=\"wp-block-separator has-alpha-channel-opacity\" \/>\n<h3 class=\"wp-block-heading\">11.\u77e5\u8bc6\u4ea7\u6743<\/h3>\n\n<p>\u7f51\u7ad9\u4e0a\u7684\u6240\u6709\u5185\u5bb9\uff0c\u5305\u62ec\u5fbd\u6807\u3001\u5546\u6807\u3001\u4ea7\u54c1\u540d\u79f0\u3001\u7167\u7247\u3001\u6280\u672f\u56fe\u7eb8\u3001\u56fe\u6807\u3001\u89c6\u9891\u3001\u6587\u4ef6\u548c\u6587\u672c\uff0c\u5747\u4e3a Mucco Sinyalteknik \u6216\u5176\u8bb8\u53ef\u65b9\u7684\u8d22\u4ea7\uff0c\u53d7\u77e5\u8bc6\u4ea7\u6743\u6cd5\u4fdd\u62a4\u3002.<\/p>\n\n<p>\u60a8\u53ef\u4ee5<\/p>\n\n<ul class=\"wp-block-list\">\n<li>\u67e5\u770b\u548c\u6253\u5370\u4f9b\u5185\u90e8\u4e1a\u52a1\u4f7f\u7528\u7684\u5185\u5bb9<\/li>\n\n<li>\u4e0b\u8f7d\u6280\u672f\u6587\u4ef6\uff0c\u4ee5\u4fbf\u5b89\u88c5\u6216\u4f7f\u7528\u6211\u4eec\u7684\u4ea7\u54c1<\/li>\n<\/ul>\n\n<p>\u4f60\u53ef\u4ee5\u4e0d\u8fd9\u6837\u505a\uff1a<\/p>\n\n<ul class=\"wp-block-list\">\n<li>\u5728\u672a\u7ecf\u6211\u4eec\u4e8b\u5148\u4e66\u9762\u540c\u610f\u7684\u60c5\u51b5\u4e0b\uff0c\u51fa\u4e8e\u5546\u4e1a\u76ee\u7684\u62f7\u8d1d\u3001\u590d\u5236\u6216\u5206\u53d1\u7f51\u7ad9\u5185\u5bb9<\/li>\n\n<li>\u4fee\u6539\u6216\u5220\u9664\u4efb\u4f55\u7248\u6743\u3001\u5546\u6807\u6216\u5176\u4ed6\u6240\u6709\u6743\u58f0\u660e<\/li>\n<\/ul>\n<hr class=\"wp-block-separator has-alpha-channel-opacity\" \/>\n<h3 class=\"wp-block-heading\">12.\u8d23\u4efb\u9650\u5236<\/h3>\n\n<p>\u5728\u6cd5\u5f8b\u5141\u8bb8\u7684\u6700\u5927\u8303\u56f4\u5185\uff1a<\/p>\n\n<ul class=\"wp-block-list\">\n<li>Mucco Sinyalteknik \u5bf9\u4ee5\u4e0b\u60c5\u51b5\u4e0d\u627f\u62c5\u4efb\u4f55\u8d23\u4efb <strong>\u95f4\u63a5\u3001\u9644\u5e26\u3001\u540e\u679c\u6027\u6216\u7279\u6b8a\u635f\u5bb3\u8d54\u507f<\/strong>, \u5305\u62ec\u4f46\u4e0d\u9650\u4e8e\u56e0\u4f7f\u7528\u6216\u65e0\u6cd5\u4f7f\u7528\u672c\u7f51\u7ad9\u6216\u4ea7\u54c1\u800c\u9020\u6210\u7684\u5229\u6da6\u635f\u5931\u3001\u6570\u636e\u4e22\u5931\u3001\u4e1a\u52a1\u635f\u5931\u6216\u505c\u4ea7\u3002.<\/li>\n\n<li>\u6211\u4eec\u5bf9\u4e0e\u8ba2\u5355\u76f8\u5173\u7684\u4efb\u4f55\u7d22\u8d54\u6240\u627f\u62c5\u7684\u8d23\u4efb\u603b\u989d\u4e0d\u5f97\u8d85\u8fc7 <strong>\u652f\u4ed8\u91d1\u989d<\/strong> \u7684\u4ea7\u54c1\u63d0\u51fa\u7d22\u8d54\u3002.<\/li>\n<\/ul>\n\n<p>\u672c\u6761\u6b3e\u4e2d\u7684\u4efb\u4f55\u5185\u5bb9\u5747\u4e0d\u6392\u9664\u6216\u9650\u5236\u975e\u6cd5\u7684\u8d23\u4efb\uff08\u4f8b\u5982\uff0c\u5728\u84c4\u610f\u4e0d\u5f53\u884c\u4e3a\u6216\u91cd\u5927\u8fc7\u5931\u7684\u60c5\u51b5\u4e0b\uff0c\u6216\u5728\u9002\u7528\u5f3a\u5236\u6027\u4ea7\u54c1\u8d23\u4efb\u6cd5\u89c4\u7684\u60c5\u51b5\u4e0b\uff09\u3002.<\/p>\n<hr class=\"wp-block-separator has-alpha-channel-opacity\" \/>\n<h3 class=\"wp-block-heading\">13.\u4e0d\u53ef\u6297\u529b<\/h3>\n\n<p>\u5bf9\u4e8e\u56e0\u8d85\u51fa\u6211\u4eec\u5408\u7406\u63a7\u5236\u8303\u56f4\u7684\u4e8b\u4ef6\uff08\u5305\u62ec\u4f46\u4e0d\u9650\u4e8e\u81ea\u7136\u707e\u5bb3\u3001\u6218\u4e89\u3001\u7f62\u5de5\u3001\u6d41\u884c\u75c5\u3001\u653f\u5e9c\u884c\u4e3a\u3001\u4f9b\u5e94\u94fe\u4e2d\u65ad\u3001\u505c\u7535\u6216\u4e92\u8054\u7f51\u4e2d\u65ad\uff09\u800c\u5bfc\u81f4\u6211\u4eec\u65e0\u6cd5\u6216\u5ef6\u8fdf\u5c65\u884c\u4e49\u52a1\u7684\u60c5\u51b5\uff0c\u6211\u4eec\u6982\u4e0d\u8d1f\u8d23\u3002.<\/p>\n<hr class=\"wp-block-separator has-alpha-channel-opacity\" \/>\n<h3 class=\"wp-block-heading\">14.\u51c6\u636e\u6cd5\u548c\u7ba1\u8f96\u6743<\/h3>\n\n<p>\u672c\u6761\u6b3e\u53d7\u7f8e\u56fd\u6cd5\u5f8b\u7ba1\u8f96\uff0c\u5e76\u6839\u636e\u7f8e\u56fd\u6cd5\u5f8b\u89e3\u91ca\u3002 <strong>\u571f\u8033\u5176\u5171\u548c\u56fd<\/strong>, \u5728\u4e0d\u8003\u8651\u6cd5\u5f8b\u51b2\u7a81\u539f\u5219\u7684\u60c5\u51b5\u4e0b\u3002.<\/p>\n\n<p>\u56e0\u672c\u6761\u6b3e\u6216\u4efb\u4f55\u8ba2\u5355\u5f15\u8d77\u7684\u6216\u4e0e\u4e4b\u76f8\u5173\u7684\u4efb\u4f55\u4e89\u8bae\u5e94\u53d7\u4ee5\u4e0b\u6cd5\u9662\u7684\u4e13\u5c5e\u7ba1\u8f96 <strong>\u4f0a\u65af\u5766\u5e03\u5c14\u6cd5\u9662\u548c\u6267\u884c\u529e\u516c\u5ba4<\/strong>, \u9664\u975e\u5f3a\u5236\u6027\u6cd5\u5f8b\u53e6\u6709\u89c4\u5b9a\u3002.<\/p>\n<hr class=\"wp-block-separator has-alpha-channel-opacity\" \/>\n<h3 class=\"wp-block-heading\">15.\u672c\u6761\u6b3e\u7684\u53d8\u66f4<\/h3>\n\n<p>\u6211\u4eec\u53ef\u80fd\u4f1a\u4e0d\u65f6\u66f4\u65b0\u6216\u4fee\u6539\u8fd9\u4e9b\u6761\u6b3e\u3002\u66f4\u65b0\u6216\u4fee\u6539\u65f6\uff0c\u6211\u4eec\u5c06\u66f4\u65b0\u672c\u9875\u9762\u9876\u90e8\u7684 \u201c\u6700\u540e\u66f4\u65b0 \u201d\u65e5\u671f\u3002.<\/p>\n\n<p>\u5982\u679c\u60a8\u5728\u6761\u6b3e\u4fee\u6539\u540e\u7ee7\u7eed\u4f7f\u7528\u672c\u7f51\u7ad9\u6216\u7ee7\u7eed\u4e0b\u8ba2\u5355\uff0c\u5219\u8868\u793a\u60a8\u63a5\u53d7\u4fee\u6539\u540e\u7684\u6761\u6b3e\u3002.<\/p>\n<hr class=\"wp-block-separator has-alpha-channel-opacity\" \/>\n<h3 class=\"wp-block-heading\">16.\u8054\u7cfb\u65b9\u5f0f<\/h3>\n\n<p>\u5982\u679c\u60a8\u5bf9\u8fd9\u4e9b\u6761\u6b3e\u6709\u4efb\u4f55\u7591\u95ee\uff0c\u8bf7\u8054\u7cfb\u6211\u4eec\uff1a<\/p>\n\n<p><strong>Mucco Sinyalteknik<\/strong><br \/>\u7535\u8bdd\uff1a+90 212 292 47 48+90 212 292 47 48<br \/>\u7535\u5b50\u90ae\u4ef6\uff1a <a>info@muccosignal.com<\/a><br \/>\u7f51\u7ad9\uff1a <a href=\"https:\/\/muccosignal.com\/zh\/\">https:\/\/muccosignal.com\/<\/a><\/p>\n\t\t\t\t\t\t\t\t<\/div>\n\t\t\t\t\t<\/div>\n\t\t\t\t<\/div>\n\t\t\t\t<\/div>","protected":false},"excerpt":{"rendered":"<p>Last updated: 03 December 2025 These Terms &amp; Conditions (\u201cTerms\u201d) govern your use of the website https:\/\/muccosignal.com\/ (the \u201cWebsite\u201d) and any purchase of products made through the Website. By accessing or using the Website, or by placing an order, you agree to be bound by these Terms. If you do not agree, you must not [&hellip;]<\/p>\n","protected":false},"author":1,"featured_media":0,"parent":0,"menu_order":0,"comment_status":"closed","ping_status":"closed","template":"","meta":{"content-type":"","footnotes":""},"class_list":["post-16226","page","type-page","status-publish","hentry"],"_links":{"self":[{"href":"https:\/\/muccosignal.com\/zh\/wp-json\/wp\/v2\/pages\/16226","targetHints":{"allow":["GET"]}}],"collection":[{"href":"https:\/\/muccosignal.com\/zh\/wp-json\/wp\/v2\/pages"}],"about":[{"href":"https:\/\/muccosignal.com\/zh\/wp-json\/wp\/v2\/types\/page"}],"author":[{"embeddable":true,"href":"https:\/\/muccosignal.com\/zh\/wp-json\/wp\/v2\/users\/1"}],"replies":[{"embeddable":true,"href":"https:\/\/muccosignal.com\/zh\/wp-json\/wp\/v2\/comments?post=16226"}],"version-history":[{"count":0,"href":"https:\/\/muccosignal.com\/zh\/wp-json\/wp\/v2\/pages\/16226\/revisions"}],"wp:attachment":[{"href":"https:\/\/muccosignal.com\/zh\/wp-json\/wp\/v2\/media?parent=16226"}],"curies":[{"name":"wp","href":"https:\/\/api.w.org\/{rel}","templated":true}]}}